{"id":3774,"date":"2023-09-20T17:36:35","date_gmt":"2023-09-20T22:36:35","guid":{"rendered":"http:\/\/192.168.30.195\/siarucayali\/?page_id=3774"},"modified":"2024-01-16T09:39:03","modified_gmt":"2024-01-16T14:39:03","slug":"estadisticas-regionales","status":"publish","type":"page","link":"https:\/\/siar.minam.gob.pe\/ucayali\/estadisticas-regionales\/","title":{"rendered":"Estad\u00edsticas Regionales"},"content":{"rendered":"\t\t<div data-elementor-type=\"wp-page\" data-elementor-id=\"3774\" class=\"elementor elementor-3774\" data-elementor-settings=\"[]\">\n\t\t\t\t\t\t\t<div class=\"elementor-section-wrap\">\n\t\t\t\t\t\t\t<section class=\"elementor-section elementor-top-section elementor-element elementor-element-7b36d69 elementor-section-height-min-height elementor-section-boxed elementor-section-height-default elementor-section-items-middle\" data-id=\"7b36d69\" data-element_type=\"section\" data-settings=\"{&quot;background_background&quot;:&quot;classic&quot;}\">\n\t\t\t\t\t\t\t<div class=\"elementor-background-overlay\"><\/div>\n\t\t\t\t\t\t\t<div class=\"elementor-container elementor-column-gap-default\">\n\t\t\t\t\t<div class=\"elementor-column elementor-col-100 elementor-top-column elementor-element elementor-element-bb62080\" data-id=\"bb62080\" data-element_type=\"column\">\n\t\t\t<div class=\"elementor-widget-wrap elementor-element-populated\">\n\t\t\t\t\t\t\t\t<div class=\"elementor-element elementor-element-d65391c elementor-align-center elementor-hidden-desktop elementor-hidden-tablet elementor-hidden-mobile elementor-widget elementor-widget-breadcrumbs\" data-id=\"d65391c\" data-element_type=\"widget\" data-widget_type=\"breadcrumbs.default\">\n\t\t\t\t<div class=\"elementor-widget-container\">\n\t\t\t<p id=\"breadcrumbs\"><span><span><a href=\"https:\/\/siar.minam.gob.pe\/ucayali\/\">Inicio<\/a><\/span><\/p>\t\t<\/div>\n\t\t\t\t<\/div>\n\t\t\t\t<div class=\"elementor-element elementor-element-ff304fb elementor-icon-list--layout-inline elementor-align-center elementor-list-item-link-full_width elementor-widget elementor-widget-icon-list\" data-id=\"ff304fb\" data-element_type=\"widget\" data-widget_type=\"icon-list.default\">\n\t\t\t\t<div class=\"elementor-widget-container\">\n\t\t\t\t\t<ul class=\"elementor-icon-list-items elementor-inline-items\">\n\t\t\t\t\t\t\t<li class=\"elementor-icon-list-item elementor-inline-item\">\n\t\t\t\t\t\t\t\t\t\t\t<a href=\"https:\/\/siar.minam.gob.pe\/ucayali\/\">\n\n\t\t\t\t\t\t\t\t\t\t\t<span class=\"elementor-icon-list-text\">Inicio<\/span>\n\t\t\t\t\t\t\t\t\t\t\t<\/a>\n\t\t\t\t\t\t\t\t\t<\/li>\n\t\t\t\t\t\t\t\t<li class=\"elementor-icon-list-item elementor-inline-item\">\n\t\t\t\t\t\t\t\t\t\t\t<span class=\"elementor-icon-list-icon\">\n\t\t\t\t\t\t\t<i aria-hidden=\"true\" class=\"fas fa-angle-right\"><\/i>\t\t\t\t\t\t<\/span>\n\t\t\t\t\t\t\t\t\t\t<span class=\"elementor-icon-list-text\">Estad\u00edsticas Regionales<\/span>\n\t\t\t\t\t\t\t\t\t<\/li>\n\t\t\t\t\t\t<\/ul>\n\t\t\t\t<\/div>\n\t\t\t\t<\/div>\n\t\t\t\t\t<\/div>\n\t\t<\/div>\n\t\t\t\t\t\t\t<\/div>\n\t\t<\/section>\n\t\t\t\t<section class=\"elementor-section elementor-top-section elementor-element elementor-element-4c9b0f3 elementor-section-boxed elementor-section-height-default elementor-section-height-default\" data-id=\"4c9b0f3\" data-element_type=\"section\">\n\t\t\t\t\t\t<div class=\"elementor-container elementor-column-gap-default\">\n\t\t\t\t\t<div class=\"elementor-column elementor-col-100 elementor-top-column elementor-element elementor-element-b45c696\" data-id=\"b45c696\" data-element_type=\"column\">\n\t\t\t<div class=\"elementor-widget-wrap elementor-element-populated\">\n\t\t\t\t\t\t\t\t<div class=\"elementor-element elementor-element-de2f59a elementor-widget elementor-widget-spacer\" data-id=\"de2f59a\" data-element_type=\"widget\" data-widget_type=\"spacer.default\">\n\t\t\t\t<div class=\"elementor-widget-container\">\n\t\t\t\t\t<div class=\"elementor-spacer\">\n\t\t\t<div class=\"elementor-spacer-inner\"><\/div>\n\t\t<\/div>\n\t\t\t\t<\/div>\n\t\t\t\t<\/div>\n\t\t\t\t<div class=\"elementor-element elementor-element-30fcfc8 elementor-widget elementor-widget-heading\" data-id=\"30fcfc8\" data-element_type=\"widget\" data-widget_type=\"heading.default\">\n\t\t\t\t<div class=\"elementor-widget-container\">\n\t\t\t<h3 class=\"elementor-heading-title elementor-size-default\">Estad\u00edsticas de Ucayali<\/h3>\t\t<\/div>\n\t\t\t\t<\/div>\n\t\t\t\t<div class=\"elementor-element elementor-element-84ca8e7 elementor-widget-divider--view-line elementor-widget elementor-widget-divider\" data-id=\"84ca8e7\" data-element_type=\"widget\" data-widget_type=\"divider.default\">\n\t\t\t\t<div class=\"elementor-widget-container\">\n\t\t\t\t\t<div class=\"elementor-divider\">\n\t\t\t<span class=\"elementor-divider-separator\">\n\t\t\t\t\t\t<\/span>\n\t\t<\/div>\n\t\t\t\t<\/div>\n\t\t\t\t<\/div>\n\t\t\t\t\t<\/div>\n\t\t<\/div>\n\t\t\t\t\t\t\t<\/div>\n\t\t<\/section>\n\t\t\t\t<section class=\"elementor-section elementor-top-section elementor-element elementor-element-30ad9a4 elementor-section-boxed elementor-section-height-default elementor-section-height-default\" data-id=\"30ad9a4\" data-element_type=\"section\">\n\t\t\t\t\t\t<div class=\"elementor-container elementor-column-gap-default\">\n\t\t\t\t\t<div class=\"elementor-column elementor-col-100 elementor-top-column elementor-element elementor-element-295a923\" data-id=\"295a923\" data-element_type=\"column\">\n\t\t\t<div class=\"elementor-widget-wrap elementor-element-populated\">\n\t\t\t\t\t\t\t\t<div class=\"elementor-element elementor-element-ecc806b elementor-widget elementor-widget-html\" data-id=\"ecc806b\" data-element_type=\"widget\" data-widget_type=\"html.default\">\n\t\t\t\t<div class=\"elementor-widget-container\">\n\t\t\t<iframe id=\"miIframe\" src=\"https:\/\/sinia-indicadores.web.app\/#\/estadisticas?region=25\" width=\"100%\" scrolling=\"no\" style=\"border: none;\"><\/iframe>\r\n\r\n<style>\r\n  @media screen and (min-width: 768px) and (max-width: 1200px) {\r\n    #miIframe {\r\n      height: 2400px;\r\n    }\r\n  }\r\n  @media screen and (min-width: 1201px) {\r\n    #miIframe {\r\n      height: 1800px;\r\n    }\r\n  }\r\n  @media screen and (max-width: 767px) {\r\n    #miIframe {\r\n      height: 3400px;\r\n    }\r\n  }\r\n<\/style>\r\n\t\t<\/div>\n\t\t\t\t<\/div>\n\t\t\t\t\t<\/div>\n\t\t<\/div>\n\t\t\t\t\t\t\t<\/div>\n\t\t<\/section>\n\t\t\t\t\t\t<\/div>\n\t\t\t\t\t<\/div>\n\t\t","protected":false},"excerpt":{"rendered":"<p>Inicio Estad\u00edsticas Regionales Estad\u00edsticas de Ucayali<\/p>\n","protected":false},"author":1,"featured_media":0,"parent":0,"menu_order":0,"comment_status":"closed","ping_status":"closed","template":"","meta":[],"yoast_head":"<!-- This site is optimized with the Yoast SEO plugin v18.3 - https:\/\/yoast.com\/wordpress\/plugins\/seo\/ -->\n<title>Estad\u00edsticas Regionales | SIAR Ucayali<\/title>\n<meta name=\"robots\" content=\"index, follow, max-snippet:-1, max-image-preview:large, max-video-preview:-1\" \/>\n<link rel=\"canonical\" href=\"https:\/\/siar.minam.gob.pe\/ucayali\/estadisticas-regionales\/\" \/>\n<meta property=\"og:locale\" content=\"es_ES\" \/>\n<meta property=\"og:type\" content=\"article\" \/>\n<meta property=\"og:title\" content=\"Estad\u00edsticas Regionales | SIAR Ucayali\" \/>\n<meta property=\"og:description\" content=\"Inicio Estad\u00edsticas Regionales Estad\u00edsticas de Ucayali\" \/>\n<meta property=\"og:url\" content=\"https:\/\/siar.minam.gob.pe\/ucayali\/estadisticas-regionales\/\" \/>\n<meta property=\"og:site_name\" content=\"SIAR Ucayali\" \/>\n<meta property=\"article:modified_time\" content=\"2024-01-16T14:39:03+00:00\" \/>\n<meta name=\"twitter:card\" content=\"summary_large_image\" \/>\n<meta name=\"twitter:label1\" content=\"Tiempo de lectura\" \/>\n\t<meta name=\"twitter:data1\" content=\"1 minuto\" \/>\n<script type=\"application\/ld+json\" class=\"yoast-schema-graph\">{\"@context\":\"https:\/\/schema.org\",\"@graph\":[{\"@type\":\"Organization\",\"@id\":\"https:\/\/siar.minam.gob.pe\/ucayali\/#organization\",\"name\":\"SIAR Ucayali\",\"url\":\"https:\/\/siar.minam.gob.pe\/ucayali\/\",\"sameAs\":[],\"logo\":{\"@type\":\"ImageObject\",\"@id\":\"https:\/\/siar.minam.gob.pe\/ucayali\/#logo\",\"inLanguage\":\"es\",\"url\":\"https:\/\/siar.minam.gob.pe\/ucayali\/wp-content\/uploads\/2023\/09\/cropped-cropped-logo-SIAR_1.png\",\"contentUrl\":\"https:\/\/siar.minam.gob.pe\/ucayali\/wp-content\/uploads\/2023\/09\/cropped-cropped-logo-SIAR_1.png\",\"width\":864,\"height\":276,\"caption\":\"SIAR Ucayali\"},\"image\":{\"@id\":\"https:\/\/siar.minam.gob.pe\/ucayali\/#logo\"}},{\"@type\":\"WebSite\",\"@id\":\"https:\/\/siar.minam.gob.pe\/ucayali\/#website\",\"url\":\"https:\/\/siar.minam.gob.pe\/ucayali\/\",\"name\":\"SIAR Ucayali\",\"description\":\"siar ucayali\",\"publisher\":{\"@id\":\"https:\/\/siar.minam.gob.pe\/ucayali\/#organization\"},\"potentialAction\":[{\"@type\":\"SearchAction\",\"target\":{\"@type\":\"EntryPoint\",\"urlTemplate\":\"https:\/\/siar.minam.gob.pe\/ucayali\/?s={search_term_string}\"},\"query-input\":\"required name=search_term_string\"}],\"inLanguage\":\"es\"},{\"@type\":\"WebPage\",\"@id\":\"https:\/\/siar.minam.gob.pe\/ucayali\/estadisticas-regionales\/#webpage\",\"url\":\"https:\/\/siar.minam.gob.pe\/ucayali\/estadisticas-regionales\/\",\"name\":\"Estad\u00edsticas Regionales | SIAR Ucayali\",\"isPartOf\":{\"@id\":\"https:\/\/siar.minam.gob.pe\/ucayali\/#website\"},\"datePublished\":\"2023-09-20T22:36:35+00:00\",\"dateModified\":\"2024-01-16T14:39:03+00:00\",\"breadcrumb\":{\"@id\":\"https:\/\/siar.minam.gob.pe\/ucayali\/estadisticas-regionales\/#breadcrumb\"},\"inLanguage\":\"es\",\"potentialAction\":[{\"@type\":\"ReadAction\",\"target\":[\"https:\/\/siar.minam.gob.pe\/ucayali\/estadisticas-regionales\/\"]}]},{\"@type\":\"BreadcrumbList\",\"@id\":\"https:\/\/siar.minam.gob.pe\/ucayali\/estadisticas-regionales\/#breadcrumb\",\"itemListElement\":[{\"@type\":\"ListItem\",\"position\":1,\"name\":\"Inicio\",\"item\":\"https:\/\/siar.minam.gob.pe\/ucayali\/\"},{\"@type\":\"ListItem\",\"position\":2,\"name\":\"Estad\u00edsticas Regionales\"}]}]}<\/script>\n<!-- \/ Yoast SEO plugin. -->","yoast_head_json":{"title":"Estad\u00edsticas Regionales | SIAR Ucayali","robots":{"index":"index","follow":"follow","max-snippet":"max-snippet:-1","max-image-preview":"max-image-preview:large","max-video-preview":"max-video-preview:-1"},"canonical":"https:\/\/siar.minam.gob.pe\/ucayali\/estadisticas-regionales\/","og_locale":"es_ES","og_type":"article","og_title":"Estad\u00edsticas Regionales | SIAR Ucayali","og_description":"Inicio Estad\u00edsticas Regionales Estad\u00edsticas de Ucayali","og_url":"https:\/\/siar.minam.gob.pe\/ucayali\/estadisticas-regionales\/","og_site_name":"SIAR Ucayali","article_modified_time":"2024-01-16T14:39:03+00:00","twitter_card":"summary_large_image","twitter_misc":{"Tiempo de lectura":"1 minuto"},"schema":{"@context":"https:\/\/schema.org","@graph":[{"@type":"Organization","@id":"https:\/\/siar.minam.gob.pe\/ucayali\/#organization","name":"SIAR Ucayali","url":"https:\/\/siar.minam.gob.pe\/ucayali\/","sameAs":[],"logo":{"@type":"ImageObject","@id":"https:\/\/siar.minam.gob.pe\/ucayali\/#logo","inLanguage":"es","url":"https:\/\/siar.minam.gob.pe\/ucayali\/wp-content\/uploads\/2023\/09\/cropped-cropped-logo-SIAR_1.png","contentUrl":"https:\/\/siar.minam.gob.pe\/ucayali\/wp-content\/uploads\/2023\/09\/cropped-cropped-logo-SIAR_1.png","width":864,"height":276,"caption":"SIAR Ucayali"},"image":{"@id":"https:\/\/siar.minam.gob.pe\/ucayali\/#logo"}},{"@type":"WebSite","@id":"https:\/\/siar.minam.gob.pe\/ucayali\/#website","url":"https:\/\/siar.minam.gob.pe\/ucayali\/","name":"SIAR Ucayali","description":"siar ucayali","publisher":{"@id":"https:\/\/siar.minam.gob.pe\/ucayali\/#organization"},"potentialAction":[{"@type":"SearchAction","target":{"@type":"EntryPoint","urlTemplate":"https:\/\/siar.minam.gob.pe\/ucayali\/?s={search_term_string}"},"query-input":"required name=search_term_string"}],"inLanguage":"es"},{"@type":"WebPage","@id":"https:\/\/siar.minam.gob.pe\/ucayali\/estadisticas-regionales\/#webpage","url":"https:\/\/siar.minam.gob.pe\/ucayali\/estadisticas-regionales\/","name":"Estad\u00edsticas Regionales | SIAR Ucayali","isPartOf":{"@id":"https:\/\/siar.minam.gob.pe\/ucayali\/#website"},"datePublished":"2023-09-20T22:36:35+00:00","dateModified":"2024-01-16T14:39:03+00:00","breadcrumb":{"@id":"https:\/\/siar.minam.gob.pe\/ucayali\/estadisticas-regionales\/#breadcrumb"},"inLanguage":"es","potentialAction":[{"@type":"ReadAction","target":["https:\/\/siar.minam.gob.pe\/ucayali\/estadisticas-regionales\/"]}]},{"@type":"BreadcrumbList","@id":"https:\/\/siar.minam.gob.pe\/ucayali\/estadisticas-regionales\/#breadcrumb","itemListElement":[{"@type":"ListItem","position":1,"name":"Inicio","item":"https:\/\/siar.minam.gob.pe\/ucayali\/"},{"@type":"ListItem","position":2,"name":"Estad\u00edsticas Regionales"}]}]}},"_links":{"self":[{"href":"https:\/\/siar.minam.gob.pe\/ucayali\/wp-json\/wp\/v2\/pages\/3774"}],"collection":[{"href":"https:\/\/siar.minam.gob.pe\/ucayali\/wp-json\/wp\/v2\/pages"}],"about":[{"href":"https:\/\/siar.minam.gob.pe\/ucayali\/wp-json\/wp\/v2\/types\/page"}],"author":[{"embeddable":true,"href":"https:\/\/siar.minam.gob.pe\/ucayali\/wp-json\/wp\/v2\/users\/1"}],"replies":[{"embeddable":true,"href":"https:\/\/siar.minam.gob.pe\/ucayali\/wp-json\/wp\/v2\/comments?post=3774"}],"version-history":[{"count":32,"href":"https:\/\/siar.minam.gob.pe\/ucayali\/wp-json\/wp\/v2\/pages\/3774\/revisions"}],"predecessor-version":[{"id":4275,"href":"https:\/\/siar.minam.gob.pe\/ucayali\/wp-json\/wp\/v2\/pages\/3774\/revisions\/4275"}],"wp:attachment":[{"href":"https:\/\/siar.minam.gob.pe\/ucayali\/wp-json\/wp\/v2\/media?parent=3774"}],"curies":[{"name":"wp","href":"https:\/\/api.w.org\/{rel}","templated":true}]}}