{"id":5326,"date":"2025-10-20T09:29:35","date_gmt":"2025-10-20T14:29:35","guid":{"rendered":"https:\/\/siar.minam.gob.pe\/tacna\/?page_id=5326"},"modified":"2025-10-29T09:54:19","modified_gmt":"2025-10-29T14:54:19","slug":"ecoeficiencia-institucional","status":"publish","type":"page","link":"https:\/\/siar.minam.gob.pe\/tacna\/ecoeficiencia-institucional\/","title":{"rendered":"Ecoeficiencia Institucional"},"content":{"rendered":"\t\t<div data-elementor-type=\"wp-page\" data-elementor-id=\"5326\" class=\"elementor elementor-5326\" data-elementor-settings=\"[]\">\n\t\t\t\t\t\t\t<div class=\"elementor-section-wrap\">\n\t\t\t\t\t\t\t<section class=\"elementor-section elementor-top-section elementor-element elementor-element-87ccbcc elementor-section-boxed elementor-section-height-default elementor-section-height-default\" data-id=\"87ccbcc\" data-element_type=\"section\">\n\t\t\t\t\t\t<div class=\"elementor-container elementor-column-gap-default\">\n\t\t\t\t\t<div class=\"elementor-column elementor-col-100 elementor-top-column elementor-element elementor-element-3e0f1d6\" data-id=\"3e0f1d6\" data-element_type=\"column\" data-settings=\"{&quot;background_background&quot;:&quot;classic&quot;}\">\n\t\t\t<div class=\"elementor-widget-wrap elementor-element-populated\">\n\t\t\t\t\t\t\t\t<div class=\"elementor-element elementor-element-f2a1e0c elementor-widget elementor-widget-spacer\" data-id=\"f2a1e0c\" data-element_type=\"widget\" data-widget_type=\"spacer.default\">\n\t\t\t\t<div class=\"elementor-widget-container\">\n\t\t\t\t\t<div class=\"elementor-spacer\">\n\t\t\t<div class=\"elementor-spacer-inner\"><\/div>\n\t\t<\/div>\n\t\t\t\t<\/div>\n\t\t\t\t<\/div>\n\t\t\t\t\t<\/div>\n\t\t<\/div>\n\t\t\t\t\t\t\t<\/div>\n\t\t<\/section>\n\t\t\t\t<section class=\"elementor-section elementor-top-section elementor-element elementor-element-134f36a elementor-section-boxed elementor-section-height-default elementor-section-height-default\" data-id=\"134f36a\" data-element_type=\"section\">\n\t\t\t\t\t\t<div class=\"elementor-container elementor-column-gap-default\">\n\t\t\t\t\t<div class=\"elementor-column elementor-col-100 elementor-top-column elementor-element elementor-element-5a2a10b\" data-id=\"5a2a10b\" data-element_type=\"column\">\n\t\t\t<div class=\"elementor-widget-wrap elementor-element-populated\">\n\t\t\t\t\t\t\t\t<div class=\"elementor-element elementor-element-eb88af4 elementor-hidden-tablet elementor-hidden-mobile elementor-widget elementor-widget-spacer\" data-id=\"eb88af4\" data-element_type=\"widget\" data-widget_type=\"spacer.default\">\n\t\t\t\t<div class=\"elementor-widget-container\">\n\t\t\t\t\t<div class=\"elementor-spacer\">\n\t\t\t<div class=\"elementor-spacer-inner\"><\/div>\n\t\t<\/div>\n\t\t\t\t<\/div>\n\t\t\t\t<\/div>\n\t\t\t\t\t<\/div>\n\t\t<\/div>\n\t\t\t\t\t\t\t<\/div>\n\t\t<\/section>\n\t\t\t\t<section class=\"elementor-section elementor-top-section elementor-element elementor-element-ab84418 elementor-section-boxed elementor-section-height-default elementor-section-height-default\" data-id=\"ab84418\" data-element_type=\"section\">\n\t\t\t\t\t\t<div class=\"elementor-container elementor-column-gap-default\">\n\t\t\t\t\t<div class=\"elementor-column elementor-col-100 elementor-top-column elementor-element elementor-element-b421cb4\" data-id=\"b421cb4\" data-element_type=\"column\">\n\t\t\t<div class=\"elementor-widget-wrap elementor-element-populated\">\n\t\t\t\t\t\t\t\t<section class=\"elementor-section elementor-inner-section elementor-element elementor-element-53ef930 elementor-section-boxed elementor-section-height-default elementor-section-height-default\" data-id=\"53ef930\" data-element_type=\"section\">\n\t\t\t\t\t\t<div class=\"elementor-container elementor-column-gap-default\">\n\t\t\t\t\t<div class=\"elementor-column elementor-col-50 elementor-inner-column elementor-element elementor-element-701f1e8\" data-id=\"701f1e8\" data-element_type=\"column\">\n\t\t\t<div class=\"elementor-widget-wrap elementor-element-populated\">\n\t\t\t\t\t\t\t\t<div class=\"elementor-element elementor-element-f222bb7 elementor-widget elementor-widget-heading\" data-id=\"f222bb7\" data-element_type=\"widget\" data-widget_type=\"heading.default\">\n\t\t\t\t<div class=\"elementor-widget-container\">\n\t\t\t<h2 class=\"elementor-heading-title elementor-size-default\">Plan de Ecoeficiencia Institucional<\/h2>\t\t<\/div>\n\t\t\t\t<\/div>\n\t\t\t\t<div class=\"elementor-element elementor-element-2fce919 elementor-widget elementor-widget-text-editor\" data-id=\"2fce919\" data-element_type=\"widget\" data-widget_type=\"text-editor.default\">\n\t\t\t\t<div class=\"elementor-widget-container\">\n\t\t\t\t\t\t\t<p>El Plan de Ecoeficiencia Institucional de la Unidad Ejecutora 001 del Gobierno Regional de Tacna constituye un instrumento de planificaci\u00f3n que establece lineamientos, metas y acciones orientadas a promover un modelo de gesti\u00f3n p\u00fablica moderna y sostenible. Este plan se encuentra alineado con las pol\u00edticas y normas nacionales vigentes en materia ambiental, asegurando coherencia con los objetivos del Sistema Nacional de Gesti\u00f3n Ambiental y con las directivas del Ministerio del Ambiente. El Plan, ha sido desarrollado para tres (03) a\u00f1os, utiliz\u00e1ndose como l\u00ednea base el periodo julio 2024 a junio 2025 del Diagn\u00f3stico de Ecoeficiencia.<\/p><p>Aprobado mediante <strong><a href=\"https:\/\/siar.minam.gob.pe\/tacna\/normatividad\/?nid=323698\">Resoluci\u00f3n Gerencial General Regional N\u00b0 468-2025-GGR\/GOB.REG.TACNA<\/a><\/strong>.<\/p>\t\t\t\t\t\t<\/div>\n\t\t\t\t<\/div>\n\t\t\t\t<div class=\"elementor-element elementor-element-c89b471 elementor-align-center elementor-widget elementor-widget-button\" data-id=\"c89b471\" data-element_type=\"widget\" data-widget_type=\"button.default\">\n\t\t\t\t<div class=\"elementor-widget-container\">\n\t\t\t\t\t<div class=\"elementor-button-wrapper\">\n\t\t\t<a href=\"https:\/\/sinia.minam.gob.pe\/sites\/default\/files\/archivos\/public\/docs\/PLAN%20DE%20ECOEFICIENCIA%20INSTITUCIONAL%20GORE%20TACNA%202026-2028.pdf\" target=\"_blank\" class=\"elementor-button-link elementor-button elementor-size-sm\" role=\"button\">\n\t\t\t\t\t\t<span class=\"elementor-button-content-wrapper\">\n\t\t\t\t\t\t<span class=\"elementor-button-icon elementor-align-icon-right\">\n\t\t\t\t<i aria-hidden=\"true\" class=\"fas fa-file-pdf\"><\/i>\t\t\t<\/span>\n\t\t\t\t\t\t<span class=\"elementor-button-text\">Plan<\/span>\n\t\t<\/span>\n\t\t\t\t\t<\/a>\n\t\t<\/div>\n\t\t\t\t<\/div>\n\t\t\t\t<\/div>\n\t\t\t\t<div class=\"elementor-element elementor-element-3d7d8b9 elementor-align-center elementor-widget elementor-widget-button\" data-id=\"3d7d8b9\" data-element_type=\"widget\" data-widget_type=\"button.default\">\n\t\t\t\t<div class=\"elementor-widget-container\">\n\t\t\t\t\t<div class=\"elementor-button-wrapper\">\n\t\t\t<a href=\"https:\/\/sinia.minam.gob.pe\/sites\/default\/files\/archivos\/public\/docs\/RGGR%20N%C2%B0468-2025-GGR%20PLAN%20ECOEFICIENCIA.pdf\" target=\"_blank\" class=\"elementor-button-link elementor-button elementor-size-sm\" role=\"button\">\n\t\t\t\t\t\t<span class=\"elementor-button-content-wrapper\">\n\t\t\t\t\t\t<span class=\"elementor-button-icon elementor-align-icon-right\">\n\t\t\t\t<i aria-hidden=\"true\" class=\"fas fa-file-pdf\"><\/i>\t\t\t<\/span>\n\t\t\t\t\t\t<span class=\"elementor-button-text\">Resoluci\u00f3n<\/span>\n\t\t<\/span>\n\t\t\t\t\t<\/a>\n\t\t<\/div>\n\t\t\t\t<\/div>\n\t\t\t\t<\/div>\n\t\t\t\t\t<\/div>\n\t\t<\/div>\n\t\t\t\t<div class=\"elementor-column elementor-col-50 elementor-inner-column elementor-element elementor-element-834a825 elementor-hidden-mobile\" data-id=\"834a825\" data-element_type=\"column\">\n\t\t\t<div class=\"elementor-widget-wrap elementor-element-populated\">\n\t\t\t\t\t\t\t\t<div class=\"elementor-element elementor-element-d9d7fc1 elementor-widget elementor-widget-image\" data-id=\"d9d7fc1\" data-element_type=\"widget\" data-widget_type=\"image.default\">\n\t\t\t\t<div class=\"elementor-widget-container\">\n\t\t\t\t\t\t\t\t\t\t\t\t\t\t\t<img width=\"369\" height=\"442\" src=\"https:\/\/siar.minam.gob.pe\/tacna\/wp-content\/uploads\/2025\/10\/Imagen-ecoreferencial.jpg\" class=\"attachment-large size-large\" alt=\"\" loading=\"lazy\" srcset=\"https:\/\/siar.minam.gob.pe\/tacna\/wp-content\/uploads\/2025\/10\/Imagen-ecoreferencial.jpg 369w, https:\/\/siar.minam.gob.pe\/tacna\/wp-content\/uploads\/2025\/10\/Imagen-ecoreferencial-250x300.jpg 250w\" sizes=\"(max-width: 369px) 100vw, 369px\" \/>\t\t\t\t\t\t\t\t\t\t\t\t\t\t\t<\/div>\n\t\t\t\t<\/div>\n\t\t\t\t\t<\/div>\n\t\t<\/div>\n\t\t\t\t\t\t\t<\/div>\n\t\t<\/section>\n\t\t\t\t\t<\/div>\n\t\t<\/div>\n\t\t\t\t\t\t\t<\/div>\n\t\t<\/section>\n\t\t\t\t<section class=\"elementor-section elementor-top-section elementor-element elementor-element-ba37087 elementor-section-boxed elementor-section-height-default elementor-section-height-default\" data-id=\"ba37087\" data-element_type=\"section\" data-settings=\"{&quot;background_background&quot;:&quot;classic&quot;}\">\n\t\t\t\t\t\t<div class=\"elementor-container elementor-column-gap-default\">\n\t\t\t\t\t<div class=\"elementor-column elementor-col-100 elementor-top-column elementor-element elementor-element-9483ae3\" data-id=\"9483ae3\" data-element_type=\"column\">\n\t\t\t<div class=\"elementor-widget-wrap elementor-element-populated\">\n\t\t\t\t\t\t\t\t<div class=\"elementor-element elementor-element-af54b20 elementor-widget elementor-widget-heading\" data-id=\"af54b20\" data-element_type=\"widget\" data-widget_type=\"heading.default\">\n\t\t\t\t<div class=\"elementor-widget-container\">\n\t\t\t<h2 class=\"elementor-heading-title elementor-size-default\">Indicadores<\/h2>\t\t<\/div>\n\t\t\t\t<\/div>\n\t\t\t\t<div class=\"elementor-element elementor-element-fb81e80 elementor-widget-divider--view-line elementor-widget elementor-widget-divider\" data-id=\"fb81e80\" data-element_type=\"widget\" data-widget_type=\"divider.default\">\n\t\t\t\t<div class=\"elementor-widget-container\">\n\t\t\t\t\t<div class=\"elementor-divider\">\n\t\t\t<span class=\"elementor-divider-separator\">\n\t\t\t\t\t\t<\/span>\n\t\t<\/div>\n\t\t\t\t<\/div>\n\t\t\t\t<\/div>\n\t\t\t\t\t<\/div>\n\t\t<\/div>\n\t\t\t\t\t\t\t<\/div>\n\t\t<\/section>\n\t\t\t\t<section class=\"elementor-section elementor-top-section elementor-element elementor-element-45cb728 elementor-section-boxed elementor-section-height-default elementor-section-height-default\" data-id=\"45cb728\" data-element_type=\"section\" data-settings=\"{&quot;background_background&quot;:&quot;classic&quot;}\">\n\t\t\t\t\t\t<div class=\"elementor-container elementor-column-gap-default\">\n\t\t\t\t\t<div class=\"elementor-column elementor-col-100 elementor-top-column elementor-element elementor-element-811d55b\" data-id=\"811d55b\" data-element_type=\"column\">\n\t\t\t<div class=\"elementor-widget-wrap elementor-element-populated\">\n\t\t\t\t\t\t\t\t<div class=\"elementor-element elementor-element-02655c3 elementor-widget elementor-widget-html\" data-id=\"02655c3\" data-element_type=\"widget\" data-widget_type=\"html.default\">\n\t\t\t\t<div class=\"elementor-widget-container\">\n\t\t\t<div class=\"looker-studio-container\">\r\n    <iframe src=\"https:\/\/lookerstudio.google.com\/embed\/reporting\/bef8e6a6-7779-4b02-9d0a-fef9421d1c76\/page\/XHqaF\" frameborder=\"0\" style=\"border:0\" allowfullscreen sandbox=\"allow-storage-access-by-user-activation allow-scripts allow-same-origin allow-popups allow-popups-to-escape-sandbox\"><\/iframe>\r\n<\/div>\t\t<\/div>\n\t\t\t\t<\/div>\n\t\t\t\t\t<\/div>\n\t\t<\/div>\n\t\t\t\t\t\t\t<\/div>\n\t\t<\/section>\n\t\t\t\t<section class=\"elementor-section elementor-top-section elementor-element elementor-element-9457066 elementor-section-boxed elementor-section-height-default elementor-section-height-default\" data-id=\"9457066\" data-element_type=\"section\">\n\t\t\t\t\t\t<div class=\"elementor-container elementor-column-gap-default\">\n\t\t\t\t\t<div class=\"elementor-column elementor-col-100 elementor-top-column elementor-element elementor-element-14a447d\" data-id=\"14a447d\" data-element_type=\"column\">\n\t\t\t<div class=\"elementor-widget-wrap elementor-element-populated\">\n\t\t\t\t\t\t\t\t<div class=\"elementor-element elementor-element-465363c elementor-widget elementor-widget-spacer\" data-id=\"465363c\" data-element_type=\"widget\" data-widget_type=\"spacer.default\">\n\t\t\t\t<div class=\"elementor-widget-container\">\n\t\t\t\t\t<div class=\"elementor-spacer\">\n\t\t\t<div class=\"elementor-spacer-inner\"><\/div>\n\t\t<\/div>\n\t\t\t\t<\/div>\n\t\t\t\t<\/div>\n\t\t\t\t\t<\/div>\n\t\t<\/div>\n\t\t\t\t\t\t\t<\/div>\n\t\t<\/section>\n\t\t\t\t\t\t<\/div>\n\t\t\t\t\t<\/div>\n\t\t","protected":false},"excerpt":{"rendered":"<p>Plan de Ecoeficiencia Institucional El Plan de Ecoeficiencia Institucional de la Unidad Ejecutora 001 del Gobierno Regional de Tacna constituye un instrumento de planificaci\u00f3n que establece lineamientos, metas y acciones orientadas a promover un modelo de gesti\u00f3n p\u00fablica moderna y sostenible. Este plan se encuentra alineado con las pol\u00edticas y normas nacionales vigentes en materia [&hellip;]<\/p>\n","protected":false},"author":3,"featured_media":0,"parent":0,"menu_order":0,"comment_status":"closed","ping_status":"closed","template":"","meta":[],"yoast_head":"<!-- This site is optimized with the Yoast SEO plugin v18.3 - https:\/\/yoast.com\/wordpress\/plugins\/seo\/ -->\n<title>Ecoeficiencia Institucional | SIAR Tacna<\/title>\n<meta name=\"robots\" content=\"index, follow, max-snippet:-1, max-image-preview:large, max-video-preview:-1\" \/>\n<link rel=\"canonical\" href=\"https:\/\/siar.minam.gob.pe\/tacna\/ecoeficiencia-institucional\/\" \/>\n<meta property=\"og:locale\" content=\"es_ES\" \/>\n<meta property=\"og:type\" content=\"article\" \/>\n<meta property=\"og:title\" content=\"Ecoeficiencia Institucional | SIAR Tacna\" \/>\n<meta property=\"og:description\" content=\"Plan de Ecoeficiencia Institucional El Plan de Ecoeficiencia Institucional de la Unidad Ejecutora 001 del Gobierno Regional de Tacna constituye un instrumento de planificaci\u00f3n que establece lineamientos, metas y acciones orientadas a promover un modelo de gesti\u00f3n p\u00fablica moderna y sostenible. Este plan se encuentra alineado con las pol\u00edticas y normas nacionales vigentes en materia [&hellip;]\" \/>\n<meta property=\"og:url\" content=\"https:\/\/siar.minam.gob.pe\/tacna\/ecoeficiencia-institucional\/\" \/>\n<meta property=\"og:site_name\" content=\"SIAR Tacna\" \/>\n<meta property=\"article:modified_time\" content=\"2025-10-29T14:54:19+00:00\" \/>\n<meta property=\"og:image\" content=\"https:\/\/siar.minam.gob.pe\/tacna\/wp-content\/uploads\/2025\/10\/Imagen-ecoreferencial.jpg\" \/>\n<meta name=\"twitter:card\" content=\"summary_large_image\" \/>\n<meta name=\"twitter:label1\" content=\"Tiempo de lectura\" \/>\n\t<meta name=\"twitter:data1\" content=\"1 minuto\" \/>\n<script type=\"application\/ld+json\" class=\"yoast-schema-graph\">{\"@context\":\"https:\/\/schema.org\",\"@graph\":[{\"@type\":\"Organization\",\"@id\":\"https:\/\/siar.minam.gob.pe\/tacna\/#organization\",\"name\":\"SIAR Tacna\",\"url\":\"https:\/\/siar.minam.gob.pe\/tacna\/\",\"sameAs\":[],\"logo\":{\"@type\":\"ImageObject\",\"@id\":\"https:\/\/siar.minam.gob.pe\/tacna\/#logo\",\"inLanguage\":\"es\",\"url\":\"https:\/\/siar.minam.gob.pe\/tacna\/wp-content\/uploads\/2023\/12\/cropped-cropped-logo-SIAR_1.png\",\"contentUrl\":\"https:\/\/siar.minam.gob.pe\/tacna\/wp-content\/uploads\/2023\/12\/cropped-cropped-logo-SIAR_1.png\",\"width\":864,\"height\":313,\"caption\":\"SIAR Tacna\"},\"image\":{\"@id\":\"https:\/\/siar.minam.gob.pe\/tacna\/#logo\"}},{\"@type\":\"WebSite\",\"@id\":\"https:\/\/siar.minam.gob.pe\/tacna\/#website\",\"url\":\"https:\/\/siar.minam.gob.pe\/tacna\/\",\"name\":\"SIAR Tacna\",\"description\":\"siar tacna\",\"publisher\":{\"@id\":\"https:\/\/siar.minam.gob.pe\/tacna\/#organization\"},\"potentialAction\":[{\"@type\":\"SearchAction\",\"target\":{\"@type\":\"EntryPoint\",\"urlTemplate\":\"https:\/\/siar.minam.gob.pe\/tacna\/?s={search_term_string}\"},\"query-input\":\"required name=search_term_string\"}],\"inLanguage\":\"es\"},{\"@type\":\"ImageObject\",\"@id\":\"https:\/\/siar.minam.gob.pe\/tacna\/ecoeficiencia-institucional\/#primaryimage\",\"inLanguage\":\"es\",\"url\":\"https:\/\/siar.minam.gob.pe\/tacna\/wp-content\/uploads\/2025\/10\/Imagen-ecoreferencial.jpg\",\"contentUrl\":\"https:\/\/siar.minam.gob.pe\/tacna\/wp-content\/uploads\/2025\/10\/Imagen-ecoreferencial.jpg\",\"width\":369,\"height\":442},{\"@type\":\"WebPage\",\"@id\":\"https:\/\/siar.minam.gob.pe\/tacna\/ecoeficiencia-institucional\/#webpage\",\"url\":\"https:\/\/siar.minam.gob.pe\/tacna\/ecoeficiencia-institucional\/\",\"name\":\"Ecoeficiencia Institucional | SIAR Tacna\",\"isPartOf\":{\"@id\":\"https:\/\/siar.minam.gob.pe\/tacna\/#website\"},\"primaryImageOfPage\":{\"@id\":\"https:\/\/siar.minam.gob.pe\/tacna\/ecoeficiencia-institucional\/#primaryimage\"},\"datePublished\":\"2025-10-20T14:29:35+00:00\",\"dateModified\":\"2025-10-29T14:54:19+00:00\",\"breadcrumb\":{\"@id\":\"https:\/\/siar.minam.gob.pe\/tacna\/ecoeficiencia-institucional\/#breadcrumb\"},\"inLanguage\":\"es\",\"potentialAction\":[{\"@type\":\"ReadAction\",\"target\":[\"https:\/\/siar.minam.gob.pe\/tacna\/ecoeficiencia-institucional\/\"]}]},{\"@type\":\"BreadcrumbList\",\"@id\":\"https:\/\/siar.minam.gob.pe\/tacna\/ecoeficiencia-institucional\/#breadcrumb\",\"itemListElement\":[{\"@type\":\"ListItem\",\"position\":1,\"name\":\"Inicio\",\"item\":\"https:\/\/siar.minam.gob.pe\/tacna\/\"},{\"@type\":\"ListItem\",\"position\":2,\"name\":\"Ecoeficiencia Institucional\"}]}]}<\/script>\n<!-- \/ Yoast SEO plugin. -->","yoast_head_json":{"title":"Ecoeficiencia Institucional | SIAR Tacna","robots":{"index":"index","follow":"follow","max-snippet":"max-snippet:-1","max-image-preview":"max-image-preview:large","max-video-preview":"max-video-preview:-1"},"canonical":"https:\/\/siar.minam.gob.pe\/tacna\/ecoeficiencia-institucional\/","og_locale":"es_ES","og_type":"article","og_title":"Ecoeficiencia Institucional | SIAR Tacna","og_description":"Plan de Ecoeficiencia Institucional El Plan de Ecoeficiencia Institucional de la Unidad Ejecutora 001 del Gobierno Regional de Tacna constituye un instrumento de planificaci\u00f3n que establece lineamientos, metas y acciones orientadas a promover un modelo de gesti\u00f3n p\u00fablica moderna y sostenible. Este plan se encuentra alineado con las pol\u00edticas y normas nacionales vigentes en materia [&hellip;]","og_url":"https:\/\/siar.minam.gob.pe\/tacna\/ecoeficiencia-institucional\/","og_site_name":"SIAR Tacna","article_modified_time":"2025-10-29T14:54:19+00:00","og_image":[{"url":"https:\/\/siar.minam.gob.pe\/tacna\/wp-content\/uploads\/2025\/10\/Imagen-ecoreferencial.jpg"}],"twitter_card":"summary_large_image","twitter_misc":{"Tiempo de lectura":"1 minuto"},"schema":{"@context":"https:\/\/schema.org","@graph":[{"@type":"Organization","@id":"https:\/\/siar.minam.gob.pe\/tacna\/#organization","name":"SIAR Tacna","url":"https:\/\/siar.minam.gob.pe\/tacna\/","sameAs":[],"logo":{"@type":"ImageObject","@id":"https:\/\/siar.minam.gob.pe\/tacna\/#logo","inLanguage":"es","url":"https:\/\/siar.minam.gob.pe\/tacna\/wp-content\/uploads\/2023\/12\/cropped-cropped-logo-SIAR_1.png","contentUrl":"https:\/\/siar.minam.gob.pe\/tacna\/wp-content\/uploads\/2023\/12\/cropped-cropped-logo-SIAR_1.png","width":864,"height":313,"caption":"SIAR Tacna"},"image":{"@id":"https:\/\/siar.minam.gob.pe\/tacna\/#logo"}},{"@type":"WebSite","@id":"https:\/\/siar.minam.gob.pe\/tacna\/#website","url":"https:\/\/siar.minam.gob.pe\/tacna\/","name":"SIAR Tacna","description":"siar tacna","publisher":{"@id":"https:\/\/siar.minam.gob.pe\/tacna\/#organization"},"potentialAction":[{"@type":"SearchAction","target":{"@type":"EntryPoint","urlTemplate":"https:\/\/siar.minam.gob.pe\/tacna\/?s={search_term_string}"},"query-input":"required name=search_term_string"}],"inLanguage":"es"},{"@type":"ImageObject","@id":"https:\/\/siar.minam.gob.pe\/tacna\/ecoeficiencia-institucional\/#primaryimage","inLanguage":"es","url":"https:\/\/siar.minam.gob.pe\/tacna\/wp-content\/uploads\/2025\/10\/Imagen-ecoreferencial.jpg","contentUrl":"https:\/\/siar.minam.gob.pe\/tacna\/wp-content\/uploads\/2025\/10\/Imagen-ecoreferencial.jpg","width":369,"height":442},{"@type":"WebPage","@id":"https:\/\/siar.minam.gob.pe\/tacna\/ecoeficiencia-institucional\/#webpage","url":"https:\/\/siar.minam.gob.pe\/tacna\/ecoeficiencia-institucional\/","name":"Ecoeficiencia Institucional | SIAR Tacna","isPartOf":{"@id":"https:\/\/siar.minam.gob.pe\/tacna\/#website"},"primaryImageOfPage":{"@id":"https:\/\/siar.minam.gob.pe\/tacna\/ecoeficiencia-institucional\/#primaryimage"},"datePublished":"2025-10-20T14:29:35+00:00","dateModified":"2025-10-29T14:54:19+00:00","breadcrumb":{"@id":"https:\/\/siar.minam.gob.pe\/tacna\/ecoeficiencia-institucional\/#breadcrumb"},"inLanguage":"es","potentialAction":[{"@type":"ReadAction","target":["https:\/\/siar.minam.gob.pe\/tacna\/ecoeficiencia-institucional\/"]}]},{"@type":"BreadcrumbList","@id":"https:\/\/siar.minam.gob.pe\/tacna\/ecoeficiencia-institucional\/#breadcrumb","itemListElement":[{"@type":"ListItem","position":1,"name":"Inicio","item":"https:\/\/siar.minam.gob.pe\/tacna\/"},{"@type":"ListItem","position":2,"name":"Ecoeficiencia Institucional"}]}]}},"_links":{"self":[{"href":"https:\/\/siar.minam.gob.pe\/tacna\/wp-json\/wp\/v2\/pages\/5326"}],"collection":[{"href":"https:\/\/siar.minam.gob.pe\/tacna\/wp-json\/wp\/v2\/pages"}],"about":[{"href":"https:\/\/siar.minam.gob.pe\/tacna\/wp-json\/wp\/v2\/types\/page"}],"author":[{"embeddable":true,"href":"https:\/\/siar.minam.gob.pe\/tacna\/wp-json\/wp\/v2\/users\/3"}],"replies":[{"embeddable":true,"href":"https:\/\/siar.minam.gob.pe\/tacna\/wp-json\/wp\/v2\/comments?post=5326"}],"version-history":[{"count":67,"href":"https:\/\/siar.minam.gob.pe\/tacna\/wp-json\/wp\/v2\/pages\/5326\/revisions"}],"predecessor-version":[{"id":5458,"href":"https:\/\/siar.minam.gob.pe\/tacna\/wp-json\/wp\/v2\/pages\/5326\/revisions\/5458"}],"wp:attachment":[{"href":"https:\/\/siar.minam.gob.pe\/tacna\/wp-json\/wp\/v2\/media?parent=5326"}],"curies":[{"name":"wp","href":"https:\/\/api.w.org\/{rel}","templated":true}]}}