{"id":5299,"date":"2025-10-14T16:35:04","date_gmt":"2025-10-14T21:35:04","guid":{"rendered":"https:\/\/siar.minam.gob.pe\/tacna\/?page_id=5299"},"modified":"2025-10-24T15:24:55","modified_gmt":"2025-10-24T20:24:55","slug":"informacion-provincial","status":"publish","type":"page","link":"https:\/\/siar.minam.gob.pe\/tacna\/informacion-provincial\/","title":{"rendered":"Informaci\u00f3n Provincial"},"content":{"rendered":"\t\t<div data-elementor-type=\"wp-page\" data-elementor-id=\"5299\" class=\"elementor elementor-5299\" data-elementor-settings=\"[]\">\n\t\t\t\t\t\t\t<div class=\"elementor-section-wrap\">\n\t\t\t\t\t\t\t<section class=\"elementor-section elementor-top-section elementor-element elementor-element-5d65a4d elementor-section-height-min-height elementor-section-boxed elementor-section-height-default elementor-section-items-middle\" data-id=\"5d65a4d\" data-element_type=\"section\" data-settings=\"{&quot;background_background&quot;:&quot;classic&quot;}\">\n\t\t\t\t\t\t\t<div class=\"elementor-background-overlay\"><\/div>\n\t\t\t\t\t\t\t<div class=\"elementor-container elementor-column-gap-default\">\n\t\t\t\t\t<div class=\"elementor-column elementor-col-100 elementor-top-column elementor-element elementor-element-201d721\" data-id=\"201d721\" data-element_type=\"column\" data-settings=\"{&quot;background_background&quot;:&quot;classic&quot;}\">\n\t\t\t<div class=\"elementor-widget-wrap elementor-element-populated\">\n\t\t\t\t\t\t\t\t<div class=\"elementor-element elementor-element-acefe5a elementor-widget elementor-widget-heading\" data-id=\"acefe5a\" data-element_type=\"widget\" data-widget_type=\"heading.default\">\n\t\t\t\t<div class=\"elementor-widget-container\">\n\t\t\t<h3 class=\"elementor-heading-title elementor-size-default\">Informaci\u00f3n Provincial<\/h3>\t\t<\/div>\n\t\t\t\t<\/div>\n\t\t\t\t<div class=\"elementor-element elementor-element-6c1075c elementor-icon-list--layout-inline elementor-align-center elementor-list-item-link-full_width elementor-widget elementor-widget-icon-list\" data-id=\"6c1075c\" data-element_type=\"widget\" data-widget_type=\"icon-list.default\">\n\t\t\t\t<div class=\"elementor-widget-container\">\n\t\t\t\t\t<ul class=\"elementor-icon-list-items elementor-inline-items\">\n\t\t\t\t\t\t\t<li class=\"elementor-icon-list-item elementor-inline-item\">\n\t\t\t\t\t\t\t\t\t\t\t<a href=\"https:\/\/siar.minam.gob.pe\/tacna\/\">\n\n\t\t\t\t\t\t\t\t\t\t\t<span class=\"elementor-icon-list-text\">Inicio<\/span>\n\t\t\t\t\t\t\t\t\t\t\t<\/a>\n\t\t\t\t\t\t\t\t\t<\/li>\n\t\t\t\t\t\t\t\t<li class=\"elementor-icon-list-item elementor-inline-item\">\n\t\t\t\t\t\t\t\t\t\t\t<span class=\"elementor-icon-list-icon\">\n\t\t\t\t\t\t\t<i aria-hidden=\"true\" class=\"fas fa-angle-right\"><\/i>\t\t\t\t\t\t<\/span>\n\t\t\t\t\t\t\t\t\t\t<span class=\"elementor-icon-list-text\">Provincial<\/span>\n\t\t\t\t\t\t\t\t\t<\/li>\n\t\t\t\t\t\t<\/ul>\n\t\t\t\t<\/div>\n\t\t\t\t<\/div>\n\t\t\t\t\t<\/div>\n\t\t<\/div>\n\t\t\t\t\t\t\t<\/div>\n\t\t<\/section>\n\t\t\t\t<section class=\"elementor-section elementor-top-section elementor-element elementor-element-a17c362 elementor-section-boxed elementor-section-height-default elementor-section-height-default\" data-id=\"a17c362\" data-element_type=\"section\">\n\t\t\t\t\t\t<div class=\"elementor-container elementor-column-gap-default\">\n\t\t\t\t\t<div class=\"elementor-column elementor-col-100 elementor-top-column elementor-element elementor-element-7837cc0\" data-id=\"7837cc0\" data-element_type=\"column\">\n\t\t\t<div class=\"elementor-widget-wrap elementor-element-populated\">\n\t\t\t\t\t\t\t\t<div class=\"elementor-element elementor-element-b1c623c elementor-widget elementor-widget-text-editor\" data-id=\"b1c623c\" data-element_type=\"widget\" data-widget_type=\"text-editor.default\">\n\t\t\t\t<div class=\"elementor-widget-container\">\n\t\t\t\t\t\t\t<p><strong>Sistema de Informaci\u00f3n Ambiental Local &#8211; SIAL<\/strong><\/p><p><strong>Regi\u00f3n Tacna<\/strong><\/p>\t\t\t\t\t\t<\/div>\n\t\t\t\t<\/div>\n\t\t\t\t<div class=\"elementor-element elementor-element-11bebe0 elementor-widget elementor-widget-html\" data-id=\"11bebe0\" data-element_type=\"widget\" data-widget_type=\"html.default\">\n\t\t\t\t<div class=\"elementor-widget-container\">\n\t\t\t  <!-- Leaflet -->\r\n  <link rel=\"stylesheet\" href=\"https:\/\/unpkg.com\/leaflet@1.9.4\/dist\/leaflet.css\" \/>\r\n  \r\n  <div id=\"map\"><\/div>\r\n\r\n  <script src=\"https:\/\/unpkg.com\/leaflet@1.9.4\/dist\/leaflet.js\"><\/script>\r\n  <script>\r\n    \/\/ GeoJSON de provincias de Tacna\r\n    const provinciasTacna = {\r\n      \"type\":\"FeatureCollection\",\r\n      \"name\":\"ProvinciasTacna\",\r\n      \"features\":[\r\n        {\"type\":\"Feature\",\"properties\":{\"NOMBPROV\":\"CANDARAVE\",\"FIRST_FECH\":\"05\/02\/1875\",\"ha\":232161.57,\"ENLACE\":\"https:\/\/siar.minam.gob.pe\/tacna\/?s&fuentes_informacion=143777\"},\"geometry\":{\"type\":\"Polygon\",\"coordinates\":[[[-70.14662497959776,-16.938730484331685],[-70.09577022953498,-16.985226109368824],[-70.07315247950532,-17.034914234411943],[-70.07000410449915,-17.08118335945421],[-70.09530685452755,-17.122885984495714],[-70.09331535451686,-17.290048109649604],[-70.12446685455332,-17.319910109680855],[-70.19438072963764,-17.32430498469272],[-70.2438014796955,-17.35871348472962],[-70.34578710481297,-17.460740234833548],[-70.40051372987851,-17.421234359801737],[-70.36390622983716,-17.373914109754885],[-70.43528547992152,-17.33468348472449],[-70.45427147994444,-17.300642609694464],[-70.57250785508195,-17.194109359604138],[-70.52779860503202,-17.168308359577278],[-70.4918556049932,-17.091373734503563],[-70.44957935494529,-17.081292359491144],[-70.4647226049664,-16.94568360936675],[-70.44160547994319,-16.841226609268368],[-70.3076113547925,-16.77304685919447],[-70.20557422967289,-16.80812498421729],[-70.1840672296466,-16.834687484239634],[-70.24376760471526,-16.860242234269197],[-70.2590663547314,-16.90203323430926],[-70.24718185471554,-16.9524439843547],[-70.18128922963902,-16.9321196093293],[-70.14662497959776,-16.938730484331685]]]}} ,\r\n        {\"type\":\"Feature\",\"properties\":{\"NOMBPROV\":\"TACNA\",\"FIRST_FECH\":\"02\/02\/2001\",\"ha\":824806.3,\"ENLACE\":\"https:\/\/siar.minam.gob.pe\/tacna\/?s&fuentes_informacion=142777\"},\"geometry\":{\"type\":\"Polygon\",\"coordinates\":[[[-69.4683788537011,-17.464798859696753],[-69.46829297869643,-17.504169859732645],[-69.66541210394577,-17.65990035992049],[-69.79598822911971,-17.646242234933172],[-69.82119722914977,-17.686355484974403],[-69.82167772914633,-17.743812485027227],[-69.80004885411651,-17.762331985040383],[-69.79571485410347,-17.862257860131233],[-69.74717772903223,-17.94393748519696],[-69.75150385403488,-17.985589860235955],[-69.81308010410879,-18.114478485365602],[-69.85430872916092,-18.16534761041959],[-69.96054885429687,-18.262884735526615],[-70.05070697941487,-18.268802735545332],[-70.1496523545401,-18.318367235604008],[-70.28680472971297,-18.30810548561023],[-70.35387697979493,-18.326193360633663],[-70.37671110482206,-18.350927735658665],[-70.4812891049501,-18.273412110596208],[-70.67857423018233,-18.16184761050705],[-70.75945698027533,-18.080417985436323],[-70.81315623033596,-18.040488235402144],[-70.87918948040935,-18.01475386038148],[-70.88947260542113,-17.97651561034647],[-70.86333998039254,-17.96679998533626],[-70.83929498036679,-17.91151761028387],[-70.72931635524641,-17.785091860161],[-70.69741210521089,-17.767781235143158],[-70.68306460519563,-17.71962461009771],[-70.60841798011232,-17.656283235034458],[-70.50889648000084,-17.545339859924947],[-70.44683260492975,-17.515907234893017],[-70.42828322990907,-17.483341734861426],[-70.34578710481297,-17.460740234833548],[-70.33179522979479,-17.50931635987716],[-70.23745260467882,-17.58966735994218],[-70.17143160459857,-17.587447234932974],[-70.14338672956217,-17.63171285997056],[-70.15372260457218,-17.693400360028647],[-70.1895839796145,-17.7372694850732],[-70.19330272961749,-17.775636735108982],[-70.13761122954867,-17.772665985099803],[-70.02030660440715,-17.661583984982464],[-69.98322460436387,-17.597140609917982],[-69.89406835425119,-17.582773484891383],[-69.81955472916428,-17.45465035976145],[-69.72316010403901,-17.461046859749867],[-69.64634010394303,-17.410299984688056],[-69.60320997888768,-17.39665998466636],[-69.53879997880166,-17.405969984660302],[-69.4683788537011,-17.464798859696753]]]}} ,\r\n        {\"type\":\"Feature\",\"properties\":{\"NOMBPROV\":\"JORGE BASADRE\",\"FIRST_FECH\":\"12\/06\/1961\",\"ha\":274085.97,\"ENLACE\":\"https:\/\/siar.minam.gob.pe\/tacna\/?s&fuentes_informacion=143749\"},\"geometry\":{\"type\":\"Polygon\",\"coordinates\":[[[-70.88947260542113,-17.97651561034647],[-70.94350585548086,-17.913603485290455],[-71.0110058555542,-17.876747985258913],[-71.096843730646,-17.867724610253543],[-71.13944335569145,-17.82148236021195],[-71.10314260565363,-17.755275360149337],[-70.99299623053693,-17.679119110074797],[-70.91249998044992,-17.687369985079258],[-70.9078148554453,-17.6472196100418],[-70.87964998041588,-17.555239984955268],[-70.84375998037714,-17.524659984925307],[-70.73557835526003,-17.401229984805553],[-70.75240410527898,-17.38057335978727],[-70.71591710524054,-17.27365210968625],[-70.6842207302063,-17.224980109639414],[-70.60997835512363,-17.21450385962538],[-70.57250785508195,-17.194109359604138],[-70.45427147994444,-17.300642609694464],[-70.43528547992152,-17.33468348472449],[-70.36390622983716,-17.373914109754885],[-70.40051372987851,-17.421234359801737],[-70.34578710481297,-17.460740234833548],[-70.42828322990907,-17.483341734861426],[-70.44683260492975,-17.515907234893017],[-70.50889648000084,-17.545339859924947],[-70.60841798011232,-17.656283235034458],[-70.68306460519563,-17.71962461009771],[-70.69741210521089,-17.767781235143158],[-70.72931635524641,-17.785091860161],[-70.83929498036679,-17.91151761028387],[-70.86333998039254,-17.96679998533626],[-70.88947260542113,-17.97651561034647]]]}} ,\r\n        {\"type\":\"Feature\",\"properties\":{\"NOMBPROV\":\"TARATA\",\"FIRST_FECH\":\"12\/01\/1956\",\"ha\":277252.88,\"ENLACE\":\"https:\/\/siar.minam.gob.pe\/tacna\/?s&fuentes_informacion=143863\"},\"geometry\":{\"type\":\"Polygon\",\"coordinates\":[[[-70.34578710481297,-17.460740234833548],[-70.2438014796955,-17.35871348472962],[-70.19438072963764,-17.32430498469272],[-70.12446685455332,-17.319910109680855],[-70.09331535451686,-17.290048109649604],[-70.09530685452755,-17.122885984495714],[-70.07000410449915,-17.08118335945421],[-70.07315247950532,-17.034914234411943],[-70.04677347947238,-17.056382859428478],[-70.03971872945995,-17.127967734493552],[-69.85140035421983,-17.24373635957299],[-69.7882461041406,-17.2364433595557],[-69.73166997906378,-17.294966734599196],[-69.69359760401655,-17.2746426095733],[-69.64131997894788,-17.2874499845745],[-69.57521872886137,-17.292589859564977],[-69.46731635371029,-17.37353710961321],[-69.4683788537011,-17.464798859696753],[-69.53879997880166,-17.405969984660302],[-69.60320997888768,-17.39665998466636],[-69.64634010394303,-17.410299984688056],[-69.72316010403901,-17.461046859749867],[-69.81955472916428,-17.45465035976145],[-69.89406835425119,-17.582773484891383],[-69.98322460436387,-17.597140609917982],[-70.02030660440715,-17.661583984982464],[-70.13761122954867,-17.772665985099803],[-70.19330272961749,-17.775636735108982],[-70.1895839796145,-17.7372694850732],[-70.15372260457218,-17.693400360028647],[-70.14338672956217,-17.63171285997056],[-70.17143160459857,-17.587447234932974],[-70.23745260467882,-17.58966735994218],[-70.33179522979479,-17.50931635987716],[-70.34578710481297,-17.460740234833548]]]}}\r\n      ]\r\n    };\r\n\r\n    \/\/ Inicializar mapa\r\n    const map = L.map('map').setView([-17.7, -70.25], 8);\r\n\r\n    \/\/ Capa base\r\n    L.tileLayer('https:\/\/{s}.tile.openstreetmap.org\/{z}\/{x}\/{y}.png', {\r\n      attribution: '\u00a9 OpenStreetMap contributors'\r\n    }).addTo(map);\r\n\r\n    \/\/ Colores\r\n    const colores = {\r\n      \"TACNA\": \"#f1c40f\",\r\n      \"JORGE BASADRE\": \"#2ecc71\",\r\n      \"CANDARAVE\": \"#3498db\",\r\n      \"TARATA\": \"#e67e22\"\r\n    };\r\n\r\n    \/\/ Estilo\r\n    function estilo(feature) {\r\n      const nombre = feature.properties.NOMBPROV.toUpperCase();\r\n      return {\r\n        color: \"white\",  \/\/ bordes blancos\r\n        weight: 2,\r\n        fillOpacity: 0.7,\r\n        fillColor: colores[nombre] || \"#bdc3c7\"\r\n      };\r\n    }\r\n\r\n    \/\/ Popup + etiqueta permanente\r\n    function onEachFeature(feature, layer) {\r\n      const props = feature.properties;\r\n      \/*\r\n      layer.bindPopup(\r\n        `<b>${props.NOMBPROV}<\/b><br>\r\n         Fecha: ${props.FIRST_FECH}<br>\r\n         \u00c1rea: ${props.ha.toLocaleString()} ha`\r\n      );*\/\r\n      \/\/ Etiqueta permanente (nombre de la provincia)\r\n      layer.bindTooltip(props.NOMBPROV, {\r\n        permanent: true,\r\n        direction: \"center\",\r\n        className: \"map-label\"\r\n      });\r\n      \/\/ Al hacer clic en un departamento, redirigir al enlace de normas\r\n        layer.on('click', function() {\r\n            \/\/ Verificar si existe el enlace y redirigir\r\n            if (feature.properties.ENLACE) {\r\n                window.open(feature.properties.ENLACE, '_blank');\r\n            } else {\r\n                console.warn('No hay enlace de normas para este departamento');\r\n            }\r\n        });\r\n    }\r\n\r\n    \/\/ Agregar capa GeoJSON\r\n    const capaGeo = L.geoJSON(provinciasTacna, {\r\n      style: estilo,\r\n      onEachFeature: onEachFeature\r\n    }).addTo(map);\r\n\r\n    \/\/ Ajustar vista al contenido\r\n    map.fitBounds(capaGeo.getBounds());\r\n    \r\n       \/\/ Deshabilitar el zoom con la rueda del mouse de manera m\u00e1s robusta\r\n        map.scrollWheelZoom.disable();\r\n        \r\n        \/\/ Tambi\u00e9n deshabilitar el zoom con doble clic\r\n        map.doubleClickZoom.disable();\r\n        \r\n        \/\/ Deshabilitar el zoom con el bot\u00f3n central del mouse (si es necesario)\r\n        map.boxZoom.disable();\r\n  <\/script>\t\t<\/div>\n\t\t\t\t<\/div>\n\t\t\t\t\t<\/div>\n\t\t<\/div>\n\t\t\t\t\t\t\t<\/div>\n\t\t<\/section>\n\t\t\t\t\t\t<\/div>\n\t\t\t\t\t<\/div>\n\t\t","protected":false},"excerpt":{"rendered":"<p>Informaci\u00f3n Provincial Inicio Provincial Sistema de Informaci\u00f3n Ambiental Local &#8211; SIAL Regi\u00f3n Tacna<\/p>\n","protected":false},"author":3,"featured_media":0,"parent":0,"menu_order":0,"comment_status":"closed","ping_status":"closed","template":"","meta":[],"yoast_head":"<!-- This site is optimized with the Yoast SEO plugin v18.3 - https:\/\/yoast.com\/wordpress\/plugins\/seo\/ -->\n<title>Informaci\u00f3n Provincial | SIAR Tacna<\/title>\n<meta name=\"robots\" content=\"index, follow, max-snippet:-1, max-image-preview:large, max-video-preview:-1\" \/>\n<link rel=\"canonical\" href=\"https:\/\/siar.minam.gob.pe\/tacna\/informacion-provincial\/\" \/>\n<meta property=\"og:locale\" content=\"es_ES\" \/>\n<meta property=\"og:type\" content=\"article\" \/>\n<meta property=\"og:title\" content=\"Informaci\u00f3n Provincial | SIAR Tacna\" \/>\n<meta property=\"og:description\" content=\"Informaci\u00f3n Provincial Inicio Provincial Sistema de Informaci\u00f3n Ambiental Local &#8211; SIAL Regi\u00f3n Tacna\" \/>\n<meta property=\"og:url\" content=\"https:\/\/siar.minam.gob.pe\/tacna\/informacion-provincial\/\" \/>\n<meta property=\"og:site_name\" content=\"SIAR Tacna\" \/>\n<meta property=\"article:modified_time\" content=\"2025-10-24T20:24:55+00:00\" \/>\n<meta name=\"twitter:card\" content=\"summary_large_image\" \/>\n<meta name=\"twitter:label1\" content=\"Tiempo de lectura\" \/>\n\t<meta name=\"twitter:data1\" content=\"2 minutos\" \/>\n<script type=\"application\/ld+json\" class=\"yoast-schema-graph\">{\"@context\":\"https:\/\/schema.org\",\"@graph\":[{\"@type\":\"Organization\",\"@id\":\"https:\/\/siar.minam.gob.pe\/tacna\/#organization\",\"name\":\"SIAR Tacna\",\"url\":\"https:\/\/siar.minam.gob.pe\/tacna\/\",\"sameAs\":[],\"logo\":{\"@type\":\"ImageObject\",\"@id\":\"https:\/\/siar.minam.gob.pe\/tacna\/#logo\",\"inLanguage\":\"es\",\"url\":\"https:\/\/siar.minam.gob.pe\/tacna\/wp-content\/uploads\/2023\/12\/cropped-cropped-logo-SIAR_1.png\",\"contentUrl\":\"https:\/\/siar.minam.gob.pe\/tacna\/wp-content\/uploads\/2023\/12\/cropped-cropped-logo-SIAR_1.png\",\"width\":864,\"height\":313,\"caption\":\"SIAR Tacna\"},\"image\":{\"@id\":\"https:\/\/siar.minam.gob.pe\/tacna\/#logo\"}},{\"@type\":\"WebSite\",\"@id\":\"https:\/\/siar.minam.gob.pe\/tacna\/#website\",\"url\":\"https:\/\/siar.minam.gob.pe\/tacna\/\",\"name\":\"SIAR Tacna\",\"description\":\"siar tacna\",\"publisher\":{\"@id\":\"https:\/\/siar.minam.gob.pe\/tacna\/#organization\"},\"potentialAction\":[{\"@type\":\"SearchAction\",\"target\":{\"@type\":\"EntryPoint\",\"urlTemplate\":\"https:\/\/siar.minam.gob.pe\/tacna\/?s={search_term_string}\"},\"query-input\":\"required name=search_term_string\"}],\"inLanguage\":\"es\"},{\"@type\":\"WebPage\",\"@id\":\"https:\/\/siar.minam.gob.pe\/tacna\/informacion-provincial\/#webpage\",\"url\":\"https:\/\/siar.minam.gob.pe\/tacna\/informacion-provincial\/\",\"name\":\"Informaci\u00f3n Provincial | SIAR Tacna\",\"isPartOf\":{\"@id\":\"https:\/\/siar.minam.gob.pe\/tacna\/#website\"},\"datePublished\":\"2025-10-14T21:35:04+00:00\",\"dateModified\":\"2025-10-24T20:24:55+00:00\",\"breadcrumb\":{\"@id\":\"https:\/\/siar.minam.gob.pe\/tacna\/informacion-provincial\/#breadcrumb\"},\"inLanguage\":\"es\",\"potentialAction\":[{\"@type\":\"ReadAction\",\"target\":[\"https:\/\/siar.minam.gob.pe\/tacna\/informacion-provincial\/\"]}]},{\"@type\":\"BreadcrumbList\",\"@id\":\"https:\/\/siar.minam.gob.pe\/tacna\/informacion-provincial\/#breadcrumb\",\"itemListElement\":[{\"@type\":\"ListItem\",\"position\":1,\"name\":\"Inicio\",\"item\":\"https:\/\/siar.minam.gob.pe\/tacna\/\"},{\"@type\":\"ListItem\",\"position\":2,\"name\":\"Informaci\u00f3n Provincial\"}]}]}<\/script>\n<!-- \/ Yoast SEO plugin. -->","yoast_head_json":{"title":"Informaci\u00f3n Provincial | SIAR Tacna","robots":{"index":"index","follow":"follow","max-snippet":"max-snippet:-1","max-image-preview":"max-image-preview:large","max-video-preview":"max-video-preview:-1"},"canonical":"https:\/\/siar.minam.gob.pe\/tacna\/informacion-provincial\/","og_locale":"es_ES","og_type":"article","og_title":"Informaci\u00f3n Provincial | SIAR Tacna","og_description":"Informaci\u00f3n Provincial Inicio Provincial Sistema de Informaci\u00f3n Ambiental Local &#8211; SIAL Regi\u00f3n Tacna","og_url":"https:\/\/siar.minam.gob.pe\/tacna\/informacion-provincial\/","og_site_name":"SIAR Tacna","article_modified_time":"2025-10-24T20:24:55+00:00","twitter_card":"summary_large_image","twitter_misc":{"Tiempo de lectura":"2 minutos"},"schema":{"@context":"https:\/\/schema.org","@graph":[{"@type":"Organization","@id":"https:\/\/siar.minam.gob.pe\/tacna\/#organization","name":"SIAR Tacna","url":"https:\/\/siar.minam.gob.pe\/tacna\/","sameAs":[],"logo":{"@type":"ImageObject","@id":"https:\/\/siar.minam.gob.pe\/tacna\/#logo","inLanguage":"es","url":"https:\/\/siar.minam.gob.pe\/tacna\/wp-content\/uploads\/2023\/12\/cropped-cropped-logo-SIAR_1.png","contentUrl":"https:\/\/siar.minam.gob.pe\/tacna\/wp-content\/uploads\/2023\/12\/cropped-cropped-logo-SIAR_1.png","width":864,"height":313,"caption":"SIAR Tacna"},"image":{"@id":"https:\/\/siar.minam.gob.pe\/tacna\/#logo"}},{"@type":"WebSite","@id":"https:\/\/siar.minam.gob.pe\/tacna\/#website","url":"https:\/\/siar.minam.gob.pe\/tacna\/","name":"SIAR Tacna","description":"siar tacna","publisher":{"@id":"https:\/\/siar.minam.gob.pe\/tacna\/#organization"},"potentialAction":[{"@type":"SearchAction","target":{"@type":"EntryPoint","urlTemplate":"https:\/\/siar.minam.gob.pe\/tacna\/?s={search_term_string}"},"query-input":"required name=search_term_string"}],"inLanguage":"es"},{"@type":"WebPage","@id":"https:\/\/siar.minam.gob.pe\/tacna\/informacion-provincial\/#webpage","url":"https:\/\/siar.minam.gob.pe\/tacna\/informacion-provincial\/","name":"Informaci\u00f3n Provincial | SIAR Tacna","isPartOf":{"@id":"https:\/\/siar.minam.gob.pe\/tacna\/#website"},"datePublished":"2025-10-14T21:35:04+00:00","dateModified":"2025-10-24T20:24:55+00:00","breadcrumb":{"@id":"https:\/\/siar.minam.gob.pe\/tacna\/informacion-provincial\/#breadcrumb"},"inLanguage":"es","potentialAction":[{"@type":"ReadAction","target":["https:\/\/siar.minam.gob.pe\/tacna\/informacion-provincial\/"]}]},{"@type":"BreadcrumbList","@id":"https:\/\/siar.minam.gob.pe\/tacna\/informacion-provincial\/#breadcrumb","itemListElement":[{"@type":"ListItem","position":1,"name":"Inicio","item":"https:\/\/siar.minam.gob.pe\/tacna\/"},{"@type":"ListItem","position":2,"name":"Informaci\u00f3n Provincial"}]}]}},"_links":{"self":[{"href":"https:\/\/siar.minam.gob.pe\/tacna\/wp-json\/wp\/v2\/pages\/5299"}],"collection":[{"href":"https:\/\/siar.minam.gob.pe\/tacna\/wp-json\/wp\/v2\/pages"}],"about":[{"href":"https:\/\/siar.minam.gob.pe\/tacna\/wp-json\/wp\/v2\/types\/page"}],"author":[{"embeddable":true,"href":"https:\/\/siar.minam.gob.pe\/tacna\/wp-json\/wp\/v2\/users\/3"}],"replies":[{"embeddable":true,"href":"https:\/\/siar.minam.gob.pe\/tacna\/wp-json\/wp\/v2\/comments?post=5299"}],"version-history":[{"count":22,"href":"https:\/\/siar.minam.gob.pe\/tacna\/wp-json\/wp\/v2\/pages\/5299\/revisions"}],"predecessor-version":[{"id":5423,"href":"https:\/\/siar.minam.gob.pe\/tacna\/wp-json\/wp\/v2\/pages\/5299\/revisions\/5423"}],"wp:attachment":[{"href":"https:\/\/siar.minam.gob.pe\/tacna\/wp-json\/wp\/v2\/media?parent=5299"}],"curies":[{"name":"wp","href":"https:\/\/api.w.org\/{rel}","templated":true}]}}