{"id":5049,"date":"2024-11-28T09:52:16","date_gmt":"2024-11-28T14:52:16","guid":{"rendered":"https:\/\/siar.minam.gob.pe\/tacna\/?page_id=5049"},"modified":"2025-11-07T15:15:22","modified_gmt":"2025-11-07T20:15:22","slug":"publicacion-cientifica","status":"publish","type":"page","link":"https:\/\/siar.minam.gob.pe\/tacna\/publicacion-cientifica\/","title":{"rendered":"Publicaci\u00f3n Cient\u00edfica"},"content":{"rendered":"\t\t<div data-elementor-type=\"wp-page\" data-elementor-id=\"5049\" class=\"elementor elementor-5049\" data-elementor-settings=\"[]\">\n\t\t\t\t\t\t\t<div class=\"elementor-section-wrap\">\n\t\t\t\t\t\t\t<section class=\"elementor-section elementor-top-section elementor-element elementor-element-fc3f7b2 elementor-section-height-min-height elementor-section-boxed elementor-section-height-default elementor-section-items-middle\" data-id=\"fc3f7b2\" data-element_type=\"section\" data-settings=\"{&quot;background_background&quot;:&quot;classic&quot;}\">\n\t\t\t\t\t\t\t<div class=\"elementor-background-overlay\"><\/div>\n\t\t\t\t\t\t\t<div class=\"elementor-container elementor-column-gap-default\">\n\t\t\t\t\t<div class=\"elementor-column elementor-col-100 elementor-top-column elementor-element elementor-element-62c386f\" data-id=\"62c386f\" data-element_type=\"column\" data-settings=\"{&quot;background_background&quot;:&quot;classic&quot;}\">\n\t\t\t<div class=\"elementor-widget-wrap elementor-element-populated\">\n\t\t\t\t\t\t\t\t<div class=\"elementor-element elementor-element-7c2251c elementor-widget elementor-widget-heading\" data-id=\"7c2251c\" data-element_type=\"widget\" data-widget_type=\"heading.default\">\n\t\t\t\t<div class=\"elementor-widget-container\">\n\t\t\t<h3 class=\"elementor-heading-title elementor-size-default\">Publicaci\u00f3n Cient\u00edfica<\/h3>\t\t<\/div>\n\t\t\t\t<\/div>\n\t\t\t\t<div class=\"elementor-element elementor-element-d9f3e58 elementor-icon-list--layout-inline elementor-align-center elementor-list-item-link-full_width elementor-widget elementor-widget-icon-list\" data-id=\"d9f3e58\" data-element_type=\"widget\" data-widget_type=\"icon-list.default\">\n\t\t\t\t<div class=\"elementor-widget-container\">\n\t\t\t\t\t<ul class=\"elementor-icon-list-items elementor-inline-items\">\n\t\t\t\t\t\t\t<li class=\"elementor-icon-list-item elementor-inline-item\">\n\t\t\t\t\t\t\t\t\t\t\t<a href=\"https:\/\/siar.minam.gob.pe\/tacna\/\">\n\n\t\t\t\t\t\t\t\t\t\t\t<span class=\"elementor-icon-list-text\">Inicio<\/span>\n\t\t\t\t\t\t\t\t\t\t\t<\/a>\n\t\t\t\t\t\t\t\t\t<\/li>\n\t\t\t\t\t\t\t\t<li class=\"elementor-icon-list-item elementor-inline-item\">\n\t\t\t\t\t\t\t\t\t\t\t<a href=\"https:\/\/siar.minam.gob.pe\/tacna\/repositorio-onia\/\">\n\n\t\t\t\t\t\t\t\t\t\t\t\t<span class=\"elementor-icon-list-icon\">\n\t\t\t\t\t\t\t<i aria-hidden=\"true\" class=\"fas fa-angle-right\"><\/i>\t\t\t\t\t\t<\/span>\n\t\t\t\t\t\t\t\t\t\t<span class=\"elementor-icon-list-text\">Publicaci\u00f3n Cient\u00edfica<\/span>\n\t\t\t\t\t\t\t\t\t\t\t<\/a>\n\t\t\t\t\t\t\t\t\t<\/li>\n\t\t\t\t\t\t<\/ul>\n\t\t\t\t<\/div>\n\t\t\t\t<\/div>\n\t\t\t\t\t<\/div>\n\t\t<\/div>\n\t\t\t\t\t\t\t<\/div>\n\t\t<\/section>\n\t\t\t\t<section class=\"elementor-section elementor-top-section elementor-element elementor-element-f992ac7 elementor-section-boxed elementor-section-height-default elementor-section-height-default\" data-id=\"f992ac7\" data-element_type=\"section\">\n\t\t\t\t\t\t<div class=\"elementor-container elementor-column-gap-default\">\n\t\t\t\t\t<div class=\"elementor-column elementor-col-100 elementor-top-column elementor-element elementor-element-2c31997\" data-id=\"2c31997\" data-element_type=\"column\">\n\t\t\t<div class=\"elementor-widget-wrap elementor-element-populated\">\n\t\t\t\t\t\t\t\t<div class=\"elementor-element elementor-element-6f037b6 elementor-widget elementor-widget-spacer\" data-id=\"6f037b6\" data-element_type=\"widget\" data-widget_type=\"spacer.default\">\n\t\t\t\t<div class=\"elementor-widget-container\">\n\t\t\t\t\t<div class=\"elementor-spacer\">\n\t\t\t<div class=\"elementor-spacer-inner\"><\/div>\n\t\t<\/div>\n\t\t\t\t<\/div>\n\t\t\t\t<\/div>\n\t\t\t\t\t<\/div>\n\t\t<\/div>\n\t\t\t\t\t\t\t<\/div>\n\t\t<\/section>\n\t\t\t\t<section class=\"elementor-section elementor-top-section elementor-element elementor-element-c411886 elementor-section-boxed elementor-section-height-default elementor-section-height-default\" data-id=\"c411886\" data-element_type=\"section\">\n\t\t\t\t\t\t<div class=\"elementor-container elementor-column-gap-default\">\n\t\t\t\t\t<div class=\"elementor-column elementor-col-100 elementor-top-column elementor-element elementor-element-57516d7\" data-id=\"57516d7\" data-element_type=\"column\">\n\t\t\t<div class=\"elementor-widget-wrap elementor-element-populated\">\n\t\t\t\t\t\t\t\t<div class=\"elementor-element elementor-element-c27ad6e elementor-widget elementor-widget-heading\" data-id=\"c27ad6e\" data-element_type=\"widget\" data-widget_type=\"heading.default\">\n\t\t\t\t<div class=\"elementor-widget-container\">\n\t\t\t<h5 class=\"elementor-heading-title elementor-size-default\">Repositorio del Observatorio Nacional de Investigaci\u00f3n Ambiental<\/h5>\t\t<\/div>\n\t\t\t\t<\/div>\n\t\t\t\t<section class=\"elementor-section elementor-inner-section elementor-element elementor-element-7f8760a elementor-section-boxed elementor-section-height-default elementor-section-height-default\" data-id=\"7f8760a\" data-element_type=\"section\">\n\t\t\t\t\t\t<div class=\"elementor-container elementor-column-gap-default\">\n\t\t\t\t\t<div class=\"elementor-column elementor-col-100 elementor-inner-column elementor-element elementor-element-d2e1f2f\" data-id=\"d2e1f2f\" data-element_type=\"column\">\n\t\t\t<div class=\"elementor-widget-wrap elementor-element-populated\">\n\t\t\t\t\t\t\t\t<div class=\"elementor-element elementor-element-55cd11e elementor-widget elementor-widget-text-editor\" data-id=\"55cd11e\" data-element_type=\"widget\" data-widget_type=\"text-editor.default\">\n\t\t\t\t<div class=\"elementor-widget-container\">\n\t\t\t\t\t\t\t<p>El repositorio del ONIA brinda seguimiento al desarrollo de la Agenda de Investigaci\u00f3n Ambiental 2021 y es un mecanismo de difusi\u00f3n de investigaciones cient\u00edfico -ambientales de acceso abierto, de forma r\u00e1pida y accesible para investigadores, acad\u00e9micos, funcionarios p\u00fablicos y sociedad civil.<\/p>\t\t\t\t\t\t<\/div>\n\t\t\t\t<\/div>\n\t\t\t\t<div class=\"elementor-element elementor-element-d019c50 elementor-icon-list--layout-traditional elementor-list-item-link-full_width elementor-widget elementor-widget-icon-list\" data-id=\"d019c50\" data-element_type=\"widget\" data-widget_type=\"icon-list.default\">\n\t\t\t\t<div class=\"elementor-widget-container\">\n\t\t\t\t\t<ul class=\"elementor-icon-list-items\">\n\t\t\t\t\t\t\t<li class=\"elementor-icon-list-item\">\n\t\t\t\t\t\t\t\t\t\t\t<a href=\"https:\/\/investigacion.minam.gob.pe\/investigaciones-de-encuentros\" target=\"_blank\">\n\n\t\t\t\t\t\t\t\t\t\t\t\t<span class=\"elementor-icon-list-icon\">\n\t\t\t\t\t\t\t<i aria-hidden=\"true\" class=\"fas fa-angle-right\"><\/i>\t\t\t\t\t\t<\/span>\n\t\t\t\t\t\t\t\t\t\t<span class=\"elementor-icon-list-text\">Investigaciones de Encuentros<\/span>\n\t\t\t\t\t\t\t\t\t\t\t<\/a>\n\t\t\t\t\t\t\t\t\t<\/li>\n\t\t\t\t\t\t\t\t<li class=\"elementor-icon-list-item\">\n\t\t\t\t\t\t\t\t\t\t\t<a href=\"https:\/\/investigacion.minam.gob.pe\/investigaciones-de-sectores\" target=\"_blank\">\n\n\t\t\t\t\t\t\t\t\t\t\t\t<span class=\"elementor-icon-list-icon\">\n\t\t\t\t\t\t\t<i aria-hidden=\"true\" class=\"fas fa-angle-right\"><\/i>\t\t\t\t\t\t<\/span>\n\t\t\t\t\t\t\t\t\t\t<span class=\"elementor-icon-list-text\">Investigaciones de Sectores<\/span>\n\t\t\t\t\t\t\t\t\t\t\t<\/a>\n\t\t\t\t\t\t\t\t\t<\/li>\n\t\t\t\t\t\t\t\t<li class=\"elementor-icon-list-item\">\n\t\t\t\t\t\t\t\t\t\t\t<a href=\"https:\/\/investigacion.minam.gob.pe\/investigaciones-de-universidades\" target=\"_blank\">\n\n\t\t\t\t\t\t\t\t\t\t\t\t<span class=\"elementor-icon-list-icon\">\n\t\t\t\t\t\t\t<i aria-hidden=\"true\" class=\"fas fa-angle-right\"><\/i>\t\t\t\t\t\t<\/span>\n\t\t\t\t\t\t\t\t\t\t<span class=\"elementor-icon-list-text\">Investigaciones de Universidades<\/span>\n\t\t\t\t\t\t\t\t\t\t\t<\/a>\n\t\t\t\t\t\t\t\t\t<\/li>\n\t\t\t\t\t\t\t\t<li class=\"elementor-icon-list-item\">\n\t\t\t\t\t\t\t\t\t\t\t<a href=\"https:\/\/investigacion.minam.gob.pe\/investigaciones-de-organos-adscritos-al-minam\" target=\"_blank\">\n\n\t\t\t\t\t\t\t\t\t\t\t\t<span class=\"elementor-icon-list-icon\">\n\t\t\t\t\t\t\t<i aria-hidden=\"true\" class=\"fas fa-angle-right\"><\/i>\t\t\t\t\t\t<\/span>\n\t\t\t\t\t\t\t\t\t\t<span class=\"elementor-icon-list-text\">Investigaciones de \u00d3rganos Adscritos al MINAM<\/span>\n\t\t\t\t\t\t\t\t\t\t\t<\/a>\n\t\t\t\t\t\t\t\t\t<\/li>\n\t\t\t\t\t\t<\/ul>\n\t\t\t\t<\/div>\n\t\t\t\t<\/div>\n\t\t\t\t\t<\/div>\n\t\t<\/div>\n\t\t\t\t\t\t\t<\/div>\n\t\t<\/section>\n\t\t\t\t\t<\/div>\n\t\t<\/div>\n\t\t\t\t\t\t\t<\/div>\n\t\t<\/section>\n\t\t\t\t<section class=\"elementor-section elementor-top-section elementor-element elementor-element-166ac6e elementor-section-boxed elementor-section-height-default elementor-section-height-default\" data-id=\"166ac6e\" data-element_type=\"section\">\n\t\t\t\t\t\t<div class=\"elementor-container elementor-column-gap-default\">\n\t\t\t\t\t<div class=\"elementor-column elementor-col-100 elementor-top-column elementor-element elementor-element-6a279c5\" data-id=\"6a279c5\" data-element_type=\"column\">\n\t\t\t<div class=\"elementor-widget-wrap elementor-element-populated\">\n\t\t\t\t\t\t\t\t<div class=\"elementor-element elementor-element-5b755a4 elementor-widget elementor-widget-spacer\" data-id=\"5b755a4\" data-element_type=\"widget\" data-widget_type=\"spacer.default\">\n\t\t\t\t<div class=\"elementor-widget-container\">\n\t\t\t\t\t<div class=\"elementor-spacer\">\n\t\t\t<div class=\"elementor-spacer-inner\"><\/div>\n\t\t<\/div>\n\t\t\t\t<\/div>\n\t\t\t\t<\/div>\n\t\t\t\t\t<\/div>\n\t\t<\/div>\n\t\t\t\t\t\t\t<\/div>\n\t\t<\/section>\n\t\t\t\t\t\t<\/div>\n\t\t\t\t\t<\/div>\n\t\t","protected":false},"excerpt":{"rendered":"<p>Publicaci\u00f3n Cient\u00edfica Inicio Publicaci\u00f3n Cient\u00edfica Repositorio del Observatorio Nacional de Investigaci\u00f3n Ambiental El repositorio del ONIA brinda seguimiento al desarrollo de la Agenda de Investigaci\u00f3n Ambiental 2021 y es un mecanismo de difusi\u00f3n de investigaciones cient\u00edfico -ambientales de acceso abierto, de forma r\u00e1pida y accesible para investigadores, acad\u00e9micos, funcionarios p\u00fablicos y sociedad civil. Investigaciones de [&hellip;]<\/p>\n","protected":false},"author":3,"featured_media":0,"parent":0,"menu_order":0,"comment_status":"closed","ping_status":"closed","template":"","meta":[],"yoast_head":"<!-- This site is optimized with the Yoast SEO plugin v18.3 - https:\/\/yoast.com\/wordpress\/plugins\/seo\/ -->\n<title>Publicaci\u00f3n Cient\u00edfica | SIAR Tacna<\/title>\n<meta name=\"robots\" content=\"index, follow, max-snippet:-1, max-image-preview:large, max-video-preview:-1\" \/>\n<link rel=\"canonical\" href=\"https:\/\/siar.minam.gob.pe\/tacna\/publicacion-cientifica\/\" \/>\n<meta property=\"og:locale\" content=\"es_ES\" \/>\n<meta property=\"og:type\" content=\"article\" \/>\n<meta property=\"og:title\" content=\"Publicaci\u00f3n Cient\u00edfica | SIAR Tacna\" \/>\n<meta property=\"og:description\" content=\"Publicaci\u00f3n Cient\u00edfica Inicio Publicaci\u00f3n Cient\u00edfica Repositorio del Observatorio Nacional de Investigaci\u00f3n Ambiental El repositorio del ONIA brinda seguimiento al desarrollo de la Agenda de Investigaci\u00f3n Ambiental 2021 y es un mecanismo de difusi\u00f3n de investigaciones cient\u00edfico -ambientales de acceso abierto, de forma r\u00e1pida y accesible para investigadores, acad\u00e9micos, funcionarios p\u00fablicos y sociedad civil. Investigaciones de [&hellip;]\" \/>\n<meta property=\"og:url\" content=\"https:\/\/siar.minam.gob.pe\/tacna\/publicacion-cientifica\/\" \/>\n<meta property=\"og:site_name\" content=\"SIAR Tacna\" \/>\n<meta property=\"article:modified_time\" content=\"2025-11-07T20:15:22+00:00\" \/>\n<meta name=\"twitter:card\" content=\"summary_large_image\" \/>\n<meta name=\"twitter:label1\" content=\"Tiempo de lectura\" \/>\n\t<meta name=\"twitter:data1\" content=\"1 minuto\" \/>\n<script type=\"application\/ld+json\" class=\"yoast-schema-graph\">{\"@context\":\"https:\/\/schema.org\",\"@graph\":[{\"@type\":\"Organization\",\"@id\":\"https:\/\/siar.minam.gob.pe\/tacna\/#organization\",\"name\":\"SIAR Tacna\",\"url\":\"https:\/\/siar.minam.gob.pe\/tacna\/\",\"sameAs\":[],\"logo\":{\"@type\":\"ImageObject\",\"@id\":\"https:\/\/siar.minam.gob.pe\/tacna\/#logo\",\"inLanguage\":\"es\",\"url\":\"https:\/\/siar.minam.gob.pe\/tacna\/wp-content\/uploads\/2023\/12\/cropped-cropped-logo-SIAR_1.png\",\"contentUrl\":\"https:\/\/siar.minam.gob.pe\/tacna\/wp-content\/uploads\/2023\/12\/cropped-cropped-logo-SIAR_1.png\",\"width\":864,\"height\":313,\"caption\":\"SIAR Tacna\"},\"image\":{\"@id\":\"https:\/\/siar.minam.gob.pe\/tacna\/#logo\"}},{\"@type\":\"WebSite\",\"@id\":\"https:\/\/siar.minam.gob.pe\/tacna\/#website\",\"url\":\"https:\/\/siar.minam.gob.pe\/tacna\/\",\"name\":\"SIAR Tacna\",\"description\":\"siar tacna\",\"publisher\":{\"@id\":\"https:\/\/siar.minam.gob.pe\/tacna\/#organization\"},\"potentialAction\":[{\"@type\":\"SearchAction\",\"target\":{\"@type\":\"EntryPoint\",\"urlTemplate\":\"https:\/\/siar.minam.gob.pe\/tacna\/?s={search_term_string}\"},\"query-input\":\"required name=search_term_string\"}],\"inLanguage\":\"es\"},{\"@type\":\"WebPage\",\"@id\":\"https:\/\/siar.minam.gob.pe\/tacna\/publicacion-cientifica\/#webpage\",\"url\":\"https:\/\/siar.minam.gob.pe\/tacna\/publicacion-cientifica\/\",\"name\":\"Publicaci\u00f3n Cient\u00edfica | SIAR Tacna\",\"isPartOf\":{\"@id\":\"https:\/\/siar.minam.gob.pe\/tacna\/#website\"},\"datePublished\":\"2024-11-28T14:52:16+00:00\",\"dateModified\":\"2025-11-07T20:15:22+00:00\",\"breadcrumb\":{\"@id\":\"https:\/\/siar.minam.gob.pe\/tacna\/publicacion-cientifica\/#breadcrumb\"},\"inLanguage\":\"es\",\"potentialAction\":[{\"@type\":\"ReadAction\",\"target\":[\"https:\/\/siar.minam.gob.pe\/tacna\/publicacion-cientifica\/\"]}]},{\"@type\":\"BreadcrumbList\",\"@id\":\"https:\/\/siar.minam.gob.pe\/tacna\/publicacion-cientifica\/#breadcrumb\",\"itemListElement\":[{\"@type\":\"ListItem\",\"position\":1,\"name\":\"Inicio\",\"item\":\"https:\/\/siar.minam.gob.pe\/tacna\/\"},{\"@type\":\"ListItem\",\"position\":2,\"name\":\"Publicaci\u00f3n Cient\u00edfica\"}]}]}<\/script>\n<!-- \/ Yoast SEO plugin. -->","yoast_head_json":{"title":"Publicaci\u00f3n Cient\u00edfica | SIAR Tacna","robots":{"index":"index","follow":"follow","max-snippet":"max-snippet:-1","max-image-preview":"max-image-preview:large","max-video-preview":"max-video-preview:-1"},"canonical":"https:\/\/siar.minam.gob.pe\/tacna\/publicacion-cientifica\/","og_locale":"es_ES","og_type":"article","og_title":"Publicaci\u00f3n Cient\u00edfica | SIAR Tacna","og_description":"Publicaci\u00f3n Cient\u00edfica Inicio Publicaci\u00f3n Cient\u00edfica Repositorio del Observatorio Nacional de Investigaci\u00f3n Ambiental El repositorio del ONIA brinda seguimiento al desarrollo de la Agenda de Investigaci\u00f3n Ambiental 2021 y es un mecanismo de difusi\u00f3n de investigaciones cient\u00edfico -ambientales de acceso abierto, de forma r\u00e1pida y accesible para investigadores, acad\u00e9micos, funcionarios p\u00fablicos y sociedad civil. Investigaciones de [&hellip;]","og_url":"https:\/\/siar.minam.gob.pe\/tacna\/publicacion-cientifica\/","og_site_name":"SIAR Tacna","article_modified_time":"2025-11-07T20:15:22+00:00","twitter_card":"summary_large_image","twitter_misc":{"Tiempo de lectura":"1 minuto"},"schema":{"@context":"https:\/\/schema.org","@graph":[{"@type":"Organization","@id":"https:\/\/siar.minam.gob.pe\/tacna\/#organization","name":"SIAR Tacna","url":"https:\/\/siar.minam.gob.pe\/tacna\/","sameAs":[],"logo":{"@type":"ImageObject","@id":"https:\/\/siar.minam.gob.pe\/tacna\/#logo","inLanguage":"es","url":"https:\/\/siar.minam.gob.pe\/tacna\/wp-content\/uploads\/2023\/12\/cropped-cropped-logo-SIAR_1.png","contentUrl":"https:\/\/siar.minam.gob.pe\/tacna\/wp-content\/uploads\/2023\/12\/cropped-cropped-logo-SIAR_1.png","width":864,"height":313,"caption":"SIAR Tacna"},"image":{"@id":"https:\/\/siar.minam.gob.pe\/tacna\/#logo"}},{"@type":"WebSite","@id":"https:\/\/siar.minam.gob.pe\/tacna\/#website","url":"https:\/\/siar.minam.gob.pe\/tacna\/","name":"SIAR Tacna","description":"siar tacna","publisher":{"@id":"https:\/\/siar.minam.gob.pe\/tacna\/#organization"},"potentialAction":[{"@type":"SearchAction","target":{"@type":"EntryPoint","urlTemplate":"https:\/\/siar.minam.gob.pe\/tacna\/?s={search_term_string}"},"query-input":"required name=search_term_string"}],"inLanguage":"es"},{"@type":"WebPage","@id":"https:\/\/siar.minam.gob.pe\/tacna\/publicacion-cientifica\/#webpage","url":"https:\/\/siar.minam.gob.pe\/tacna\/publicacion-cientifica\/","name":"Publicaci\u00f3n Cient\u00edfica | SIAR Tacna","isPartOf":{"@id":"https:\/\/siar.minam.gob.pe\/tacna\/#website"},"datePublished":"2024-11-28T14:52:16+00:00","dateModified":"2025-11-07T20:15:22+00:00","breadcrumb":{"@id":"https:\/\/siar.minam.gob.pe\/tacna\/publicacion-cientifica\/#breadcrumb"},"inLanguage":"es","potentialAction":[{"@type":"ReadAction","target":["https:\/\/siar.minam.gob.pe\/tacna\/publicacion-cientifica\/"]}]},{"@type":"BreadcrumbList","@id":"https:\/\/siar.minam.gob.pe\/tacna\/publicacion-cientifica\/#breadcrumb","itemListElement":[{"@type":"ListItem","position":1,"name":"Inicio","item":"https:\/\/siar.minam.gob.pe\/tacna\/"},{"@type":"ListItem","position":2,"name":"Publicaci\u00f3n Cient\u00edfica"}]}]}},"_links":{"self":[{"href":"https:\/\/siar.minam.gob.pe\/tacna\/wp-json\/wp\/v2\/pages\/5049"}],"collection":[{"href":"https:\/\/siar.minam.gob.pe\/tacna\/wp-json\/wp\/v2\/pages"}],"about":[{"href":"https:\/\/siar.minam.gob.pe\/tacna\/wp-json\/wp\/v2\/types\/page"}],"author":[{"embeddable":true,"href":"https:\/\/siar.minam.gob.pe\/tacna\/wp-json\/wp\/v2\/users\/3"}],"replies":[{"embeddable":true,"href":"https:\/\/siar.minam.gob.pe\/tacna\/wp-json\/wp\/v2\/comments?post=5049"}],"version-history":[{"count":11,"href":"https:\/\/siar.minam.gob.pe\/tacna\/wp-json\/wp\/v2\/pages\/5049\/revisions"}],"predecessor-version":[{"id":5532,"href":"https:\/\/siar.minam.gob.pe\/tacna\/wp-json\/wp\/v2\/pages\/5049\/revisions\/5532"}],"wp:attachment":[{"href":"https:\/\/siar.minam.gob.pe\/tacna\/wp-json\/wp\/v2\/media?parent=5049"}],"curies":[{"name":"wp","href":"https:\/\/api.w.org\/{rel}","templated":true}]}}