{"id":4153,"date":"2025-02-19T16:19:45","date_gmt":"2025-02-19T21:19:45","guid":{"rendered":"https:\/\/siar.minam.gob.pe\/sanmartin\/?page_id=4153"},"modified":"2025-02-26T08:51:54","modified_gmt":"2025-02-26T13:51:54","slug":"comision-ambiental-regional","status":"publish","type":"page","link":"https:\/\/siar.minam.gob.pe\/sanmartin\/comision-ambiental-regional\/","title":{"rendered":"Comisi\u00f3n Ambiental Regional"},"content":{"rendered":"\t\t<div data-elementor-type=\"wp-page\" data-elementor-id=\"4153\" class=\"elementor elementor-4153\" data-elementor-settings=\"[]\">\n\t\t\t\t\t\t\t<div class=\"elementor-section-wrap\">\n\t\t\t\t\t\t\t<section class=\"elementor-section elementor-top-section elementor-element elementor-element-1dc3a8f elementor-section-boxed elementor-section-height-default elementor-section-height-default\" data-id=\"1dc3a8f\" data-element_type=\"section\">\n\t\t\t\t\t\t<div class=\"elementor-container elementor-column-gap-default\">\n\t\t\t\t\t<div class=\"elementor-column elementor-col-100 elementor-top-column elementor-element elementor-element-ccd61e8\" data-id=\"ccd61e8\" data-element_type=\"column\">\n\t\t\t<div class=\"elementor-widget-wrap elementor-element-populated\">\n\t\t\t\t\t\t\t\t<div class=\"elementor-element elementor-element-53ff7a9 elementor-widget elementor-widget-spacer\" data-id=\"53ff7a9\" data-element_type=\"widget\" data-widget_type=\"spacer.default\">\n\t\t\t\t<div class=\"elementor-widget-container\">\n\t\t\t\t\t<div class=\"elementor-spacer\">\n\t\t\t<div class=\"elementor-spacer-inner\"><\/div>\n\t\t<\/div>\n\t\t\t\t<\/div>\n\t\t\t\t<\/div>\n\t\t\t\t<div class=\"elementor-element elementor-element-27d7237 elementor-widget elementor-widget-heading\" data-id=\"27d7237\" data-element_type=\"widget\" data-widget_type=\"heading.default\">\n\t\t\t\t<div class=\"elementor-widget-container\">\n\t\t\t<h2 class=\"elementor-heading-title elementor-size-default\">Comisi\u00f3n Ambiental Regional de San Mart\u00edn<\/h2>\t\t<\/div>\n\t\t\t\t<\/div>\n\t\t\t\t<div class=\"elementor-element elementor-element-3656808 elementor-widget-divider--view-line elementor-widget elementor-widget-divider\" data-id=\"3656808\" data-element_type=\"widget\" data-widget_type=\"divider.default\">\n\t\t\t\t<div class=\"elementor-widget-container\">\n\t\t\t\t\t<div class=\"elementor-divider\">\n\t\t\t<span class=\"elementor-divider-separator\">\n\t\t\t\t\t\t<\/span>\n\t\t<\/div>\n\t\t\t\t<\/div>\n\t\t\t\t<\/div>\n\t\t\t\t\t<\/div>\n\t\t<\/div>\n\t\t\t\t\t\t\t<\/div>\n\t\t<\/section>\n\t\t\t\t<section class=\"elementor-section elementor-top-section elementor-element elementor-element-37af37f elementor-section-boxed elementor-section-height-default elementor-section-height-default\" data-id=\"37af37f\" data-element_type=\"section\">\n\t\t\t\t\t\t<div class=\"elementor-container elementor-column-gap-default\">\n\t\t\t\t\t<div class=\"elementor-column elementor-col-100 elementor-top-column elementor-element elementor-element-1f56262\" data-id=\"1f56262\" data-element_type=\"column\">\n\t\t\t<div class=\"elementor-widget-wrap elementor-element-populated\">\n\t\t\t\t\t\t\t\t<section class=\"elementor-section elementor-inner-section elementor-element elementor-element-cb1d6b6 elementor-section-boxed elementor-section-height-default elementor-section-height-default\" data-id=\"cb1d6b6\" data-element_type=\"section\">\n\t\t\t\t\t\t<div class=\"elementor-container elementor-column-gap-default\">\n\t\t\t\t\t<div class=\"elementor-column elementor-col-50 elementor-inner-column elementor-element elementor-element-4239d32\" data-id=\"4239d32\" data-element_type=\"column\">\n\t\t\t<div class=\"elementor-widget-wrap elementor-element-populated\">\n\t\t\t\t\t\t\t\t<div class=\"elementor-element elementor-element-c1fe009 elementor-widget elementor-widget-text-editor\" data-id=\"c1fe009\" data-element_type=\"widget\" data-widget_type=\"text-editor.default\">\n\t\t\t\t<div class=\"elementor-widget-container\">\n\t\t\t\t\t\t\t<p>Comisi\u00f3n ambiental regional<\/p>\t\t\t\t\t\t<\/div>\n\t\t\t\t<\/div>\n\t\t\t\t\t<\/div>\n\t\t<\/div>\n\t\t\t\t<div class=\"elementor-column elementor-col-50 elementor-inner-column elementor-element elementor-element-776041e\" data-id=\"776041e\" data-element_type=\"column\">\n\t\t\t<div class=\"elementor-widget-wrap\">\n\t\t\t\t\t\t\t\t\t<\/div>\n\t\t<\/div>\n\t\t\t\t\t\t\t<\/div>\n\t\t<\/section>\n\t\t\t\t\t<\/div>\n\t\t<\/div>\n\t\t\t\t\t\t\t<\/div>\n\t\t<\/section>\n\t\t\t\t<section class=\"elementor-section elementor-top-section elementor-element elementor-element-824472a elementor-section-boxed elementor-section-height-default elementor-section-height-default\" data-id=\"824472a\" data-element_type=\"section\">\n\t\t\t\t\t\t<div class=\"elementor-container elementor-column-gap-default\">\n\t\t\t\t\t<div class=\"elementor-column elementor-col-100 elementor-top-column elementor-element elementor-element-de951e1\" data-id=\"de951e1\" data-element_type=\"column\">\n\t\t\t<div class=\"elementor-widget-wrap elementor-element-populated\">\n\t\t\t\t\t\t\t\t<div class=\"elementor-element elementor-element-63049d6 elementor-widget elementor-widget-spacer\" data-id=\"63049d6\" data-element_type=\"widget\" data-widget_type=\"spacer.default\">\n\t\t\t\t<div class=\"elementor-widget-container\">\n\t\t\t\t\t<div class=\"elementor-spacer\">\n\t\t\t<div class=\"elementor-spacer-inner\"><\/div>\n\t\t<\/div>\n\t\t\t\t<\/div>\n\t\t\t\t<\/div>\n\t\t\t\t<div class=\"elementor-element elementor-element-51a447d elementor-widget elementor-widget-heading\" data-id=\"51a447d\" data-element_type=\"widget\" data-widget_type=\"heading.default\">\n\t\t\t\t<div class=\"elementor-widget-container\">\n\t\t\t<h2 class=\"elementor-heading-title elementor-size-default\"><span style=\"font-size: 2rem;\">Organizaci\u00f3n<\/span><\/h2>\t\t<\/div>\n\t\t\t\t<\/div>\n\t\t\t\t<div class=\"elementor-element elementor-element-377c060 elementor-widget-divider--view-line elementor-widget elementor-widget-divider\" data-id=\"377c060\" data-element_type=\"widget\" data-widget_type=\"divider.default\">\n\t\t\t\t<div class=\"elementor-widget-container\">\n\t\t\t\t\t<div class=\"elementor-divider\">\n\t\t\t<span class=\"elementor-divider-separator\">\n\t\t\t\t\t\t<\/span>\n\t\t<\/div>\n\t\t\t\t<\/div>\n\t\t\t\t<\/div>\n\t\t\t\t\t<\/div>\n\t\t<\/div>\n\t\t\t\t\t\t\t<\/div>\n\t\t<\/section>\n\t\t\t\t<section class=\"elementor-section elementor-top-section elementor-element elementor-element-43445ea elementor-section-boxed elementor-section-height-default elementor-section-height-default\" data-id=\"43445ea\" data-element_type=\"section\">\n\t\t\t\t\t\t<div class=\"elementor-container elementor-column-gap-default\">\n\t\t\t\t\t<div class=\"elementor-column elementor-col-100 elementor-top-column elementor-element elementor-element-e8b256e\" data-id=\"e8b256e\" data-element_type=\"column\">\n\t\t\t<div class=\"elementor-widget-wrap elementor-element-populated\">\n\t\t\t\t\t\t\t\t<div class=\"elementor-element elementor-element-b8dbd6d elementor-widget elementor-widget-spacer\" data-id=\"b8dbd6d\" data-element_type=\"widget\" data-widget_type=\"spacer.default\">\n\t\t\t\t<div class=\"elementor-widget-container\">\n\t\t\t\t\t<div class=\"elementor-spacer\">\n\t\t\t<div class=\"elementor-spacer-inner\"><\/div>\n\t\t<\/div>\n\t\t\t\t<\/div>\n\t\t\t\t<\/div>\n\t\t\t\t<div class=\"elementor-element elementor-element-08a79eb elementor-widget elementor-widget-heading\" data-id=\"08a79eb\" data-element_type=\"widget\" data-widget_type=\"heading.default\">\n\t\t\t\t<div class=\"elementor-widget-container\">\n\t\t\t<h2 class=\"elementor-heading-title elementor-size-default\"><span style=\"font-size: 2rem;\">Normativa<\/span><\/h2>\t\t<\/div>\n\t\t\t\t<\/div>\n\t\t\t\t<div class=\"elementor-element elementor-element-3cad351 elementor-widget-divider--view-line elementor-widget elementor-widget-divider\" data-id=\"3cad351\" data-element_type=\"widget\" data-widget_type=\"divider.default\">\n\t\t\t\t<div class=\"elementor-widget-container\">\n\t\t\t\t\t<div class=\"elementor-divider\">\n\t\t\t<span class=\"elementor-divider-separator\">\n\t\t\t\t\t\t<\/span>\n\t\t<\/div>\n\t\t\t\t<\/div>\n\t\t\t\t<\/div>\n\t\t\t\t\t<\/div>\n\t\t<\/div>\n\t\t\t\t\t\t\t<\/div>\n\t\t<\/section>\n\t\t\t\t<section class=\"elementor-section elementor-top-section elementor-element elementor-element-14686c4 elementor-section-boxed elementor-section-height-default elementor-section-height-default\" data-id=\"14686c4\" data-element_type=\"section\">\n\t\t\t\t\t\t<div class=\"elementor-container elementor-column-gap-default\">\n\t\t\t\t\t<div class=\"elementor-column elementor-col-100 elementor-top-column elementor-element elementor-element-72e3fcc\" data-id=\"72e3fcc\" data-element_type=\"column\">\n\t\t\t<div class=\"elementor-widget-wrap elementor-element-populated\">\n\t\t\t\t\t\t\t\t<div class=\"elementor-element elementor-element-d1430a5 elementor-widget elementor-widget-spacer\" data-id=\"d1430a5\" data-element_type=\"widget\" data-widget_type=\"spacer.default\">\n\t\t\t\t<div class=\"elementor-widget-container\">\n\t\t\t\t\t<div class=\"elementor-spacer\">\n\t\t\t<div class=\"elementor-spacer-inner\"><\/div>\n\t\t<\/div>\n\t\t\t\t<\/div>\n\t\t\t\t<\/div>\n\t\t\t\t<div class=\"elementor-element elementor-element-887b185 elementor-widget elementor-widget-heading\" data-id=\"887b185\" data-element_type=\"widget\" data-widget_type=\"heading.default\">\n\t\t\t\t<div class=\"elementor-widget-container\">\n\t\t\t<h2 class=\"elementor-heading-title elementor-size-default\">Asambleas<\/h2>\t\t<\/div>\n\t\t\t\t<\/div>\n\t\t\t\t<div class=\"elementor-element elementor-element-7d02884 elementor-widget-divider--view-line elementor-widget elementor-widget-divider\" data-id=\"7d02884\" data-element_type=\"widget\" data-widget_type=\"divider.default\">\n\t\t\t\t<div class=\"elementor-widget-container\">\n\t\t\t\t\t<div class=\"elementor-divider\">\n\t\t\t<span class=\"elementor-divider-separator\">\n\t\t\t\t\t\t<\/span>\n\t\t<\/div>\n\t\t\t\t<\/div>\n\t\t\t\t<\/div>\n\t\t\t\t\t<\/div>\n\t\t<\/div>\n\t\t\t\t\t\t\t<\/div>\n\t\t<\/section>\n\t\t\t\t<section class=\"elementor-section elementor-top-section elementor-element elementor-element-ae27b52 elementor-section-boxed elementor-section-height-default elementor-section-height-default\" data-id=\"ae27b52\" data-element_type=\"section\">\n\t\t\t\t\t\t<div class=\"elementor-container elementor-column-gap-default\">\n\t\t\t\t\t<div class=\"elementor-column elementor-col-100 elementor-top-column elementor-element elementor-element-bd275bb\" data-id=\"bd275bb\" data-element_type=\"column\">\n\t\t\t<div class=\"elementor-widget-wrap elementor-element-populated\">\n\t\t\t\t\t\t\t\t<div class=\"elementor-element elementor-element-49a77bc elementor-widget elementor-widget-spacer\" data-id=\"49a77bc\" data-element_type=\"widget\" data-widget_type=\"spacer.default\">\n\t\t\t\t<div class=\"elementor-widget-container\">\n\t\t\t\t\t<div class=\"elementor-spacer\">\n\t\t\t<div class=\"elementor-spacer-inner\"><\/div>\n\t\t<\/div>\n\t\t\t\t<\/div>\n\t\t\t\t<\/div>\n\t\t\t\t<div class=\"elementor-element elementor-element-accb18b elementor-widget elementor-widget-heading\" data-id=\"accb18b\" data-element_type=\"widget\" data-widget_type=\"heading.default\">\n\t\t\t\t<div class=\"elementor-widget-container\">\n\t\t\t<h2 class=\"elementor-heading-title elementor-size-default\">Informes<\/h2>\t\t<\/div>\n\t\t\t\t<\/div>\n\t\t\t\t<div class=\"elementor-element elementor-element-7d82fb3 elementor-widget-divider--view-line elementor-widget elementor-widget-divider\" data-id=\"7d82fb3\" data-element_type=\"widget\" data-widget_type=\"divider.default\">\n\t\t\t\t<div class=\"elementor-widget-container\">\n\t\t\t\t\t<div class=\"elementor-divider\">\n\t\t\t<span class=\"elementor-divider-separator\">\n\t\t\t\t\t\t<\/span>\n\t\t<\/div>\n\t\t\t\t<\/div>\n\t\t\t\t<\/div>\n\t\t\t\t\t<\/div>\n\t\t<\/div>\n\t\t\t\t\t\t\t<\/div>\n\t\t<\/section>\n\t\t\t\t\t\t<\/div>\n\t\t\t\t\t<\/div>\n\t\t","protected":false},"excerpt":{"rendered":"<p>Comisi\u00f3n Ambiental Regional de San Mart\u00edn Comisi\u00f3n ambiental regional Organizaci\u00f3n Normativa Asambleas Informes<\/p>\n","protected":false},"author":4,"featured_media":0,"parent":0,"menu_order":0,"comment_status":"closed","ping_status":"closed","template":"","meta":[],"yoast_head":"<!-- This site is optimized with the Yoast SEO plugin v18.3 - https:\/\/yoast.com\/wordpress\/plugins\/seo\/ -->\n<title>Comisi\u00f3n Ambiental Regional | SIAR San Martin<\/title>\n<meta name=\"robots\" content=\"index, follow, max-snippet:-1, max-image-preview:large, max-video-preview:-1\" \/>\n<link rel=\"canonical\" href=\"https:\/\/siar.minam.gob.pe\/sanmartin\/comision-ambiental-regional\/\" \/>\n<meta property=\"og:locale\" content=\"es_ES\" \/>\n<meta property=\"og:type\" content=\"article\" \/>\n<meta property=\"og:title\" content=\"Comisi\u00f3n Ambiental Regional | SIAR San Martin\" \/>\n<meta property=\"og:description\" content=\"Comisi\u00f3n Ambiental Regional de San Mart\u00edn Comisi\u00f3n ambiental regional Organizaci\u00f3n Normativa Asambleas Informes\" \/>\n<meta property=\"og:url\" content=\"https:\/\/siar.minam.gob.pe\/sanmartin\/comision-ambiental-regional\/\" \/>\n<meta property=\"og:site_name\" content=\"SIAR San Martin\" \/>\n<meta property=\"article:modified_time\" content=\"2025-02-26T13:51:54+00:00\" \/>\n<meta name=\"twitter:card\" content=\"summary_large_image\" \/>\n<meta name=\"twitter:label1\" content=\"Tiempo de lectura\" \/>\n\t<meta name=\"twitter:data1\" content=\"1 minuto\" \/>\n<script type=\"application\/ld+json\" class=\"yoast-schema-graph\">{\"@context\":\"https:\/\/schema.org\",\"@graph\":[{\"@type\":\"Organization\",\"@id\":\"https:\/\/siar.minam.gob.pe\/sanmartin\/#organization\",\"name\":\"SIAR San Mart\u00edn\",\"url\":\"https:\/\/siar.minam.gob.pe\/sanmartin\/\",\"sameAs\":[],\"logo\":{\"@type\":\"ImageObject\",\"@id\":\"https:\/\/siar.minam.gob.pe\/sanmartin\/#logo\",\"inLanguage\":\"es\",\"url\":\"https:\/\/siar.minam.gob.pe\/sanmartin\/wp-content\/uploads\/2022\/02\/cropped-logo-SIAR.png\",\"contentUrl\":\"https:\/\/siar.minam.gob.pe\/sanmartin\/wp-content\/uploads\/2022\/02\/cropped-logo-SIAR.png\",\"width\":864,\"height\":316,\"caption\":\"SIAR San Mart\u00edn\"},\"image\":{\"@id\":\"https:\/\/siar.minam.gob.pe\/sanmartin\/#logo\"}},{\"@type\":\"WebSite\",\"@id\":\"https:\/\/siar.minam.gob.pe\/sanmartin\/#website\",\"url\":\"https:\/\/siar.minam.gob.pe\/sanmartin\/\",\"name\":\"SIAR San Martin\",\"description\":\"siar san martin\",\"publisher\":{\"@id\":\"https:\/\/siar.minam.gob.pe\/sanmartin\/#organization\"},\"potentialAction\":[{\"@type\":\"SearchAction\",\"target\":{\"@type\":\"EntryPoint\",\"urlTemplate\":\"https:\/\/siar.minam.gob.pe\/sanmartin\/?s={search_term_string}\"},\"query-input\":\"required name=search_term_string\"}],\"inLanguage\":\"es\"},{\"@type\":\"WebPage\",\"@id\":\"https:\/\/siar.minam.gob.pe\/sanmartin\/comision-ambiental-regional\/#webpage\",\"url\":\"https:\/\/siar.minam.gob.pe\/sanmartin\/comision-ambiental-regional\/\",\"name\":\"Comisi\u00f3n Ambiental Regional | SIAR San Martin\",\"isPartOf\":{\"@id\":\"https:\/\/siar.minam.gob.pe\/sanmartin\/#website\"},\"datePublished\":\"2025-02-19T21:19:45+00:00\",\"dateModified\":\"2025-02-26T13:51:54+00:00\",\"breadcrumb\":{\"@id\":\"https:\/\/siar.minam.gob.pe\/sanmartin\/comision-ambiental-regional\/#breadcrumb\"},\"inLanguage\":\"es\",\"potentialAction\":[{\"@type\":\"ReadAction\",\"target\":[\"https:\/\/siar.minam.gob.pe\/sanmartin\/comision-ambiental-regional\/\"]}]},{\"@type\":\"BreadcrumbList\",\"@id\":\"https:\/\/siar.minam.gob.pe\/sanmartin\/comision-ambiental-regional\/#breadcrumb\",\"itemListElement\":[{\"@type\":\"ListItem\",\"position\":1,\"name\":\"Inicio\",\"item\":\"https:\/\/siar.minam.gob.pe\/sanmartin\/\"},{\"@type\":\"ListItem\",\"position\":2,\"name\":\"Comisi\u00f3n Ambiental Regional\"}]}]}<\/script>\n<!-- \/ Yoast SEO plugin. -->","yoast_head_json":{"title":"Comisi\u00f3n Ambiental Regional | SIAR San Martin","robots":{"index":"index","follow":"follow","max-snippet":"max-snippet:-1","max-image-preview":"max-image-preview:large","max-video-preview":"max-video-preview:-1"},"canonical":"https:\/\/siar.minam.gob.pe\/sanmartin\/comision-ambiental-regional\/","og_locale":"es_ES","og_type":"article","og_title":"Comisi\u00f3n Ambiental Regional | SIAR San Martin","og_description":"Comisi\u00f3n Ambiental Regional de San Mart\u00edn Comisi\u00f3n ambiental regional Organizaci\u00f3n Normativa Asambleas Informes","og_url":"https:\/\/siar.minam.gob.pe\/sanmartin\/comision-ambiental-regional\/","og_site_name":"SIAR San Martin","article_modified_time":"2025-02-26T13:51:54+00:00","twitter_card":"summary_large_image","twitter_misc":{"Tiempo de lectura":"1 minuto"},"schema":{"@context":"https:\/\/schema.org","@graph":[{"@type":"Organization","@id":"https:\/\/siar.minam.gob.pe\/sanmartin\/#organization","name":"SIAR San Mart\u00edn","url":"https:\/\/siar.minam.gob.pe\/sanmartin\/","sameAs":[],"logo":{"@type":"ImageObject","@id":"https:\/\/siar.minam.gob.pe\/sanmartin\/#logo","inLanguage":"es","url":"https:\/\/siar.minam.gob.pe\/sanmartin\/wp-content\/uploads\/2022\/02\/cropped-logo-SIAR.png","contentUrl":"https:\/\/siar.minam.gob.pe\/sanmartin\/wp-content\/uploads\/2022\/02\/cropped-logo-SIAR.png","width":864,"height":316,"caption":"SIAR San Mart\u00edn"},"image":{"@id":"https:\/\/siar.minam.gob.pe\/sanmartin\/#logo"}},{"@type":"WebSite","@id":"https:\/\/siar.minam.gob.pe\/sanmartin\/#website","url":"https:\/\/siar.minam.gob.pe\/sanmartin\/","name":"SIAR San Martin","description":"siar san martin","publisher":{"@id":"https:\/\/siar.minam.gob.pe\/sanmartin\/#organization"},"potentialAction":[{"@type":"SearchAction","target":{"@type":"EntryPoint","urlTemplate":"https:\/\/siar.minam.gob.pe\/sanmartin\/?s={search_term_string}"},"query-input":"required name=search_term_string"}],"inLanguage":"es"},{"@type":"WebPage","@id":"https:\/\/siar.minam.gob.pe\/sanmartin\/comision-ambiental-regional\/#webpage","url":"https:\/\/siar.minam.gob.pe\/sanmartin\/comision-ambiental-regional\/","name":"Comisi\u00f3n Ambiental Regional | SIAR San Martin","isPartOf":{"@id":"https:\/\/siar.minam.gob.pe\/sanmartin\/#website"},"datePublished":"2025-02-19T21:19:45+00:00","dateModified":"2025-02-26T13:51:54+00:00","breadcrumb":{"@id":"https:\/\/siar.minam.gob.pe\/sanmartin\/comision-ambiental-regional\/#breadcrumb"},"inLanguage":"es","potentialAction":[{"@type":"ReadAction","target":["https:\/\/siar.minam.gob.pe\/sanmartin\/comision-ambiental-regional\/"]}]},{"@type":"BreadcrumbList","@id":"https:\/\/siar.minam.gob.pe\/sanmartin\/comision-ambiental-regional\/#breadcrumb","itemListElement":[{"@type":"ListItem","position":1,"name":"Inicio","item":"https:\/\/siar.minam.gob.pe\/sanmartin\/"},{"@type":"ListItem","position":2,"name":"Comisi\u00f3n Ambiental Regional"}]}]}},"_links":{"self":[{"href":"https:\/\/siar.minam.gob.pe\/sanmartin\/wp-json\/wp\/v2\/pages\/4153"}],"collection":[{"href":"https:\/\/siar.minam.gob.pe\/sanmartin\/wp-json\/wp\/v2\/pages"}],"about":[{"href":"https:\/\/siar.minam.gob.pe\/sanmartin\/wp-json\/wp\/v2\/types\/page"}],"author":[{"embeddable":true,"href":"https:\/\/siar.minam.gob.pe\/sanmartin\/wp-json\/wp\/v2\/users\/4"}],"replies":[{"embeddable":true,"href":"https:\/\/siar.minam.gob.pe\/sanmartin\/wp-json\/wp\/v2\/comments?post=4153"}],"version-history":[{"count":10,"href":"https:\/\/siar.minam.gob.pe\/sanmartin\/wp-json\/wp\/v2\/pages\/4153\/revisions"}],"predecessor-version":[{"id":4166,"href":"https:\/\/siar.minam.gob.pe\/sanmartin\/wp-json\/wp\/v2\/pages\/4153\/revisions\/4166"}],"wp:attachment":[{"href":"https:\/\/siar.minam.gob.pe\/sanmartin\/wp-json\/wp\/v2\/media?parent=4153"}],"curies":[{"name":"wp","href":"https:\/\/api.w.org\/{rel}","templated":true}]}}