{"id":3776,"date":"2023-09-19T17:15:40","date_gmt":"2023-09-19T22:15:40","guid":{"rendered":"http:\/\/192.168.30.195\/siarsanmartin\/?page_id=3776"},"modified":"2024-01-16T09:37:51","modified_gmt":"2024-01-16T14:37:51","slug":"estadisticas-regionales","status":"publish","type":"page","link":"https:\/\/siar.minam.gob.pe\/sanmartin\/estadisticas-regionales\/","title":{"rendered":"Estadisticas-regionales"},"content":{"rendered":"\t\t<div data-elementor-type=\"wp-page\" data-elementor-id=\"3776\" class=\"elementor elementor-3776\" data-elementor-settings=\"[]\">\n\t\t\t\t\t\t\t<div class=\"elementor-section-wrap\">\n\t\t\t\t\t\t\t<section class=\"elementor-section elementor-top-section elementor-element elementor-element-c5d5708 elementor-section-height-min-height elementor-section-boxed elementor-section-height-default elementor-section-items-middle\" data-id=\"c5d5708\" data-element_type=\"section\" data-settings=\"{&quot;background_background&quot;:&quot;classic&quot;}\">\n\t\t\t\t\t\t\t<div class=\"elementor-background-overlay\"><\/div>\n\t\t\t\t\t\t\t<div class=\"elementor-container elementor-column-gap-default\">\n\t\t\t\t\t<div class=\"elementor-column elementor-col-100 elementor-top-column elementor-element elementor-element-2fb5ef9\" data-id=\"2fb5ef9\" data-element_type=\"column\">\n\t\t\t<div class=\"elementor-widget-wrap elementor-element-populated\">\n\t\t\t\t\t\t\t\t<div class=\"elementor-element elementor-element-72cab4e elementor-widget elementor-widget-heading\" data-id=\"72cab4e\" data-element_type=\"widget\" data-widget_type=\"heading.default\">\n\t\t\t\t<div class=\"elementor-widget-container\">\n\t\t\t<h3 class=\"elementor-heading-title elementor-size-default\">Estad\u00edsticas<\/h3>\t\t<\/div>\n\t\t\t\t<\/div>\n\t\t\t\t<div class=\"elementor-element elementor-element-2be0246 elementor-icon-list--layout-inline elementor-align-center elementor-list-item-link-full_width elementor-widget elementor-widget-icon-list\" data-id=\"2be0246\" data-element_type=\"widget\" data-widget_type=\"icon-list.default\">\n\t\t\t\t<div class=\"elementor-widget-container\">\n\t\t\t\t\t<ul class=\"elementor-icon-list-items elementor-inline-items\">\n\t\t\t\t\t\t\t<li class=\"elementor-icon-list-item elementor-inline-item\">\n\t\t\t\t\t\t\t\t\t\t\t<a href=\"https:\/\/siar.minam.gob.pe\/sanmartin\/\">\n\n\t\t\t\t\t\t\t\t\t\t\t<span class=\"elementor-icon-list-text\">Inicio<\/span>\n\t\t\t\t\t\t\t\t\t\t\t<\/a>\n\t\t\t\t\t\t\t\t\t<\/li>\n\t\t\t\t\t\t\t\t<li class=\"elementor-icon-list-item elementor-inline-item\">\n\t\t\t\t\t\t\t\t\t\t\t<span class=\"elementor-icon-list-icon\">\n\t\t\t\t\t\t\t<i aria-hidden=\"true\" class=\"fas fa-angle-right\"><\/i>\t\t\t\t\t\t<\/span>\n\t\t\t\t\t\t\t\t\t\t<span class=\"elementor-icon-list-text\">Estad\u00edsticas regionales<\/span>\n\t\t\t\t\t\t\t\t\t<\/li>\n\t\t\t\t\t\t<\/ul>\n\t\t\t\t<\/div>\n\t\t\t\t<\/div>\n\t\t\t\t\t<\/div>\n\t\t<\/div>\n\t\t\t\t\t\t\t<\/div>\n\t\t<\/section>\n\t\t\t\t<section class=\"elementor-section elementor-top-section elementor-element elementor-element-b3ad923 elementor-section-height-min-height elementor-section-boxed elementor-section-height-default elementor-section-items-middle\" data-id=\"b3ad923\" data-element_type=\"section\">\n\t\t\t\t\t\t<div class=\"elementor-container elementor-column-gap-default\">\n\t\t\t\t\t<div class=\"elementor-column elementor-col-100 elementor-top-column elementor-element elementor-element-02d45c7\" data-id=\"02d45c7\" data-element_type=\"column\">\n\t\t\t<div class=\"elementor-widget-wrap elementor-element-populated\">\n\t\t\t\t\t\t\t\t<div class=\"elementor-element elementor-element-a0d2982 elementor-widget elementor-widget-spacer\" data-id=\"a0d2982\" data-element_type=\"widget\" data-widget_type=\"spacer.default\">\n\t\t\t\t<div class=\"elementor-widget-container\">\n\t\t\t\t\t<div class=\"elementor-spacer\">\n\t\t\t<div class=\"elementor-spacer-inner\"><\/div>\n\t\t<\/div>\n\t\t\t\t<\/div>\n\t\t\t\t<\/div>\n\t\t\t\t<div class=\"elementor-element elementor-element-f0236ca elementor-widget elementor-widget-heading\" data-id=\"f0236ca\" data-element_type=\"widget\" data-widget_type=\"heading.default\">\n\t\t\t\t<div class=\"elementor-widget-container\">\n\t\t\t<h3 class=\"elementor-heading-title elementor-size-default\">Estad\u00edsticas de San Mart\u00edn<\/h3>\t\t<\/div>\n\t\t\t\t<\/div>\n\t\t\t\t<div class=\"elementor-element elementor-element-0075f6a elementor-widget-divider--view-line elementor-widget elementor-widget-divider\" data-id=\"0075f6a\" data-element_type=\"widget\" data-widget_type=\"divider.default\">\n\t\t\t\t<div class=\"elementor-widget-container\">\n\t\t\t\t\t<div class=\"elementor-divider\">\n\t\t\t<span class=\"elementor-divider-separator\">\n\t\t\t\t\t\t<\/span>\n\t\t<\/div>\n\t\t\t\t<\/div>\n\t\t\t\t<\/div>\n\t\t\t\t\t<\/div>\n\t\t<\/div>\n\t\t\t\t\t\t\t<\/div>\n\t\t<\/section>\n\t\t\t\t<section class=\"elementor-section elementor-top-section elementor-element elementor-element-628f03f elementor-section-full_width elementor-section-height-default elementor-section-height-default\" data-id=\"628f03f\" data-element_type=\"section\">\n\t\t\t\t\t\t<div class=\"elementor-container elementor-column-gap-default\">\n\t\t\t\t\t<div class=\"elementor-column elementor-col-100 elementor-top-column elementor-element elementor-element-0d3ed93\" data-id=\"0d3ed93\" data-element_type=\"column\">\n\t\t\t<div class=\"elementor-widget-wrap elementor-element-populated\">\n\t\t\t\t\t\t\t\t<div class=\"elementor-element elementor-element-9961487 elementor-widget elementor-widget-html\" data-id=\"9961487\" data-element_type=\"widget\" data-widget_type=\"html.default\">\n\t\t\t\t<div class=\"elementor-widget-container\">\n\t\t\t<iframe id=\"miIframe\" src=\"https:\/\/sinia-indicadores.web.app\/#\/estadisticas?region=22\" width=\"100%\" scrolling=\"no\" style=\"border: none;\"><\/iframe>\r\n\r\n<style>\r\n  @media screen and (min-width: 768px) and (max-width: 1200px) {\r\n    #miIframe {\r\n      height: 2400px;\r\n    }\r\n  }\r\n  @media screen and (min-width: 1201px) {\r\n    #miIframe {\r\n      height: 1800px;\r\n    }\r\n  }\r\n  @media screen and (max-width: 767px) {\r\n    #miIframe {\r\n      height: 3400px;\r\n    }\r\n  }\r\n<\/style>\r\n\t\t<\/div>\n\t\t\t\t<\/div>\n\t\t\t\t\t<\/div>\n\t\t<\/div>\n\t\t\t\t\t\t\t<\/div>\n\t\t<\/section>\n\t\t\t\t\t\t<\/div>\n\t\t\t\t\t<\/div>\n\t\t","protected":false},"excerpt":{"rendered":"<p>Estad\u00edsticas Inicio Estad\u00edsticas regionales Estad\u00edsticas de San Mart\u00edn<\/p>\n","protected":false},"author":1,"featured_media":0,"parent":0,"menu_order":0,"comment_status":"closed","ping_status":"closed","template":"","meta":[],"yoast_head":"<!-- This site is optimized with the Yoast SEO plugin v18.3 - https:\/\/yoast.com\/wordpress\/plugins\/seo\/ -->\n<title>Estadisticas-regionales | SIAR San Martin<\/title>\n<meta name=\"robots\" content=\"index, follow, max-snippet:-1, max-image-preview:large, max-video-preview:-1\" \/>\n<link rel=\"canonical\" href=\"https:\/\/siar.minam.gob.pe\/sanmartin\/estadisticas-regionales\/\" \/>\n<meta property=\"og:locale\" content=\"es_ES\" \/>\n<meta property=\"og:type\" content=\"article\" \/>\n<meta property=\"og:title\" content=\"Estadisticas-regionales | SIAR San Martin\" \/>\n<meta property=\"og:description\" content=\"Estad\u00edsticas Inicio Estad\u00edsticas regionales Estad\u00edsticas de San Mart\u00edn\" \/>\n<meta property=\"og:url\" content=\"https:\/\/siar.minam.gob.pe\/sanmartin\/estadisticas-regionales\/\" \/>\n<meta property=\"og:site_name\" content=\"SIAR San Martin\" \/>\n<meta property=\"article:modified_time\" content=\"2024-01-16T14:37:51+00:00\" \/>\n<meta name=\"twitter:card\" content=\"summary_large_image\" \/>\n<meta name=\"twitter:label1\" content=\"Tiempo de lectura\" \/>\n\t<meta name=\"twitter:data1\" content=\"1 minuto\" \/>\n<script type=\"application\/ld+json\" class=\"yoast-schema-graph\">{\"@context\":\"https:\/\/schema.org\",\"@graph\":[{\"@type\":\"Organization\",\"@id\":\"https:\/\/siar.minam.gob.pe\/sanmartin\/#organization\",\"name\":\"SIAR San Mart\u00edn\",\"url\":\"https:\/\/siar.minam.gob.pe\/sanmartin\/\",\"sameAs\":[],\"logo\":{\"@type\":\"ImageObject\",\"@id\":\"https:\/\/siar.minam.gob.pe\/sanmartin\/#logo\",\"inLanguage\":\"es\",\"url\":\"https:\/\/siar.minam.gob.pe\/sanmartin\/wp-content\/uploads\/2022\/02\/cropped-logo-SIAR.png\",\"contentUrl\":\"https:\/\/siar.minam.gob.pe\/sanmartin\/wp-content\/uploads\/2022\/02\/cropped-logo-SIAR.png\",\"width\":864,\"height\":316,\"caption\":\"SIAR San Mart\u00edn\"},\"image\":{\"@id\":\"https:\/\/siar.minam.gob.pe\/sanmartin\/#logo\"}},{\"@type\":\"WebSite\",\"@id\":\"https:\/\/siar.minam.gob.pe\/sanmartin\/#website\",\"url\":\"https:\/\/siar.minam.gob.pe\/sanmartin\/\",\"name\":\"SIAR San Martin\",\"description\":\"siar san martin\",\"publisher\":{\"@id\":\"https:\/\/siar.minam.gob.pe\/sanmartin\/#organization\"},\"potentialAction\":[{\"@type\":\"SearchAction\",\"target\":{\"@type\":\"EntryPoint\",\"urlTemplate\":\"https:\/\/siar.minam.gob.pe\/sanmartin\/?s={search_term_string}\"},\"query-input\":\"required name=search_term_string\"}],\"inLanguage\":\"es\"},{\"@type\":\"WebPage\",\"@id\":\"https:\/\/siar.minam.gob.pe\/sanmartin\/estadisticas-regionales\/#webpage\",\"url\":\"https:\/\/siar.minam.gob.pe\/sanmartin\/estadisticas-regionales\/\",\"name\":\"Estadisticas-regionales | SIAR San Martin\",\"isPartOf\":{\"@id\":\"https:\/\/siar.minam.gob.pe\/sanmartin\/#website\"},\"datePublished\":\"2023-09-19T22:15:40+00:00\",\"dateModified\":\"2024-01-16T14:37:51+00:00\",\"breadcrumb\":{\"@id\":\"https:\/\/siar.minam.gob.pe\/sanmartin\/estadisticas-regionales\/#breadcrumb\"},\"inLanguage\":\"es\",\"potentialAction\":[{\"@type\":\"ReadAction\",\"target\":[\"https:\/\/siar.minam.gob.pe\/sanmartin\/estadisticas-regionales\/\"]}]},{\"@type\":\"BreadcrumbList\",\"@id\":\"https:\/\/siar.minam.gob.pe\/sanmartin\/estadisticas-regionales\/#breadcrumb\",\"itemListElement\":[{\"@type\":\"ListItem\",\"position\":1,\"name\":\"Inicio\",\"item\":\"https:\/\/siar.minam.gob.pe\/sanmartin\/\"},{\"@type\":\"ListItem\",\"position\":2,\"name\":\"Estadisticas-regionales\"}]}]}<\/script>\n<!-- \/ Yoast SEO plugin. -->","yoast_head_json":{"title":"Estadisticas-regionales | SIAR San Martin","robots":{"index":"index","follow":"follow","max-snippet":"max-snippet:-1","max-image-preview":"max-image-preview:large","max-video-preview":"max-video-preview:-1"},"canonical":"https:\/\/siar.minam.gob.pe\/sanmartin\/estadisticas-regionales\/","og_locale":"es_ES","og_type":"article","og_title":"Estadisticas-regionales | SIAR San Martin","og_description":"Estad\u00edsticas Inicio Estad\u00edsticas regionales Estad\u00edsticas de San Mart\u00edn","og_url":"https:\/\/siar.minam.gob.pe\/sanmartin\/estadisticas-regionales\/","og_site_name":"SIAR San Martin","article_modified_time":"2024-01-16T14:37:51+00:00","twitter_card":"summary_large_image","twitter_misc":{"Tiempo de lectura":"1 minuto"},"schema":{"@context":"https:\/\/schema.org","@graph":[{"@type":"Organization","@id":"https:\/\/siar.minam.gob.pe\/sanmartin\/#organization","name":"SIAR San Mart\u00edn","url":"https:\/\/siar.minam.gob.pe\/sanmartin\/","sameAs":[],"logo":{"@type":"ImageObject","@id":"https:\/\/siar.minam.gob.pe\/sanmartin\/#logo","inLanguage":"es","url":"https:\/\/siar.minam.gob.pe\/sanmartin\/wp-content\/uploads\/2022\/02\/cropped-logo-SIAR.png","contentUrl":"https:\/\/siar.minam.gob.pe\/sanmartin\/wp-content\/uploads\/2022\/02\/cropped-logo-SIAR.png","width":864,"height":316,"caption":"SIAR San Mart\u00edn"},"image":{"@id":"https:\/\/siar.minam.gob.pe\/sanmartin\/#logo"}},{"@type":"WebSite","@id":"https:\/\/siar.minam.gob.pe\/sanmartin\/#website","url":"https:\/\/siar.minam.gob.pe\/sanmartin\/","name":"SIAR San Martin","description":"siar san martin","publisher":{"@id":"https:\/\/siar.minam.gob.pe\/sanmartin\/#organization"},"potentialAction":[{"@type":"SearchAction","target":{"@type":"EntryPoint","urlTemplate":"https:\/\/siar.minam.gob.pe\/sanmartin\/?s={search_term_string}"},"query-input":"required name=search_term_string"}],"inLanguage":"es"},{"@type":"WebPage","@id":"https:\/\/siar.minam.gob.pe\/sanmartin\/estadisticas-regionales\/#webpage","url":"https:\/\/siar.minam.gob.pe\/sanmartin\/estadisticas-regionales\/","name":"Estadisticas-regionales | SIAR San Martin","isPartOf":{"@id":"https:\/\/siar.minam.gob.pe\/sanmartin\/#website"},"datePublished":"2023-09-19T22:15:40+00:00","dateModified":"2024-01-16T14:37:51+00:00","breadcrumb":{"@id":"https:\/\/siar.minam.gob.pe\/sanmartin\/estadisticas-regionales\/#breadcrumb"},"inLanguage":"es","potentialAction":[{"@type":"ReadAction","target":["https:\/\/siar.minam.gob.pe\/sanmartin\/estadisticas-regionales\/"]}]},{"@type":"BreadcrumbList","@id":"https:\/\/siar.minam.gob.pe\/sanmartin\/estadisticas-regionales\/#breadcrumb","itemListElement":[{"@type":"ListItem","position":1,"name":"Inicio","item":"https:\/\/siar.minam.gob.pe\/sanmartin\/"},{"@type":"ListItem","position":2,"name":"Estadisticas-regionales"}]}]}},"_links":{"self":[{"href":"https:\/\/siar.minam.gob.pe\/sanmartin\/wp-json\/wp\/v2\/pages\/3776"}],"collection":[{"href":"https:\/\/siar.minam.gob.pe\/sanmartin\/wp-json\/wp\/v2\/pages"}],"about":[{"href":"https:\/\/siar.minam.gob.pe\/sanmartin\/wp-json\/wp\/v2\/types\/page"}],"author":[{"embeddable":true,"href":"https:\/\/siar.minam.gob.pe\/sanmartin\/wp-json\/wp\/v2\/users\/1"}],"replies":[{"embeddable":true,"href":"https:\/\/siar.minam.gob.pe\/sanmartin\/wp-json\/wp\/v2\/comments?post=3776"}],"version-history":[{"count":37,"href":"https:\/\/siar.minam.gob.pe\/sanmartin\/wp-json\/wp\/v2\/pages\/3776\/revisions"}],"predecessor-version":[{"id":4131,"href":"https:\/\/siar.minam.gob.pe\/sanmartin\/wp-json\/wp\/v2\/pages\/3776\/revisions\/4131"}],"wp:attachment":[{"href":"https:\/\/siar.minam.gob.pe\/sanmartin\/wp-json\/wp\/v2\/media?parent=3776"}],"curies":[{"name":"wp","href":"https:\/\/api.w.org\/{rel}","templated":true}]}}