{"id":96,"date":"2022-02-03T10:37:31","date_gmt":"2022-02-03T15:37:31","guid":{"rendered":"http:\/\/siarapurimac.codigoydatos.com\/?page_id=96"},"modified":"2024-01-08T16:45:55","modified_gmt":"2024-01-08T21:45:55","slug":"acerca-de","status":"publish","type":"page","link":"https:\/\/siar.minam.gob.pe\/loreto\/acerca-de\/","title":{"rendered":"Acerca de"},"content":{"rendered":"\t\t<div data-elementor-type=\"wp-page\" data-elementor-id=\"96\" class=\"elementor elementor-96\" data-elementor-settings=\"[]\">\n\t\t\t\t\t\t\t<div class=\"elementor-section-wrap\">\n\t\t\t\t\t\t\t<section class=\"elementor-section elementor-top-section elementor-element elementor-element-1426a7f elementor-section-height-min-height elementor-section-boxed elementor-section-height-default elementor-section-items-middle\" data-id=\"1426a7f\" data-element_type=\"section\" data-settings=\"{&quot;background_background&quot;:&quot;classic&quot;}\">\n\t\t\t\t\t\t\t<div class=\"elementor-background-overlay\"><\/div>\n\t\t\t\t\t\t\t<div class=\"elementor-container elementor-column-gap-default\">\n\t\t\t\t\t<div class=\"elementor-column elementor-col-100 elementor-top-column elementor-element elementor-element-f3fd25d\" data-id=\"f3fd25d\" data-element_type=\"column\" data-settings=\"{&quot;background_background&quot;:&quot;classic&quot;}\">\n\t\t\t<div class=\"elementor-widget-wrap elementor-element-populated\">\n\t\t\t\t\t\t\t\t<div class=\"elementor-element elementor-element-a2b3db1 elementor-align-center elementor-widget elementor-widget-breadcrumbs\" data-id=\"a2b3db1\" data-element_type=\"widget\" data-widget_type=\"breadcrumbs.default\">\n\t\t\t\t<div class=\"elementor-widget-container\">\n\t\t\t<p id=\"breadcrumbs\"><span><span><a href=\"https:\/\/siar.minam.gob.pe\/loreto\/\">Inicio<\/a><\/span><\/p>\t\t<\/div>\n\t\t\t\t<\/div>\n\t\t\t\t\t<\/div>\n\t\t<\/div>\n\t\t\t\t\t\t\t<\/div>\n\t\t<\/section>\n\t\t\t\t<section class=\"elementor-section elementor-top-section elementor-element elementor-element-45d62a6 elementor-section-boxed elementor-section-height-default elementor-section-height-default\" data-id=\"45d62a6\" data-element_type=\"section\">\n\t\t\t\t\t\t<div class=\"elementor-container elementor-column-gap-default\">\n\t\t\t\t\t<div class=\"elementor-column elementor-col-50 elementor-top-column elementor-element elementor-element-1ae9456\" data-id=\"1ae9456\" data-element_type=\"column\">\n\t\t\t<div class=\"elementor-widget-wrap elementor-element-populated\">\n\t\t\t\t\t\t\t\t<div class=\"elementor-element elementor-element-ffd6bc0 elementor-widget elementor-widget-heading\" data-id=\"ffd6bc0\" data-element_type=\"widget\" data-widget_type=\"heading.default\">\n\t\t\t\t<div class=\"elementor-widget-container\">\n\t\t\t<h2 class=\"elementor-heading-title elementor-size-default\">Acerca del SIAR<\/h2>\t\t<\/div>\n\t\t\t\t<\/div>\n\t\t\t\t<div class=\"elementor-element elementor-element-d27fa97 elementor-widget elementor-widget-text-editor\" data-id=\"d27fa97\" data-element_type=\"widget\" data-widget_type=\"text-editor.default\">\n\t\t\t\t<div class=\"elementor-widget-container\">\n\t\t\t\t\t\t\t<p><span style=\"text-align: justify;\">El Sistema de Informaci\u00f3n Ambiental Regional (SIAR) se desarrolla con la finalidad de servir como herramienta de apoyo a la implementaci\u00f3n del Sistema Nacional de Gesti\u00f3n Ambiental y es parte conformante del Sistema Nacional de Informaci\u00f3n Ambiental. El proceso de coordinaci\u00f3n para la implementaci\u00f3n\u00a0 de los SIAR\u2019s a nivel nacional recae en la Direcci\u00f3n de Informaci\u00f3n, Investigaci\u00f3n e Innovaci\u00f3n Ambiental del Vice ministerio de Gesti\u00f3n Ambiental, quienes ejecutan sus funciones en virtud a aquellas asignadas al Ministerio del Ambiente en el Articulo de 5\u00aa de su ley de creaci\u00f3n que establece que es funci\u00f3n compartida del MINAM \u201cPrestar apoyo t\u00e9cnico a los Gobiernos Regionales y Locales para el adecuado cumplimiento de las funciones ambientales descentralizadas\u201d.<\/span><\/p>\t\t\t\t\t\t<\/div>\n\t\t\t\t<\/div>\n\t\t\t\t\t<\/div>\n\t\t<\/div>\n\t\t\t\t<div class=\"elementor-column elementor-col-50 elementor-top-column elementor-element elementor-element-3f84b4b\" data-id=\"3f84b4b\" data-element_type=\"column\">\n\t\t\t<div class=\"elementor-widget-wrap elementor-element-populated\">\n\t\t\t\t\t\t\t\t<div class=\"elementor-element elementor-element-e915065 elementor-widget elementor-widget-image\" data-id=\"e915065\" data-element_type=\"widget\" data-widget_type=\"image.default\">\n\t\t\t\t<div class=\"elementor-widget-container\">\n\t\t\t\t\t\t\t\t\t\t\t\t\t\t\t<img width=\"800\" height=\"385\" src=\"https:\/\/siar.minam.gob.pe\/loreto\/wp-content\/uploads\/2023\/11\/logo-SIAR_1.png\" class=\"attachment-large size-large\" alt=\"LOGO SIAR LORETO\" loading=\"lazy\" srcset=\"https:\/\/siar.minam.gob.pe\/loreto\/wp-content\/uploads\/2023\/11\/logo-SIAR_1.png 864w, https:\/\/siar.minam.gob.pe\/loreto\/wp-content\/uploads\/2023\/11\/logo-SIAR_1-300x144.png 300w, https:\/\/siar.minam.gob.pe\/loreto\/wp-content\/uploads\/2023\/11\/logo-SIAR_1-768x370.png 768w\" sizes=\"(max-width: 800px) 100vw, 800px\" \/>\t\t\t\t\t\t\t\t\t\t\t\t\t\t\t<\/div>\n\t\t\t\t<\/div>\n\t\t\t\t\t<\/div>\n\t\t<\/div>\n\t\t\t\t\t\t\t<\/div>\n\t\t<\/section>\n\t\t\t\t<section class=\"elementor-section elementor-top-section elementor-element elementor-element-4bb6ab9 elementor-section-boxed elementor-section-height-default elementor-section-height-default\" data-id=\"4bb6ab9\" data-element_type=\"section\">\n\t\t\t\t\t\t<div class=\"elementor-container elementor-column-gap-default\">\n\t\t\t\t\t<div class=\"elementor-column elementor-col-100 elementor-top-column elementor-element elementor-element-6c7d157\" data-id=\"6c7d157\" data-element_type=\"column\">\n\t\t\t<div class=\"elementor-widget-wrap elementor-element-populated\">\n\t\t\t\t\t\t\t\t<div class=\"elementor-element elementor-element-cf82ca5 elementor-widget elementor-widget-heading\" data-id=\"cf82ca5\" data-element_type=\"widget\" data-widget_type=\"heading.default\">\n\t\t\t\t<div class=\"elementor-widget-container\">\n\t\t\t<h2 class=\"elementor-heading-title elementor-size-default\">Servicios del SIAR<\/h2>\t\t<\/div>\n\t\t\t\t<\/div>\n\t\t\t\t<section class=\"elementor-section elementor-inner-section elementor-element elementor-element-f081445 elementor-section-boxed elementor-section-height-default elementor-section-height-default\" data-id=\"f081445\" data-element_type=\"section\">\n\t\t\t\t\t\t<div class=\"elementor-container elementor-column-gap-default\">\n\t\t\t\t\t<div class=\"elementor-column elementor-col-25 elementor-inner-column elementor-element elementor-element-b7aea67\" data-id=\"b7aea67\" data-element_type=\"column\">\n\t\t\t<div class=\"elementor-widget-wrap elementor-element-populated\">\n\t\t\t\t\t\t\t\t<div class=\"elementor-element elementor-element-39de841 elementor-view-stacked elementor-shape-circle elementor-position-top elementor-vertical-align-top elementor-widget elementor-widget-icon-box\" data-id=\"39de841\" data-element_type=\"widget\" data-widget_type=\"icon-box.default\">\n\t\t\t\t<div class=\"elementor-widget-container\">\n\t\t\t\t\t<div class=\"elementor-icon-box-wrapper\">\n\t\t\t\t\t\t<div class=\"elementor-icon-box-icon\">\n\t\t\t\t<a class=\"elementor-icon elementor-animation-grow\" href=\"\/loreto\/?s&#038;content_type=documentos\">\n\t\t\t\t<i aria-hidden=\"true\" class=\"fas fa-book-reader\"><\/i>\t\t\t\t<\/a>\n\t\t\t<\/div>\n\t\t\t\t\t\t<div class=\"elementor-icon-box-content\">\n\t\t\t\t<h3 class=\"elementor-icon-box-title\">\n\t\t\t\t\t<a href=\"\/loreto\/?s&#038;content_type=documentos\" >\n\t\t\t\t\t\tPublicaciones\t\t\t\t\t<\/a>\n\t\t\t\t<\/h3>\n\t\t\t\t\t\t\t\t\t<p class=\"elementor-icon-box-description\">\n\t\t\t\t\t\tAcceso a material bibliogr\u00e1fico y hemerogr\u00e1fico en temas ambientales como libros, revistas, gu\u00edas, manuales e investigaciones.\t\t\t\t\t<\/p>\n\t\t\t\t\t\t\t<\/div>\n\t\t<\/div>\n\t\t\t\t<\/div>\n\t\t\t\t<\/div>\n\t\t\t\t\t<\/div>\n\t\t<\/div>\n\t\t\t\t<div class=\"elementor-column elementor-col-25 elementor-inner-column elementor-element elementor-element-cddd34f\" data-id=\"cddd34f\" data-element_type=\"column\">\n\t\t\t<div class=\"elementor-widget-wrap elementor-element-populated\">\n\t\t\t\t\t\t\t\t<div class=\"elementor-element elementor-element-ff699ba elementor-view-stacked elementor-shape-circle elementor-position-top elementor-vertical-align-top elementor-widget elementor-widget-icon-box\" data-id=\"ff699ba\" data-element_type=\"widget\" data-widget_type=\"icon-box.default\">\n\t\t\t\t<div class=\"elementor-widget-container\">\n\t\t\t\t\t<div class=\"elementor-icon-box-wrapper\">\n\t\t\t\t\t\t<div class=\"elementor-icon-box-icon\">\n\t\t\t\t<a class=\"elementor-icon elementor-animation-grow\" href=\"\/loreto\/?s&#038;content_type=normatividad\">\n\t\t\t\t<i aria-hidden=\"true\" class=\"fas fa-balance-scale-right\"><\/i>\t\t\t\t<\/a>\n\t\t\t<\/div>\n\t\t\t\t\t\t<div class=\"elementor-icon-box-content\">\n\t\t\t\t<h3 class=\"elementor-icon-box-title\">\n\t\t\t\t\t<a href=\"\/loreto\/?s&#038;content_type=normatividad\" >\n\t\t\t\t\t\tNormatividad\t\t\t\t\t<\/a>\n\t\t\t\t<\/h3>\n\t\t\t\t\t\t\t\t\t<p class=\"elementor-icon-box-description\">\n\t\t\t\t\t\tAcceso a dispositivos legales como leyes, ordenanzas, resoluciones y otros instrumentos normativos de inter\u00e9s.\t\t\t\t\t<\/p>\n\t\t\t\t\t\t\t<\/div>\n\t\t<\/div>\n\t\t\t\t<\/div>\n\t\t\t\t<\/div>\n\t\t\t\t\t<\/div>\n\t\t<\/div>\n\t\t\t\t<div class=\"elementor-column elementor-col-25 elementor-inner-column elementor-element elementor-element-009e8ab\" data-id=\"009e8ab\" data-element_type=\"column\">\n\t\t\t<div class=\"elementor-widget-wrap elementor-element-populated\">\n\t\t\t\t\t\t\t\t<div class=\"elementor-element elementor-element-90a5c79 elementor-view-stacked elementor-shape-circle elementor-position-top elementor-vertical-align-top elementor-widget elementor-widget-icon-box\" data-id=\"90a5c79\" data-element_type=\"widget\" data-widget_type=\"icon-box.default\">\n\t\t\t\t<div class=\"elementor-widget-container\">\n\t\t\t\t\t<div class=\"elementor-icon-box-wrapper\">\n\t\t\t\t\t\t<div class=\"elementor-icon-box-icon\">\n\t\t\t\t<a class=\"elementor-icon elementor-animation-grow\" href=\"\/loreto\/estadistica-provincial\/\">\n\t\t\t\t<i aria-hidden=\"true\" class=\"fas fa-chart-pie\"><\/i>\t\t\t\t<\/a>\n\t\t\t<\/div>\n\t\t\t\t\t\t<div class=\"elementor-icon-box-content\">\n\t\t\t\t<h3 class=\"elementor-icon-box-title\">\n\t\t\t\t\t<a href=\"\/loreto\/estadistica-provincial\/\" >\n\t\t\t\t\t\tEstad\u00edsticas\t\t\t\t\t<\/a>\n\t\t\t\t<\/h3>\n\t\t\t\t\t\t\t\t\t<p class=\"elementor-icon-box-description\">\n\t\t\t\t\t\tConsulta y descarga de datos e informaci\u00f3n estad\u00edstica sobre los principales componentes ambientales.\t\t\t\t\t<\/p>\n\t\t\t\t\t\t\t<\/div>\n\t\t<\/div>\n\t\t\t\t<\/div>\n\t\t\t\t<\/div>\n\t\t\t\t\t<\/div>\n\t\t<\/div>\n\t\t\t\t<div class=\"elementor-column elementor-col-25 elementor-inner-column elementor-element elementor-element-939ad2f\" data-id=\"939ad2f\" data-element_type=\"column\">\n\t\t\t<div class=\"elementor-widget-wrap elementor-element-populated\">\n\t\t\t\t\t\t\t\t<div class=\"elementor-element elementor-element-26df31f elementor-view-stacked elementor-shape-circle elementor-position-top elementor-vertical-align-top elementor-widget elementor-widget-icon-box\" data-id=\"26df31f\" data-element_type=\"widget\" data-widget_type=\"icon-box.default\">\n\t\t\t\t<div class=\"elementor-widget-container\">\n\t\t\t\t\t<div class=\"elementor-icon-box-wrapper\">\n\t\t\t\t\t\t<div class=\"elementor-icon-box-icon\">\n\t\t\t\t<a class=\"elementor-icon elementor-animation-grow\" href=\"\/loreto\/?s&#038;content_type=mapas\">\n\t\t\t\t<i aria-hidden=\"true\" class=\"fas fa-map-marked-alt\"><\/i>\t\t\t\t<\/a>\n\t\t\t<\/div>\n\t\t\t\t\t\t<div class=\"elementor-icon-box-content\">\n\t\t\t\t<h3 class=\"elementor-icon-box-title\">\n\t\t\t\t\t<a href=\"\/loreto\/?s&#038;content_type=mapas\" >\n\t\t\t\t\t\tMapas\t\t\t\t\t<\/a>\n\t\t\t\t<\/h3>\n\t\t\t\t\t\t\t\t\t<p class=\"elementor-icon-box-description\">\n\t\t\t\t\t\tAcceso a recursos digitales cartogr\u00e1ficos y tem\u00e1ticos georreferenciados a nivel regional y local.\t\t\t\t\t<\/p>\n\t\t\t\t\t\t\t<\/div>\n\t\t<\/div>\n\t\t\t\t<\/div>\n\t\t\t\t<\/div>\n\t\t\t\t\t<\/div>\n\t\t<\/div>\n\t\t\t\t\t\t\t<\/div>\n\t\t<\/section>\n\t\t\t\t\t<\/div>\n\t\t<\/div>\n\t\t\t\t\t\t\t<\/div>\n\t\t<\/section>\n\t\t\t\t<section class=\"elementor-section elementor-top-section elementor-element elementor-element-bf31a51 elementor-section-boxed elementor-section-height-default elementor-section-height-default\" data-id=\"bf31a51\" data-element_type=\"section\">\n\t\t\t\t\t\t<div class=\"elementor-container elementor-column-gap-default\">\n\t\t\t\t\t<div class=\"elementor-column elementor-col-100 elementor-top-column elementor-element elementor-element-16b06c3\" data-id=\"16b06c3\" data-element_type=\"column\">\n\t\t\t<div class=\"elementor-widget-wrap elementor-element-populated\">\n\t\t\t\t\t\t\t\t<div class=\"elementor-element elementor-element-1081ad7 elementor-widget elementor-widget-heading\" data-id=\"1081ad7\" data-element_type=\"widget\" data-widget_type=\"heading.default\">\n\t\t\t\t<div class=\"elementor-widget-container\">\n\t\t\t<h2 class=\"elementor-heading-title elementor-size-default\">Servicios del SIAR<\/h2>\t\t<\/div>\n\t\t\t\t<\/div>\n\t\t\t\t<section class=\"elementor-section elementor-inner-section elementor-element elementor-element-80fb890 elementor-section-boxed elementor-section-height-default elementor-section-height-default\" data-id=\"80fb890\" data-element_type=\"section\">\n\t\t\t\t\t\t<div class=\"elementor-container elementor-column-gap-default\">\n\t\t\t\t\t<div class=\"elementor-column elementor-col-50 elementor-inner-column elementor-element elementor-element-82bb7e2\" data-id=\"82bb7e2\" data-element_type=\"column\">\n\t\t\t<div class=\"elementor-widget-wrap elementor-element-populated\">\n\t\t\t\t\t\t\t\t<div class=\"elementor-element elementor-element-03e0775 elementor-widget elementor-widget-image\" data-id=\"03e0775\" data-element_type=\"widget\" data-widget_type=\"image.default\">\n\t\t\t\t<div class=\"elementor-widget-container\">\n\t\t\t\t\t\t\t\t\t\t\t\t\t\t\t<img width=\"800\" height=\"530\" src=\"https:\/\/siar.minam.gob.pe\/loreto\/wp-content\/uploads\/2023\/11\/loreto-1024x678.jpg\" class=\"attachment-large size-large\" alt=\"\" loading=\"lazy\" srcset=\"https:\/\/siar.minam.gob.pe\/loreto\/wp-content\/uploads\/2023\/11\/loreto-1024x678.jpg 1024w, https:\/\/siar.minam.gob.pe\/loreto\/wp-content\/uploads\/2023\/11\/loreto-300x199.jpg 300w, https:\/\/siar.minam.gob.pe\/loreto\/wp-content\/uploads\/2023\/11\/loreto-768x509.jpg 768w, https:\/\/siar.minam.gob.pe\/loreto\/wp-content\/uploads\/2023\/11\/loreto-1536x1017.jpg 1536w, https:\/\/siar.minam.gob.pe\/loreto\/wp-content\/uploads\/2023\/11\/loreto.jpg 1800w\" sizes=\"(max-width: 800px) 100vw, 800px\" \/>\t\t\t\t\t\t\t\t\t\t\t\t\t\t\t<\/div>\n\t\t\t\t<\/div>\n\t\t\t\t\t<\/div>\n\t\t<\/div>\n\t\t\t\t<div class=\"elementor-column elementor-col-50 elementor-inner-column elementor-element elementor-element-cbd9345\" data-id=\"cbd9345\" data-element_type=\"column\">\n\t\t\t<div class=\"elementor-widget-wrap elementor-element-populated\">\n\t\t\t\t\t\t\t\t<div class=\"elementor-element elementor-element-6d1f996 elementor-widget elementor-widget-text-editor\" data-id=\"6d1f996\" data-element_type=\"widget\" data-widget_type=\"text-editor.default\">\n\t\t\t\t<div class=\"elementor-widget-container\">\n\t\t\t\t\t\t\t<p><span style=\"text-align: justify; font-size: 1rem;\">En Octubre del 2005 se aprueba la Ley N\u00ba 28611 \u201cLey General del Ambiente\u201d, el cual se constituye en la norma ordenadora del marco normativo legal para la gesti\u00f3n ambiental en el Per\u00fa. Establece los principios y normas b\u00e1sicas para asegurar el efectivo ejercicio del derecho a un ambiente saludable, equilibrado y adecuado para el pleno desarrollo de la vida, as\u00ed como el cumplimiento del deber de contribuir a una efectiva gesti\u00f3n ambiental y de proteger el ambiente, as\u00ed como sus componentes, con el objetivo de mejorar la calidad de vida de la poblaci\u00f3n y lograr el desarrollo sostenible del pa\u00eds.<\/span><\/p><p style=\"text-align: justify;\">El art\u00edculo N\u00ba44\u00a0 establece que los informes y documentos resultantes de las actividades cient\u00edficas, t\u00e9cnicas y de monitoreo de la calidad del ambiente y de sus componentes, as\u00ed como los que se generen en el ejercicio de las funciones ambientales que ejercen las entidades p\u00fablicas, deben ser incorporados al SINIA, a fin de facilitar su acceso para las entidades p\u00fablicas y privadas, en el marco de las normas y limitaciones establecidas en las normas de transparencia y acceso a la informaci\u00f3n p\u00fablica\u201d.<\/p><p style=\"text-align: justify;\">El SIAR Loreto es un nodo del SINIA y como tal ha sido creado en el a\u00f1o 2010, como el instrumento de gesti\u00f3n ambiental, destinado a concentrar la informaci\u00f3n ambiental de la Regi\u00f3n de Loreto, para ser ofrecida a los diversos usuarios, de conformidad con lo dispuesto en la legislaci\u00f3n vigente<\/p>\t\t\t\t\t\t<\/div>\n\t\t\t\t<\/div>\n\t\t\t\t\t<\/div>\n\t\t<\/div>\n\t\t\t\t\t\t\t<\/div>\n\t\t<\/section>\n\t\t\t\t\t<\/div>\n\t\t<\/div>\n\t\t\t\t\t\t\t<\/div>\n\t\t<\/section>\n\t\t\t\t\t\t<\/div>\n\t\t\t\t\t<\/div>\n\t\t","protected":false},"excerpt":{"rendered":"<p>Acerca del SIAR El Sistema de Informaci\u00f3n Ambiental Regional (SIAR) se desarrolla con la finalidad de servir como herramienta de apoyo a la implementaci\u00f3n del Sistema Nacional de Gesti\u00f3n Ambiental y es parte conformante del Sistema Nacional de Informaci\u00f3n Ambiental. El proceso de coordinaci\u00f3n para la implementaci\u00f3n\u00a0 de los SIAR\u2019s a nivel nacional recae en [&hellip;]<\/p>\n","protected":false},"author":1,"featured_media":0,"parent":0,"menu_order":0,"comment_status":"closed","ping_status":"closed","template":"","meta":[],"yoast_head":"<!-- This site is optimized with the Yoast SEO plugin v18.3 - https:\/\/yoast.com\/wordpress\/plugins\/seo\/ -->\n<title>Acerca de | SIAR Loreto<\/title>\n<meta name=\"robots\" content=\"index, follow, max-snippet:-1, max-image-preview:large, max-video-preview:-1\" \/>\n<link rel=\"canonical\" href=\"https:\/\/siar.minam.gob.pe\/loreto\/acerca-de\/\" \/>\n<meta property=\"og:locale\" content=\"es_ES\" \/>\n<meta property=\"og:type\" content=\"article\" \/>\n<meta property=\"og:title\" content=\"Acerca de | SIAR Loreto\" \/>\n<meta property=\"og:description\" content=\"Acerca del SIAR El Sistema de Informaci\u00f3n Ambiental Regional (SIAR) se desarrolla con la finalidad de servir como herramienta de apoyo a la implementaci\u00f3n del Sistema Nacional de Gesti\u00f3n Ambiental y es parte conformante del Sistema Nacional de Informaci\u00f3n Ambiental. El proceso de coordinaci\u00f3n para la implementaci\u00f3n\u00a0 de los SIAR\u2019s a nivel nacional recae en [&hellip;]\" \/>\n<meta property=\"og:url\" content=\"https:\/\/siar.minam.gob.pe\/loreto\/acerca-de\/\" \/>\n<meta property=\"og:site_name\" content=\"SIAR Loreto\" \/>\n<meta property=\"article:modified_time\" content=\"2024-01-08T21:45:55+00:00\" \/>\n<meta property=\"og:image\" content=\"https:\/\/siar.minam.gob.pe\/loreto\/wp-content\/uploads\/2023\/11\/logo-SIAR_1.png\" \/>\n<meta name=\"twitter:card\" content=\"summary_large_image\" \/>\n<meta name=\"twitter:label1\" content=\"Tiempo de lectura\" \/>\n\t<meta name=\"twitter:data1\" content=\"3 minutos\" \/>\n<script type=\"application\/ld+json\" class=\"yoast-schema-graph\">{\"@context\":\"https:\/\/schema.org\",\"@graph\":[{\"@type\":\"Organization\",\"@id\":\"https:\/\/siar.minam.gob.pe\/loreto\/#organization\",\"name\":\"SIAR Loreto\",\"url\":\"https:\/\/siar.minam.gob.pe\/loreto\/\",\"sameAs\":[],\"logo\":{\"@type\":\"ImageObject\",\"@id\":\"https:\/\/siar.minam.gob.pe\/loreto\/#logo\",\"inLanguage\":\"es\",\"url\":\"https:\/\/siar.minam.gob.pe\/loreto\/wp-content\/uploads\/2023\/11\/cropped-logo-SIAR_1.png\",\"contentUrl\":\"https:\/\/siar.minam.gob.pe\/loreto\/wp-content\/uploads\/2023\/11\/cropped-logo-SIAR_1.png\",\"width\":864,\"height\":315,\"caption\":\"SIAR Loreto\"},\"image\":{\"@id\":\"https:\/\/siar.minam.gob.pe\/loreto\/#logo\"}},{\"@type\":\"WebSite\",\"@id\":\"https:\/\/siar.minam.gob.pe\/loreto\/#website\",\"url\":\"https:\/\/siar.minam.gob.pe\/loreto\/\",\"name\":\"SIAR Loreto\",\"description\":\"Siar Loreto\",\"publisher\":{\"@id\":\"https:\/\/siar.minam.gob.pe\/loreto\/#organization\"},\"potentialAction\":[{\"@type\":\"SearchAction\",\"target\":{\"@type\":\"EntryPoint\",\"urlTemplate\":\"https:\/\/siar.minam.gob.pe\/loreto\/?s={search_term_string}\"},\"query-input\":\"required name=search_term_string\"}],\"inLanguage\":\"es\"},{\"@type\":\"ImageObject\",\"@id\":\"https:\/\/siar.minam.gob.pe\/loreto\/acerca-de\/#primaryimage\",\"inLanguage\":\"es\",\"url\":\"https:\/\/siar.minam.gob.pe\/loreto\/wp-content\/uploads\/2023\/11\/logo-SIAR_1.png\",\"contentUrl\":\"https:\/\/siar.minam.gob.pe\/loreto\/wp-content\/uploads\/2023\/11\/logo-SIAR_1.png\",\"width\":864,\"height\":416,\"caption\":\"Servicio de informaci\u00f3n ambiental regional de Loreto\"},{\"@type\":\"WebPage\",\"@id\":\"https:\/\/siar.minam.gob.pe\/loreto\/acerca-de\/#webpage\",\"url\":\"https:\/\/siar.minam.gob.pe\/loreto\/acerca-de\/\",\"name\":\"Acerca de | SIAR Loreto\",\"isPartOf\":{\"@id\":\"https:\/\/siar.minam.gob.pe\/loreto\/#website\"},\"primaryImageOfPage\":{\"@id\":\"https:\/\/siar.minam.gob.pe\/loreto\/acerca-de\/#primaryimage\"},\"datePublished\":\"2022-02-03T15:37:31+00:00\",\"dateModified\":\"2024-01-08T21:45:55+00:00\",\"breadcrumb\":{\"@id\":\"https:\/\/siar.minam.gob.pe\/loreto\/acerca-de\/#breadcrumb\"},\"inLanguage\":\"es\",\"potentialAction\":[{\"@type\":\"ReadAction\",\"target\":[\"https:\/\/siar.minam.gob.pe\/loreto\/acerca-de\/\"]}]},{\"@type\":\"BreadcrumbList\",\"@id\":\"https:\/\/siar.minam.gob.pe\/loreto\/acerca-de\/#breadcrumb\",\"itemListElement\":[{\"@type\":\"ListItem\",\"position\":1,\"name\":\"Inicio\",\"item\":\"https:\/\/siar.minam.gob.pe\/loreto\/\"},{\"@type\":\"ListItem\",\"position\":2,\"name\":\"Acerca de\"}]}]}<\/script>\n<!-- \/ Yoast SEO plugin. -->","yoast_head_json":{"title":"Acerca de | SIAR Loreto","robots":{"index":"index","follow":"follow","max-snippet":"max-snippet:-1","max-image-preview":"max-image-preview:large","max-video-preview":"max-video-preview:-1"},"canonical":"https:\/\/siar.minam.gob.pe\/loreto\/acerca-de\/","og_locale":"es_ES","og_type":"article","og_title":"Acerca de | SIAR Loreto","og_description":"Acerca del SIAR El Sistema de Informaci\u00f3n Ambiental Regional (SIAR) se desarrolla con la finalidad de servir como herramienta de apoyo a la implementaci\u00f3n del Sistema Nacional de Gesti\u00f3n Ambiental y es parte conformante del Sistema Nacional de Informaci\u00f3n Ambiental. El proceso de coordinaci\u00f3n para la implementaci\u00f3n\u00a0 de los SIAR\u2019s a nivel nacional recae en [&hellip;]","og_url":"https:\/\/siar.minam.gob.pe\/loreto\/acerca-de\/","og_site_name":"SIAR Loreto","article_modified_time":"2024-01-08T21:45:55+00:00","og_image":[{"url":"https:\/\/siar.minam.gob.pe\/loreto\/wp-content\/uploads\/2023\/11\/logo-SIAR_1.png"}],"twitter_card":"summary_large_image","twitter_misc":{"Tiempo de lectura":"3 minutos"},"schema":{"@context":"https:\/\/schema.org","@graph":[{"@type":"Organization","@id":"https:\/\/siar.minam.gob.pe\/loreto\/#organization","name":"SIAR Loreto","url":"https:\/\/siar.minam.gob.pe\/loreto\/","sameAs":[],"logo":{"@type":"ImageObject","@id":"https:\/\/siar.minam.gob.pe\/loreto\/#logo","inLanguage":"es","url":"https:\/\/siar.minam.gob.pe\/loreto\/wp-content\/uploads\/2023\/11\/cropped-logo-SIAR_1.png","contentUrl":"https:\/\/siar.minam.gob.pe\/loreto\/wp-content\/uploads\/2023\/11\/cropped-logo-SIAR_1.png","width":864,"height":315,"caption":"SIAR Loreto"},"image":{"@id":"https:\/\/siar.minam.gob.pe\/loreto\/#logo"}},{"@type":"WebSite","@id":"https:\/\/siar.minam.gob.pe\/loreto\/#website","url":"https:\/\/siar.minam.gob.pe\/loreto\/","name":"SIAR Loreto","description":"Siar Loreto","publisher":{"@id":"https:\/\/siar.minam.gob.pe\/loreto\/#organization"},"potentialAction":[{"@type":"SearchAction","target":{"@type":"EntryPoint","urlTemplate":"https:\/\/siar.minam.gob.pe\/loreto\/?s={search_term_string}"},"query-input":"required name=search_term_string"}],"inLanguage":"es"},{"@type":"ImageObject","@id":"https:\/\/siar.minam.gob.pe\/loreto\/acerca-de\/#primaryimage","inLanguage":"es","url":"https:\/\/siar.minam.gob.pe\/loreto\/wp-content\/uploads\/2023\/11\/logo-SIAR_1.png","contentUrl":"https:\/\/siar.minam.gob.pe\/loreto\/wp-content\/uploads\/2023\/11\/logo-SIAR_1.png","width":864,"height":416,"caption":"Servicio de informaci\u00f3n ambiental regional de Loreto"},{"@type":"WebPage","@id":"https:\/\/siar.minam.gob.pe\/loreto\/acerca-de\/#webpage","url":"https:\/\/siar.minam.gob.pe\/loreto\/acerca-de\/","name":"Acerca de | SIAR Loreto","isPartOf":{"@id":"https:\/\/siar.minam.gob.pe\/loreto\/#website"},"primaryImageOfPage":{"@id":"https:\/\/siar.minam.gob.pe\/loreto\/acerca-de\/#primaryimage"},"datePublished":"2022-02-03T15:37:31+00:00","dateModified":"2024-01-08T21:45:55+00:00","breadcrumb":{"@id":"https:\/\/siar.minam.gob.pe\/loreto\/acerca-de\/#breadcrumb"},"inLanguage":"es","potentialAction":[{"@type":"ReadAction","target":["https:\/\/siar.minam.gob.pe\/loreto\/acerca-de\/"]}]},{"@type":"BreadcrumbList","@id":"https:\/\/siar.minam.gob.pe\/loreto\/acerca-de\/#breadcrumb","itemListElement":[{"@type":"ListItem","position":1,"name":"Inicio","item":"https:\/\/siar.minam.gob.pe\/loreto\/"},{"@type":"ListItem","position":2,"name":"Acerca de"}]}]}},"_links":{"self":[{"href":"https:\/\/siar.minam.gob.pe\/loreto\/wp-json\/wp\/v2\/pages\/96"}],"collection":[{"href":"https:\/\/siar.minam.gob.pe\/loreto\/wp-json\/wp\/v2\/pages"}],"about":[{"href":"https:\/\/siar.minam.gob.pe\/loreto\/wp-json\/wp\/v2\/types\/page"}],"author":[{"embeddable":true,"href":"https:\/\/siar.minam.gob.pe\/loreto\/wp-json\/wp\/v2\/users\/1"}],"replies":[{"embeddable":true,"href":"https:\/\/siar.minam.gob.pe\/loreto\/wp-json\/wp\/v2\/comments?post=96"}],"version-history":[{"count":133,"href":"https:\/\/siar.minam.gob.pe\/loreto\/wp-json\/wp\/v2\/pages\/96\/revisions"}],"predecessor-version":[{"id":4253,"href":"https:\/\/siar.minam.gob.pe\/loreto\/wp-json\/wp\/v2\/pages\/96\/revisions\/4253"}],"wp:attachment":[{"href":"https:\/\/siar.minam.gob.pe\/loreto\/wp-json\/wp\/v2\/media?parent=96"}],"curies":[{"name":"wp","href":"https:\/\/api.w.org\/{rel}","templated":true}]}}