{"id":3780,"date":"2023-09-20T17:31:06","date_gmt":"2023-09-20T22:31:06","guid":{"rendered":"http:\/\/192.168.30.195\/siarlima\/?page_id=3780"},"modified":"2024-01-16T09:32:58","modified_gmt":"2024-01-16T14:32:58","slug":"estadisticas-regionales","status":"publish","type":"page","link":"https:\/\/siar.minam.gob.pe\/lima\/estadisticas-regionales\/","title":{"rendered":"Estad\u00edsticas regionales"},"content":{"rendered":"\t\t<div data-elementor-type=\"wp-page\" data-elementor-id=\"3780\" class=\"elementor elementor-3780\" data-elementor-settings=\"[]\">\n\t\t\t\t\t\t\t<div class=\"elementor-section-wrap\">\n\t\t\t\t\t\t\t<section class=\"elementor-section elementor-top-section elementor-element elementor-element-cbe7180 elementor-section-height-min-height elementor-section-boxed elementor-section-height-default elementor-section-items-middle\" data-id=\"cbe7180\" data-element_type=\"section\" data-settings=\"{&quot;background_background&quot;:&quot;classic&quot;}\">\n\t\t\t\t\t\t\t<div class=\"elementor-background-overlay\"><\/div>\n\t\t\t\t\t\t\t<div class=\"elementor-container elementor-column-gap-default\">\n\t\t\t\t\t<div class=\"elementor-column elementor-col-100 elementor-top-column elementor-element elementor-element-c5d67a3\" data-id=\"c5d67a3\" data-element_type=\"column\">\n\t\t\t<div class=\"elementor-widget-wrap elementor-element-populated\">\n\t\t\t\t\t\t\t\t<div class=\"elementor-element elementor-element-08cd052 elementor-widget elementor-widget-heading\" data-id=\"08cd052\" data-element_type=\"widget\" data-widget_type=\"heading.default\">\n\t\t\t\t<div class=\"elementor-widget-container\">\n\t\t\t<h2 class=\"elementor-heading-title elementor-size-default\">Estad\u00edsticas<\/h2>\t\t<\/div>\n\t\t\t\t<\/div>\n\t\t\t\t<div class=\"elementor-element elementor-element-6dc0a68 elementor-icon-list--layout-inline elementor-align-center elementor-list-item-link-full_width elementor-widget elementor-widget-icon-list\" data-id=\"6dc0a68\" data-element_type=\"widget\" data-widget_type=\"icon-list.default\">\n\t\t\t\t<div class=\"elementor-widget-container\">\n\t\t\t\t\t<ul class=\"elementor-icon-list-items elementor-inline-items\">\n\t\t\t\t\t\t\t<li class=\"elementor-icon-list-item elementor-inline-item\">\n\t\t\t\t\t\t\t\t\t\t\t<a href=\"https:\/\/siar.minam.gob.pe\/lima\/\">\n\n\t\t\t\t\t\t\t\t\t\t\t<span class=\"elementor-icon-list-text\">Inicio<\/span>\n\t\t\t\t\t\t\t\t\t\t\t<\/a>\n\t\t\t\t\t\t\t\t\t<\/li>\n\t\t\t\t\t\t\t\t<li class=\"elementor-icon-list-item elementor-inline-item\">\n\t\t\t\t\t\t\t\t\t\t\t<span class=\"elementor-icon-list-icon\">\n\t\t\t\t\t\t\t<i aria-hidden=\"true\" class=\"fas fa-angle-right\"><\/i>\t\t\t\t\t\t<\/span>\n\t\t\t\t\t\t\t\t\t\t<span class=\"elementor-icon-list-text\">Estad\u00edsticas<\/span>\n\t\t\t\t\t\t\t\t\t<\/li>\n\t\t\t\t\t\t<\/ul>\n\t\t\t\t<\/div>\n\t\t\t\t<\/div>\n\t\t\t\t\t<\/div>\n\t\t<\/div>\n\t\t\t\t\t\t\t<\/div>\n\t\t<\/section>\n\t\t\t\t<section class=\"elementor-section elementor-top-section elementor-element elementor-element-269e049 elementor-section-boxed elementor-section-height-default elementor-section-height-default\" data-id=\"269e049\" data-element_type=\"section\">\n\t\t\t\t\t\t<div class=\"elementor-container elementor-column-gap-default\">\n\t\t\t\t\t<div class=\"elementor-column elementor-col-100 elementor-top-column elementor-element elementor-element-0123bed\" data-id=\"0123bed\" data-element_type=\"column\">\n\t\t\t<div class=\"elementor-widget-wrap elementor-element-populated\">\n\t\t\t\t\t\t\t\t<section class=\"elementor-section elementor-inner-section elementor-element elementor-element-3e330db elementor-section-boxed elementor-section-height-default elementor-section-height-default\" data-id=\"3e330db\" data-element_type=\"section\">\n\t\t\t\t\t\t<div class=\"elementor-container elementor-column-gap-default\">\n\t\t\t\t\t<div class=\"elementor-column elementor-col-100 elementor-inner-column elementor-element elementor-element-38bb87d\" data-id=\"38bb87d\" data-element_type=\"column\">\n\t\t\t<div class=\"elementor-widget-wrap elementor-element-populated\">\n\t\t\t\t\t\t\t\t<div class=\"elementor-element elementor-element-7cbffa8 elementor-widget elementor-widget-spacer\" data-id=\"7cbffa8\" data-element_type=\"widget\" data-widget_type=\"spacer.default\">\n\t\t\t\t<div class=\"elementor-widget-container\">\n\t\t\t\t\t<div class=\"elementor-spacer\">\n\t\t\t<div class=\"elementor-spacer-inner\"><\/div>\n\t\t<\/div>\n\t\t\t\t<\/div>\n\t\t\t\t<\/div>\n\t\t\t\t<div class=\"elementor-element elementor-element-3617536 elementor-widget elementor-widget-heading\" data-id=\"3617536\" data-element_type=\"widget\" data-widget_type=\"heading.default\">\n\t\t\t\t<div class=\"elementor-widget-container\">\n\t\t\t<h3 class=\"elementor-heading-title elementor-size-default\">Estad\u00edsticas de Lima<\/h3>\t\t<\/div>\n\t\t\t\t<\/div>\n\t\t\t\t<div class=\"elementor-element elementor-element-41ae926 elementor-widget-divider--view-line elementor-widget elementor-widget-divider\" data-id=\"41ae926\" data-element_type=\"widget\" data-widget_type=\"divider.default\">\n\t\t\t\t<div class=\"elementor-widget-container\">\n\t\t\t\t\t<div class=\"elementor-divider\">\n\t\t\t<span class=\"elementor-divider-separator\">\n\t\t\t\t\t\t<\/span>\n\t\t<\/div>\n\t\t\t\t<\/div>\n\t\t\t\t<\/div>\n\t\t\t\t\t<\/div>\n\t\t<\/div>\n\t\t\t\t\t\t\t<\/div>\n\t\t<\/section>\n\t\t\t\t\t<\/div>\n\t\t<\/div>\n\t\t\t\t\t\t\t<\/div>\n\t\t<\/section>\n\t\t\t\t<section class=\"elementor-section elementor-top-section elementor-element elementor-element-691b400 elementor-section-boxed elementor-section-height-default elementor-section-height-default\" data-id=\"691b400\" data-element_type=\"section\">\n\t\t\t\t\t\t<div class=\"elementor-container elementor-column-gap-default\">\n\t\t\t\t\t<div class=\"elementor-column elementor-col-100 elementor-top-column elementor-element elementor-element-bb8f42e\" data-id=\"bb8f42e\" data-element_type=\"column\">\n\t\t\t<div class=\"elementor-widget-wrap elementor-element-populated\">\n\t\t\t\t\t\t\t\t<div class=\"elementor-element elementor-element-d1618be elementor-widget elementor-widget-html\" data-id=\"d1618be\" data-element_type=\"widget\" data-widget_type=\"html.default\">\n\t\t\t\t<div class=\"elementor-widget-container\">\n\t\t\t<iframe id=\"miIframe\" src=\"https:\/\/sinia-indicadores.web.app\/#\/estadisticas?region=15\" width=\"100%\" scrolling=\"no\" style=\"border: none;\"><\/iframe>\r\n\r\n<style>\r\n  @media screen and (min-width: 768px) and (max-width: 1200px) {\r\n    #miIframe {\r\n      height: 2400px;\r\n    }\r\n  }\r\n  @media screen and (min-width: 1201px) {\r\n    #miIframe {\r\n      height: 1800px;\r\n    }\r\n  }\r\n  @media screen and (max-width: 767px) {\r\n    #miIframe {\r\n      height: 3400px;\r\n    }\r\n  }\r\n<\/style>\r\n\t\t<\/div>\n\t\t\t\t<\/div>\n\t\t\t\t\t<\/div>\n\t\t<\/div>\n\t\t\t\t\t\t\t<\/div>\n\t\t<\/section>\n\t\t\t\t\t\t<\/div>\n\t\t\t\t\t<\/div>\n\t\t","protected":false},"excerpt":{"rendered":"<p>Estad\u00edsticas Inicio Estad\u00edsticas Estad\u00edsticas de Lima<\/p>\n","protected":false},"author":1,"featured_media":0,"parent":0,"menu_order":0,"comment_status":"closed","ping_status":"closed","template":"","meta":[],"yoast_head":"<!-- This site is optimized with the Yoast SEO plugin v18.3 - https:\/\/yoast.com\/wordpress\/plugins\/seo\/ -->\n<title>Estad\u00edsticas regionales | SIAR Lima<\/title>\n<meta name=\"robots\" content=\"index, follow, max-snippet:-1, max-image-preview:large, max-video-preview:-1\" \/>\n<link rel=\"canonical\" href=\"https:\/\/siar.minam.gob.pe\/lima\/estadisticas-regionales\/\" \/>\n<meta property=\"og:locale\" content=\"es_ES\" \/>\n<meta property=\"og:type\" content=\"article\" \/>\n<meta property=\"og:title\" content=\"Estad\u00edsticas regionales | SIAR Lima\" \/>\n<meta property=\"og:description\" content=\"Estad\u00edsticas Inicio Estad\u00edsticas Estad\u00edsticas de Lima\" \/>\n<meta property=\"og:url\" content=\"https:\/\/siar.minam.gob.pe\/lima\/estadisticas-regionales\/\" \/>\n<meta property=\"og:site_name\" content=\"SIAR Lima\" \/>\n<meta property=\"article:modified_time\" content=\"2024-01-16T14:32:58+00:00\" \/>\n<meta name=\"twitter:card\" content=\"summary_large_image\" \/>\n<meta name=\"twitter:label1\" content=\"Tiempo de lectura\" \/>\n\t<meta name=\"twitter:data1\" content=\"1 minuto\" \/>\n<script type=\"application\/ld+json\" class=\"yoast-schema-graph\">{\"@context\":\"https:\/\/schema.org\",\"@graph\":[{\"@type\":\"Organization\",\"@id\":\"https:\/\/siar.minam.gob.pe\/lima\/#organization\",\"name\":\"SIAR Lima\",\"url\":\"https:\/\/siar.minam.gob.pe\/lima\/\",\"sameAs\":[],\"logo\":{\"@type\":\"ImageObject\",\"@id\":\"https:\/\/siar.minam.gob.pe\/lima\/#logo\",\"inLanguage\":\"es\",\"url\":\"https:\/\/siar.minam.gob.pe\/lima\/wp-content\/uploads\/2022\/02\/cropped-logo-SIAR_1.png\",\"contentUrl\":\"https:\/\/siar.minam.gob.pe\/lima\/wp-content\/uploads\/2022\/02\/cropped-logo-SIAR_1.png\",\"width\":864,\"height\":316,\"caption\":\"SIAR Lima\"},\"image\":{\"@id\":\"https:\/\/siar.minam.gob.pe\/lima\/#logo\"}},{\"@type\":\"WebSite\",\"@id\":\"https:\/\/siar.minam.gob.pe\/lima\/#website\",\"url\":\"https:\/\/siar.minam.gob.pe\/lima\/\",\"name\":\"SIAR Lima\",\"description\":\"siar lima\",\"publisher\":{\"@id\":\"https:\/\/siar.minam.gob.pe\/lima\/#organization\"},\"potentialAction\":[{\"@type\":\"SearchAction\",\"target\":{\"@type\":\"EntryPoint\",\"urlTemplate\":\"https:\/\/siar.minam.gob.pe\/lima\/?s={search_term_string}\"},\"query-input\":\"required name=search_term_string\"}],\"inLanguage\":\"es\"},{\"@type\":\"WebPage\",\"@id\":\"https:\/\/siar.minam.gob.pe\/lima\/estadisticas-regionales\/#webpage\",\"url\":\"https:\/\/siar.minam.gob.pe\/lima\/estadisticas-regionales\/\",\"name\":\"Estad\u00edsticas regionales | SIAR Lima\",\"isPartOf\":{\"@id\":\"https:\/\/siar.minam.gob.pe\/lima\/#website\"},\"datePublished\":\"2023-09-20T22:31:06+00:00\",\"dateModified\":\"2024-01-16T14:32:58+00:00\",\"breadcrumb\":{\"@id\":\"https:\/\/siar.minam.gob.pe\/lima\/estadisticas-regionales\/#breadcrumb\"},\"inLanguage\":\"es\",\"potentialAction\":[{\"@type\":\"ReadAction\",\"target\":[\"https:\/\/siar.minam.gob.pe\/lima\/estadisticas-regionales\/\"]}]},{\"@type\":\"BreadcrumbList\",\"@id\":\"https:\/\/siar.minam.gob.pe\/lima\/estadisticas-regionales\/#breadcrumb\",\"itemListElement\":[{\"@type\":\"ListItem\",\"position\":1,\"name\":\"Inicio\",\"item\":\"https:\/\/siar.minam.gob.pe\/lima\/\"},{\"@type\":\"ListItem\",\"position\":2,\"name\":\"Estad\u00edsticas regionales\"}]}]}<\/script>\n<!-- \/ Yoast SEO plugin. -->","yoast_head_json":{"title":"Estad\u00edsticas regionales | SIAR Lima","robots":{"index":"index","follow":"follow","max-snippet":"max-snippet:-1","max-image-preview":"max-image-preview:large","max-video-preview":"max-video-preview:-1"},"canonical":"https:\/\/siar.minam.gob.pe\/lima\/estadisticas-regionales\/","og_locale":"es_ES","og_type":"article","og_title":"Estad\u00edsticas regionales | SIAR Lima","og_description":"Estad\u00edsticas Inicio Estad\u00edsticas Estad\u00edsticas de Lima","og_url":"https:\/\/siar.minam.gob.pe\/lima\/estadisticas-regionales\/","og_site_name":"SIAR Lima","article_modified_time":"2024-01-16T14:32:58+00:00","twitter_card":"summary_large_image","twitter_misc":{"Tiempo de lectura":"1 minuto"},"schema":{"@context":"https:\/\/schema.org","@graph":[{"@type":"Organization","@id":"https:\/\/siar.minam.gob.pe\/lima\/#organization","name":"SIAR Lima","url":"https:\/\/siar.minam.gob.pe\/lima\/","sameAs":[],"logo":{"@type":"ImageObject","@id":"https:\/\/siar.minam.gob.pe\/lima\/#logo","inLanguage":"es","url":"https:\/\/siar.minam.gob.pe\/lima\/wp-content\/uploads\/2022\/02\/cropped-logo-SIAR_1.png","contentUrl":"https:\/\/siar.minam.gob.pe\/lima\/wp-content\/uploads\/2022\/02\/cropped-logo-SIAR_1.png","width":864,"height":316,"caption":"SIAR Lima"},"image":{"@id":"https:\/\/siar.minam.gob.pe\/lima\/#logo"}},{"@type":"WebSite","@id":"https:\/\/siar.minam.gob.pe\/lima\/#website","url":"https:\/\/siar.minam.gob.pe\/lima\/","name":"SIAR Lima","description":"siar lima","publisher":{"@id":"https:\/\/siar.minam.gob.pe\/lima\/#organization"},"potentialAction":[{"@type":"SearchAction","target":{"@type":"EntryPoint","urlTemplate":"https:\/\/siar.minam.gob.pe\/lima\/?s={search_term_string}"},"query-input":"required name=search_term_string"}],"inLanguage":"es"},{"@type":"WebPage","@id":"https:\/\/siar.minam.gob.pe\/lima\/estadisticas-regionales\/#webpage","url":"https:\/\/siar.minam.gob.pe\/lima\/estadisticas-regionales\/","name":"Estad\u00edsticas regionales | SIAR Lima","isPartOf":{"@id":"https:\/\/siar.minam.gob.pe\/lima\/#website"},"datePublished":"2023-09-20T22:31:06+00:00","dateModified":"2024-01-16T14:32:58+00:00","breadcrumb":{"@id":"https:\/\/siar.minam.gob.pe\/lima\/estadisticas-regionales\/#breadcrumb"},"inLanguage":"es","potentialAction":[{"@type":"ReadAction","target":["https:\/\/siar.minam.gob.pe\/lima\/estadisticas-regionales\/"]}]},{"@type":"BreadcrumbList","@id":"https:\/\/siar.minam.gob.pe\/lima\/estadisticas-regionales\/#breadcrumb","itemListElement":[{"@type":"ListItem","position":1,"name":"Inicio","item":"https:\/\/siar.minam.gob.pe\/lima\/"},{"@type":"ListItem","position":2,"name":"Estad\u00edsticas regionales"}]}]}},"_links":{"self":[{"href":"https:\/\/siar.minam.gob.pe\/lima\/wp-json\/wp\/v2\/pages\/3780"}],"collection":[{"href":"https:\/\/siar.minam.gob.pe\/lima\/wp-json\/wp\/v2\/pages"}],"about":[{"href":"https:\/\/siar.minam.gob.pe\/lima\/wp-json\/wp\/v2\/types\/page"}],"author":[{"embeddable":true,"href":"https:\/\/siar.minam.gob.pe\/lima\/wp-json\/wp\/v2\/users\/1"}],"replies":[{"embeddable":true,"href":"https:\/\/siar.minam.gob.pe\/lima\/wp-json\/wp\/v2\/comments?post=3780"}],"version-history":[{"count":35,"href":"https:\/\/siar.minam.gob.pe\/lima\/wp-json\/wp\/v2\/pages\/3780\/revisions"}],"predecessor-version":[{"id":4362,"href":"https:\/\/siar.minam.gob.pe\/lima\/wp-json\/wp\/v2\/pages\/3780\/revisions\/4362"}],"wp:attachment":[{"href":"https:\/\/siar.minam.gob.pe\/lima\/wp-json\/wp\/v2\/media?parent=3780"}],"curies":[{"name":"wp","href":"https:\/\/api.w.org\/{rel}","templated":true}]}}