{"id":4295,"date":"2023-12-05T16:00:09","date_gmt":"2023-12-05T21:00:09","guid":{"rendered":"https:\/\/siar.minam.gob.pe\/lambayeque\/?page_id=4295"},"modified":"2024-01-16T10:04:35","modified_gmt":"2024-01-16T15:04:35","slug":"estadisticas-regionales","status":"publish","type":"page","link":"https:\/\/siar.minam.gob.pe\/lambayeque\/estadisticas-regionales\/","title":{"rendered":"Estad\u00edsticas Regionales"},"content":{"rendered":"\t\t<div data-elementor-type=\"wp-page\" data-elementor-id=\"4295\" class=\"elementor elementor-4295\" data-elementor-settings=\"[]\">\n\t\t\t\t\t\t\t<div class=\"elementor-section-wrap\">\n\t\t\t\t\t\t\t<section class=\"elementor-section elementor-top-section elementor-element elementor-element-14e56ac elementor-section-height-min-height elementor-section-boxed elementor-section-height-default elementor-section-items-middle\" data-id=\"14e56ac\" data-element_type=\"section\" data-settings=\"{&quot;background_background&quot;:&quot;classic&quot;}\">\n\t\t\t\t\t\t\t<div class=\"elementor-background-overlay\"><\/div>\n\t\t\t\t\t\t\t<div class=\"elementor-container elementor-column-gap-default\">\n\t\t\t\t\t<div class=\"elementor-column elementor-col-100 elementor-top-column elementor-element elementor-element-65827b7\" data-id=\"65827b7\" data-element_type=\"column\">\n\t\t\t<div class=\"elementor-widget-wrap elementor-element-populated\">\n\t\t\t\t\t\t\t\t<div class=\"elementor-element elementor-element-f78bc9a elementor-align-center elementor-hidden-desktop elementor-hidden-tablet elementor-hidden-mobile elementor-widget elementor-widget-breadcrumbs\" data-id=\"f78bc9a\" data-element_type=\"widget\" data-widget_type=\"breadcrumbs.default\">\n\t\t\t\t<div class=\"elementor-widget-container\">\n\t\t\t<p id=\"breadcrumbs\"><span><span><a href=\"https:\/\/siar.minam.gob.pe\/lambayeque\/\">Inicio<\/a><\/span><\/p>\t\t<\/div>\n\t\t\t\t<\/div>\n\t\t\t\t<div class=\"elementor-element elementor-element-b8ccb54 elementor-icon-list--layout-inline elementor-align-center elementor-list-item-link-full_width elementor-widget elementor-widget-icon-list\" data-id=\"b8ccb54\" data-element_type=\"widget\" data-widget_type=\"icon-list.default\">\n\t\t\t\t<div class=\"elementor-widget-container\">\n\t\t\t\t\t<ul class=\"elementor-icon-list-items elementor-inline-items\">\n\t\t\t\t\t\t\t<li class=\"elementor-icon-list-item elementor-inline-item\">\n\t\t\t\t\t\t\t\t\t\t\t<a href=\"https:\/\/siar.minam.gob.pe\/lambayeque\/\">\n\n\t\t\t\t\t\t\t\t\t\t\t<span class=\"elementor-icon-list-text\">Inicio<\/span>\n\t\t\t\t\t\t\t\t\t\t\t<\/a>\n\t\t\t\t\t\t\t\t\t<\/li>\n\t\t\t\t\t\t\t\t<li class=\"elementor-icon-list-item elementor-inline-item\">\n\t\t\t\t\t\t\t\t\t\t\t<span class=\"elementor-icon-list-icon\">\n\t\t\t\t\t\t\t<i aria-hidden=\"true\" class=\"fas fa-angle-right\"><\/i>\t\t\t\t\t\t<\/span>\n\t\t\t\t\t\t\t\t\t\t<span class=\"elementor-icon-list-text\">Estad\u00edsticas Regionales<\/span>\n\t\t\t\t\t\t\t\t\t<\/li>\n\t\t\t\t\t\t<\/ul>\n\t\t\t\t<\/div>\n\t\t\t\t<\/div>\n\t\t\t\t\t<\/div>\n\t\t<\/div>\n\t\t\t\t\t\t\t<\/div>\n\t\t<\/section>\n\t\t\t\t<section class=\"elementor-section elementor-top-section elementor-element elementor-element-467b4ab elementor-section-boxed elementor-section-height-default elementor-section-height-default\" data-id=\"467b4ab\" data-element_type=\"section\">\n\t\t\t\t\t\t<div class=\"elementor-container elementor-column-gap-default\">\n\t\t\t\t\t<div class=\"elementor-column elementor-col-100 elementor-top-column elementor-element elementor-element-6e2c809\" data-id=\"6e2c809\" data-element_type=\"column\">\n\t\t\t<div class=\"elementor-widget-wrap elementor-element-populated\">\n\t\t\t\t\t\t\t\t<div class=\"elementor-element elementor-element-2a07f20 elementor-widget elementor-widget-spacer\" data-id=\"2a07f20\" data-element_type=\"widget\" data-widget_type=\"spacer.default\">\n\t\t\t\t<div class=\"elementor-widget-container\">\n\t\t\t\t\t<div class=\"elementor-spacer\">\n\t\t\t<div class=\"elementor-spacer-inner\"><\/div>\n\t\t<\/div>\n\t\t\t\t<\/div>\n\t\t\t\t<\/div>\n\t\t\t\t<div class=\"elementor-element elementor-element-279114c elementor-widget elementor-widget-heading\" data-id=\"279114c\" data-element_type=\"widget\" data-widget_type=\"heading.default\">\n\t\t\t\t<div class=\"elementor-widget-container\">\n\t\t\t<h3 class=\"elementor-heading-title elementor-size-default\">Estad\u00edsticas de Lambayeque<\/h3>\t\t<\/div>\n\t\t\t\t<\/div>\n\t\t\t\t<div class=\"elementor-element elementor-element-46ae2a9 elementor-widget-divider--view-line elementor-widget elementor-widget-divider\" data-id=\"46ae2a9\" data-element_type=\"widget\" data-widget_type=\"divider.default\">\n\t\t\t\t<div class=\"elementor-widget-container\">\n\t\t\t\t\t<div class=\"elementor-divider\">\n\t\t\t<span class=\"elementor-divider-separator\">\n\t\t\t\t\t\t<\/span>\n\t\t<\/div>\n\t\t\t\t<\/div>\n\t\t\t\t<\/div>\n\t\t\t\t\t<\/div>\n\t\t<\/div>\n\t\t\t\t\t\t\t<\/div>\n\t\t<\/section>\n\t\t\t\t<section class=\"elementor-section elementor-top-section elementor-element elementor-element-4c84058 elementor-section-full_width elementor-section-height-default elementor-section-height-default\" data-id=\"4c84058\" data-element_type=\"section\">\n\t\t\t\t\t\t<div class=\"elementor-container elementor-column-gap-default\">\n\t\t\t\t\t<div class=\"elementor-column elementor-col-100 elementor-top-column elementor-element elementor-element-813787d\" data-id=\"813787d\" data-element_type=\"column\">\n\t\t\t<div class=\"elementor-widget-wrap elementor-element-populated\">\n\t\t\t\t\t\t\t\t<div class=\"elementor-element elementor-element-1a880d6 elementor-widget elementor-widget-html\" data-id=\"1a880d6\" data-element_type=\"widget\" data-widget_type=\"html.default\">\n\t\t\t\t<div class=\"elementor-widget-container\">\n\t\t\t<iframe id=\"miIframe\" src=\"https:\/\/sinia-indicadores.web.app\/#\/estadisticas?region=14\" width=\"100%\" scrolling=\"no\" style=\"border: none;\"><\/iframe>\r\n\r\n<style>\r\n  @media screen and (min-width: 768px) and (max-width: 1200px) {\r\n    #miIframe {\r\n      height: 2400px;\r\n    }\r\n  }\r\n  @media screen and (min-width: 1201px) {\r\n    #miIframe {\r\n      height: 1800px;\r\n    }\r\n  }\r\n  @media screen and (max-width: 767px) {\r\n    #miIframe {\r\n      height: 3400px;\r\n    }\r\n  }\r\n<\/style>\r\n\t\t<\/div>\n\t\t\t\t<\/div>\n\t\t\t\t\t<\/div>\n\t\t<\/div>\n\t\t\t\t\t\t\t<\/div>\n\t\t<\/section>\n\t\t\t\t\t\t<\/div>\n\t\t\t\t\t<\/div>\n\t\t","protected":false},"excerpt":{"rendered":"<p>Inicio Estad\u00edsticas Regionales Estad\u00edsticas de Lambayeque<\/p>\n","protected":false},"author":1,"featured_media":0,"parent":0,"menu_order":0,"comment_status":"closed","ping_status":"closed","template":"","meta":[],"yoast_head":"<!-- This site is optimized with the Yoast SEO plugin v18.3 - https:\/\/yoast.com\/wordpress\/plugins\/seo\/ -->\n<title>Estad\u00edsticas Regionales | SIAR Lambayeque<\/title>\n<meta name=\"robots\" content=\"index, follow, max-snippet:-1, max-image-preview:large, max-video-preview:-1\" \/>\n<link rel=\"canonical\" href=\"https:\/\/siar.minam.gob.pe\/lambayeque\/estadisticas-regionales\/\" \/>\n<meta property=\"og:locale\" content=\"es_ES\" \/>\n<meta property=\"og:type\" content=\"article\" \/>\n<meta property=\"og:title\" content=\"Estad\u00edsticas Regionales | SIAR Lambayeque\" \/>\n<meta property=\"og:description\" content=\"Inicio Estad\u00edsticas Regionales Estad\u00edsticas de Lambayeque\" \/>\n<meta property=\"og:url\" content=\"https:\/\/siar.minam.gob.pe\/lambayeque\/estadisticas-regionales\/\" \/>\n<meta property=\"og:site_name\" content=\"SIAR Lambayeque\" \/>\n<meta property=\"article:modified_time\" content=\"2024-01-16T15:04:35+00:00\" \/>\n<meta name=\"twitter:card\" content=\"summary_large_image\" \/>\n<meta name=\"twitter:label1\" content=\"Tiempo de lectura\" \/>\n\t<meta name=\"twitter:data1\" content=\"1 minuto\" \/>\n<script type=\"application\/ld+json\" class=\"yoast-schema-graph\">{\"@context\":\"https:\/\/schema.org\",\"@graph\":[{\"@type\":\"Organization\",\"@id\":\"https:\/\/siar.minam.gob.pe\/lambayeque\/#organization\",\"name\":\"SIAR LAMBAYEQUE\",\"url\":\"https:\/\/siar.minam.gob.pe\/lambayeque\/\",\"sameAs\":[],\"logo\":{\"@type\":\"ImageObject\",\"@id\":\"https:\/\/siar.minam.gob.pe\/lambayeque\/#logo\",\"inLanguage\":\"es\",\"url\":\"https:\/\/siar.minam.gob.pe\/lambayeque\/wp-content\/uploads\/2022\/02\/cropped-logo-SIAR_1.png\",\"contentUrl\":\"https:\/\/siar.minam.gob.pe\/lambayeque\/wp-content\/uploads\/2022\/02\/cropped-logo-SIAR_1.png\",\"width\":864,\"height\":314,\"caption\":\"SIAR LAMBAYEQUE\"},\"image\":{\"@id\":\"https:\/\/siar.minam.gob.pe\/lambayeque\/#logo\"}},{\"@type\":\"WebSite\",\"@id\":\"https:\/\/siar.minam.gob.pe\/lambayeque\/#website\",\"url\":\"https:\/\/siar.minam.gob.pe\/lambayeque\/\",\"name\":\"SIAR Lambayeque\",\"description\":\"Siar Lambayeque\",\"publisher\":{\"@id\":\"https:\/\/siar.minam.gob.pe\/lambayeque\/#organization\"},\"potentialAction\":[{\"@type\":\"SearchAction\",\"target\":{\"@type\":\"EntryPoint\",\"urlTemplate\":\"https:\/\/siar.minam.gob.pe\/lambayeque\/?s={search_term_string}\"},\"query-input\":\"required name=search_term_string\"}],\"inLanguage\":\"es\"},{\"@type\":\"WebPage\",\"@id\":\"https:\/\/siar.minam.gob.pe\/lambayeque\/estadisticas-regionales\/#webpage\",\"url\":\"https:\/\/siar.minam.gob.pe\/lambayeque\/estadisticas-regionales\/\",\"name\":\"Estad\u00edsticas Regionales | SIAR Lambayeque\",\"isPartOf\":{\"@id\":\"https:\/\/siar.minam.gob.pe\/lambayeque\/#website\"},\"datePublished\":\"2023-12-05T21:00:09+00:00\",\"dateModified\":\"2024-01-16T15:04:35+00:00\",\"breadcrumb\":{\"@id\":\"https:\/\/siar.minam.gob.pe\/lambayeque\/estadisticas-regionales\/#breadcrumb\"},\"inLanguage\":\"es\",\"potentialAction\":[{\"@type\":\"ReadAction\",\"target\":[\"https:\/\/siar.minam.gob.pe\/lambayeque\/estadisticas-regionales\/\"]}]},{\"@type\":\"BreadcrumbList\",\"@id\":\"https:\/\/siar.minam.gob.pe\/lambayeque\/estadisticas-regionales\/#breadcrumb\",\"itemListElement\":[{\"@type\":\"ListItem\",\"position\":1,\"name\":\"Inicio\",\"item\":\"https:\/\/siar.minam.gob.pe\/lambayeque\/\"},{\"@type\":\"ListItem\",\"position\":2,\"name\":\"Estad\u00edsticas Regionales\"}]}]}<\/script>\n<!-- \/ Yoast SEO plugin. -->","yoast_head_json":{"title":"Estad\u00edsticas Regionales | SIAR Lambayeque","robots":{"index":"index","follow":"follow","max-snippet":"max-snippet:-1","max-image-preview":"max-image-preview:large","max-video-preview":"max-video-preview:-1"},"canonical":"https:\/\/siar.minam.gob.pe\/lambayeque\/estadisticas-regionales\/","og_locale":"es_ES","og_type":"article","og_title":"Estad\u00edsticas Regionales | SIAR Lambayeque","og_description":"Inicio Estad\u00edsticas Regionales Estad\u00edsticas de Lambayeque","og_url":"https:\/\/siar.minam.gob.pe\/lambayeque\/estadisticas-regionales\/","og_site_name":"SIAR Lambayeque","article_modified_time":"2024-01-16T15:04:35+00:00","twitter_card":"summary_large_image","twitter_misc":{"Tiempo de lectura":"1 minuto"},"schema":{"@context":"https:\/\/schema.org","@graph":[{"@type":"Organization","@id":"https:\/\/siar.minam.gob.pe\/lambayeque\/#organization","name":"SIAR LAMBAYEQUE","url":"https:\/\/siar.minam.gob.pe\/lambayeque\/","sameAs":[],"logo":{"@type":"ImageObject","@id":"https:\/\/siar.minam.gob.pe\/lambayeque\/#logo","inLanguage":"es","url":"https:\/\/siar.minam.gob.pe\/lambayeque\/wp-content\/uploads\/2022\/02\/cropped-logo-SIAR_1.png","contentUrl":"https:\/\/siar.minam.gob.pe\/lambayeque\/wp-content\/uploads\/2022\/02\/cropped-logo-SIAR_1.png","width":864,"height":314,"caption":"SIAR LAMBAYEQUE"},"image":{"@id":"https:\/\/siar.minam.gob.pe\/lambayeque\/#logo"}},{"@type":"WebSite","@id":"https:\/\/siar.minam.gob.pe\/lambayeque\/#website","url":"https:\/\/siar.minam.gob.pe\/lambayeque\/","name":"SIAR Lambayeque","description":"Siar Lambayeque","publisher":{"@id":"https:\/\/siar.minam.gob.pe\/lambayeque\/#organization"},"potentialAction":[{"@type":"SearchAction","target":{"@type":"EntryPoint","urlTemplate":"https:\/\/siar.minam.gob.pe\/lambayeque\/?s={search_term_string}"},"query-input":"required name=search_term_string"}],"inLanguage":"es"},{"@type":"WebPage","@id":"https:\/\/siar.minam.gob.pe\/lambayeque\/estadisticas-regionales\/#webpage","url":"https:\/\/siar.minam.gob.pe\/lambayeque\/estadisticas-regionales\/","name":"Estad\u00edsticas Regionales | SIAR Lambayeque","isPartOf":{"@id":"https:\/\/siar.minam.gob.pe\/lambayeque\/#website"},"datePublished":"2023-12-05T21:00:09+00:00","dateModified":"2024-01-16T15:04:35+00:00","breadcrumb":{"@id":"https:\/\/siar.minam.gob.pe\/lambayeque\/estadisticas-regionales\/#breadcrumb"},"inLanguage":"es","potentialAction":[{"@type":"ReadAction","target":["https:\/\/siar.minam.gob.pe\/lambayeque\/estadisticas-regionales\/"]}]},{"@type":"BreadcrumbList","@id":"https:\/\/siar.minam.gob.pe\/lambayeque\/estadisticas-regionales\/#breadcrumb","itemListElement":[{"@type":"ListItem","position":1,"name":"Inicio","item":"https:\/\/siar.minam.gob.pe\/lambayeque\/"},{"@type":"ListItem","position":2,"name":"Estad\u00edsticas Regionales"}]}]}},"_links":{"self":[{"href":"https:\/\/siar.minam.gob.pe\/lambayeque\/wp-json\/wp\/v2\/pages\/4295"}],"collection":[{"href":"https:\/\/siar.minam.gob.pe\/lambayeque\/wp-json\/wp\/v2\/pages"}],"about":[{"href":"https:\/\/siar.minam.gob.pe\/lambayeque\/wp-json\/wp\/v2\/types\/page"}],"author":[{"embeddable":true,"href":"https:\/\/siar.minam.gob.pe\/lambayeque\/wp-json\/wp\/v2\/users\/1"}],"replies":[{"embeddable":true,"href":"https:\/\/siar.minam.gob.pe\/lambayeque\/wp-json\/wp\/v2\/comments?post=4295"}],"version-history":[{"count":23,"href":"https:\/\/siar.minam.gob.pe\/lambayeque\/wp-json\/wp\/v2\/pages\/4295\/revisions"}],"predecessor-version":[{"id":4519,"href":"https:\/\/siar.minam.gob.pe\/lambayeque\/wp-json\/wp\/v2\/pages\/4295\/revisions\/4519"}],"wp:attachment":[{"href":"https:\/\/siar.minam.gob.pe\/lambayeque\/wp-json\/wp\/v2\/media?parent=4295"}],"curies":[{"name":"wp","href":"https:\/\/api.w.org\/{rel}","templated":true}]}}