{"id":3167,"date":"2023-04-12T11:36:00","date_gmt":"2023-04-12T16:36:00","guid":{"rendered":"http:\/\/siarapurimac.codigoydatos.com\/?page_id=3167"},"modified":"2024-01-12T19:46:18","modified_gmt":"2024-01-13T00:46:18","slug":"contactenos","status":"publish","type":"page","link":"https:\/\/siar.minam.gob.pe\/huanuco\/contactenos\/","title":{"rendered":"Cont\u00e1ctenos"},"content":{"rendered":"\t\t<div data-elementor-type=\"wp-page\" data-elementor-id=\"3167\" class=\"elementor elementor-3167\" data-elementor-settings=\"[]\">\n\t\t\t\t\t\t\t<div class=\"elementor-section-wrap\">\n\t\t\t\t\t\t\t<section class=\"elementor-section elementor-top-section elementor-element elementor-element-3d838bf elementor-section-full_width elementor-section-height-min-height elementor-section-height-default elementor-section-items-middle\" data-id=\"3d838bf\" data-element_type=\"section\" data-settings=\"{&quot;background_background&quot;:&quot;classic&quot;}\">\n\t\t\t\t\t\t\t<div class=\"elementor-background-overlay\"><\/div>\n\t\t\t\t\t\t\t<div class=\"elementor-container elementor-column-gap-default\">\n\t\t\t\t\t<div class=\"elementor-column elementor-col-100 elementor-top-column elementor-element elementor-element-2344c21\" data-id=\"2344c21\" data-element_type=\"column\">\n\t\t\t<div class=\"elementor-widget-wrap elementor-element-populated\">\n\t\t\t\t\t\t\t\t<div class=\"elementor-element elementor-element-a6be365 elementor-widget elementor-widget-heading\" data-id=\"a6be365\" data-element_type=\"widget\" data-widget_type=\"heading.default\">\n\t\t\t\t<div class=\"elementor-widget-container\">\n\t\t\t<h3 class=\"elementor-heading-title elementor-size-default\">Cont\u00e1ctenos<\/h3>\t\t<\/div>\n\t\t\t\t<\/div>\n\t\t\t\t<div class=\"elementor-element elementor-element-7783957 elementor-icon-list--layout-inline elementor-align-center elementor-list-item-link-full_width elementor-widget elementor-widget-icon-list\" data-id=\"7783957\" data-element_type=\"widget\" data-widget_type=\"icon-list.default\">\n\t\t\t\t<div class=\"elementor-widget-container\">\n\t\t\t\t\t<ul class=\"elementor-icon-list-items elementor-inline-items\">\n\t\t\t\t\t\t\t<li class=\"elementor-icon-list-item elementor-inline-item\">\n\t\t\t\t\t\t\t\t\t\t\t<a href=\"https:\/\/siar.minam.gob.pe\/huanuco\/\">\n\n\t\t\t\t\t\t\t\t\t\t\t<span class=\"elementor-icon-list-text\">Inicio<\/span>\n\t\t\t\t\t\t\t\t\t\t\t<\/a>\n\t\t\t\t\t\t\t\t\t<\/li>\n\t\t\t\t\t\t\t\t<li class=\"elementor-icon-list-item elementor-inline-item\">\n\t\t\t\t\t\t\t\t\t\t\t<span class=\"elementor-icon-list-icon\">\n\t\t\t\t\t\t\t<i aria-hidden=\"true\" class=\"fas fa-angle-right\"><\/i>\t\t\t\t\t\t<\/span>\n\t\t\t\t\t\t\t\t\t\t<span class=\"elementor-icon-list-text\">Cont\u00e1ctenos<\/span>\n\t\t\t\t\t\t\t\t\t<\/li>\n\t\t\t\t\t\t<\/ul>\n\t\t\t\t<\/div>\n\t\t\t\t<\/div>\n\t\t\t\t\t<\/div>\n\t\t<\/div>\n\t\t\t\t\t\t\t<\/div>\n\t\t<\/section>\n\t\t\t\t<section class=\"elementor-section elementor-top-section elementor-element elementor-element-80c5f1d elementor-section-boxed elementor-section-height-default elementor-section-height-default\" data-id=\"80c5f1d\" data-element_type=\"section\">\n\t\t\t\t\t\t<div class=\"elementor-container elementor-column-gap-default\">\n\t\t\t\t\t<div class=\"elementor-column elementor-col-50 elementor-top-column elementor-element elementor-element-a238c2d\" data-id=\"a238c2d\" data-element_type=\"column\">\n\t\t\t<div class=\"elementor-widget-wrap elementor-element-populated\">\n\t\t\t\t\t\t\t\t<div class=\"elementor-element elementor-element-dd436fe elementor-icon-list--layout-traditional elementor-list-item-link-full_width elementor-widget elementor-widget-icon-list\" data-id=\"dd436fe\" data-element_type=\"widget\" data-widget_type=\"icon-list.default\">\n\t\t\t\t<div class=\"elementor-widget-container\">\n\t\t\t\t\t<ul class=\"elementor-icon-list-items\">\n\t\t\t\t\t\t\t<li class=\"elementor-icon-list-item\">\n\t\t\t\t\t\t\t\t\t\t\t<a href=\"tel:+51083-322170%20\">\n\n\t\t\t\t\t\t\t\t\t\t\t\t<span class=\"elementor-icon-list-icon\">\n\t\t\t\t\t\t\t<i aria-hidden=\"true\" class=\"fas fa-phone-alt\"><\/i>\t\t\t\t\t\t<\/span>\n\t\t\t\t\t\t\t\t\t\t<span class=\"elementor-icon-list-text\">(041) 478131<\/span>\n\t\t\t\t\t\t\t\t\t\t\t<\/a>\n\t\t\t\t\t\t\t\t\t<\/li>\n\t\t\t\t\t\t\t\t<li class=\"elementor-icon-list-item\">\n\t\t\t\t\t\t\t\t\t\t\t<a href=\"mailto:siar@regionamazonas.gob.pe\">\n\n\t\t\t\t\t\t\t\t\t\t\t\t<span class=\"elementor-icon-list-icon\">\n\t\t\t\t\t\t\t<i aria-hidden=\"true\" class=\"fas fa-envelope\"><\/i>\t\t\t\t\t\t<\/span>\n\t\t\t\t\t\t\t\t\t\t<span class=\"elementor-icon-list-text\">siar@regionhuanuco.gob.pe<\/span>\n\t\t\t\t\t\t\t\t\t\t\t<\/a>\n\t\t\t\t\t\t\t\t\t<\/li>\n\t\t\t\t\t\t\t\t<li class=\"elementor-icon-list-item\">\n\t\t\t\t\t\t\t\t\t\t\t<a href=\"https:\/\/www.google.com.pe\/maps\/place\/Tomasa+Tito+Condemayta,+Cusco+08001\/@-13.5103935,-72.0358793,12z\/data=!4m6!3m5!1s0x916dd6610a08e0db:0x4d6e1b6896e7952e!8m2!3d-13.5060036!4d-71.9964053!16s%2Fg%2F11gcdn7851?hl=es-419\" target=\"_blank\">\n\n\t\t\t\t\t\t\t\t\t\t\t\t<span class=\"elementor-icon-list-icon\">\n\t\t\t\t\t\t\t<i aria-hidden=\"true\" class=\"fas fa-map-marker-alt\"><\/i>\t\t\t\t\t\t<\/span>\n\t\t\t\t\t\t\t\t\t\t<span class=\"elementor-icon-list-text\">Calle Calicanto 145 Amarilis-Huanuco<\/span>\n\t\t\t\t\t\t\t\t\t\t\t<\/a>\n\t\t\t\t\t\t\t\t\t<\/li>\n\t\t\t\t\t\t<\/ul>\n\t\t\t\t<\/div>\n\t\t\t\t<\/div>\n\t\t\t\t<div class=\"elementor-element elementor-element-9b82e69 elementor-widget elementor-widget-google_maps\" data-id=\"9b82e69\" data-element_type=\"widget\" data-widget_type=\"google_maps.default\">\n\t\t\t\t<div class=\"elementor-widget-container\">\n\t\t\t\t\t<div class=\"elementor-custom-embed\">\n\t\t\t<iframe frameborder=\"0\" scrolling=\"no\" marginheight=\"0\" marginwidth=\"0\"\n\t\t\t\t\tsrc=\"https:\/\/maps.google.com\/maps?q=Calle%20Calicanto%20145%20Amarilis-Huanuco&#038;t=m&#038;z=16&#038;output=embed&#038;iwloc=near\"\n\t\t\t\t\ttitle=\"Calle Calicanto 145 Amarilis-Huanuco\"\n\t\t\t\t\taria-label=\"Calle Calicanto 145 Amarilis-Huanuco\"\n\t\t\t><\/iframe>\n\t\t<\/div>\n\t\t\t\t<\/div>\n\t\t\t\t<\/div>\n\t\t\t\t\t<\/div>\n\t\t<\/div>\n\t\t\t\t<div class=\"elementor-column elementor-col-50 elementor-top-column elementor-element elementor-element-f55e377\" data-id=\"f55e377\" data-element_type=\"column\">\n\t\t\t<div class=\"elementor-widget-wrap elementor-element-populated\">\n\t\t\t\t\t\t\t\t<div class=\"elementor-element elementor-element-acd594d elementor-widget elementor-widget-shortcode\" data-id=\"acd594d\" data-element_type=\"widget\" data-widget_type=\"shortcode.default\">\n\t\t\t\t<div class=\"elementor-widget-container\">\n\t\t\t\t\t<div class=\"elementor-shortcode\">\n<div class=\"wpcf7 no-js\" id=\"wpcf7-f3172-o1\" lang=\"es-ES\" dir=\"ltr\">\n<div class=\"screen-reader-response\"><p role=\"status\" aria-live=\"polite\" aria-atomic=\"true\"><\/p> <ul><\/ul><\/div>\n<form action=\"\/huanuco\/wp-json\/wp\/v2\/pages\/3167#wpcf7-f3172-o1\" method=\"post\" class=\"wpcf7-form init\" aria-label=\"Contact form\" novalidate=\"novalidate\" data-status=\"init\">\n<div style=\"display: none;\">\n<input type=\"hidden\" name=\"_wpcf7\" value=\"3172\" \/>\n<input type=\"hidden\" name=\"_wpcf7_version\" value=\"5.7.5.1\" \/>\n<input type=\"hidden\" name=\"_wpcf7_locale\" value=\"es_ES\" \/>\n<input type=\"hidden\" name=\"_wpcf7_unit_tag\" value=\"wpcf7-f3172-o1\" \/>\n<input type=\"hidden\" name=\"_wpcf7_container_post\" value=\"0\" \/>\n<input type=\"hidden\" name=\"_wpcf7_posted_data_hash\" value=\"\" \/>\n<\/div>\n<p><label> Nombre*<br \/>\n<span class=\"wpcf7-form-control-wrap\" data-name=\"your-name\"><input size=\"40\" class=\"wpcf7-form-control wpcf7-text wpcf7-validates-as-required\" autocomplete=\"name\" aria-required=\"true\" aria-invalid=\"false\" value=\"\" type=\"text\" name=\"your-name\" \/><\/span> <\/label>\n<\/p>\n<p><label> Asunto*<br \/>\n<span class=\"wpcf7-form-control-wrap\" data-name=\"your-subject\"><input size=\"40\" class=\"wpcf7-form-control wpcf7-text wpcf7-validates-as-required\" aria-required=\"true\" aria-invalid=\"false\" value=\"\" type=\"text\" name=\"your-subject\" \/><\/span> <\/label>\n<\/p>\n<p><label> Correo*<br \/>\n<span class=\"wpcf7-form-control-wrap\" data-name=\"your-email\"><input size=\"40\" class=\"wpcf7-form-control wpcf7-text wpcf7-email wpcf7-validates-as-required wpcf7-validates-as-email\" autocomplete=\"email\" aria-required=\"true\" aria-invalid=\"false\" value=\"\" type=\"email\" name=\"your-email\" \/><\/span> <\/label>\n<\/p>\n<p><label> Direcci\u00f3n<br \/>\n<span class=\"wpcf7-form-control-wrap\" data-name=\"your-address\"><input size=\"40\" class=\"wpcf7-form-control wpcf7-text\" aria-invalid=\"false\" value=\"\" type=\"text\" name=\"your-address\" \/><\/span> <\/label>\n<\/p>\n<p><label> Mensaje*<br \/>\n<span class=\"wpcf7-form-control-wrap\" data-name=\"your-message\"><textarea cols=\"40\" rows=\"10\" class=\"wpcf7-form-control wpcf7-textarea wpcf7-validates-as-required\" aria-required=\"true\" aria-invalid=\"false\" name=\"your-message\"><\/textarea><\/span> <\/label>\n<\/p>\n<p><div id=\"cf7sr-69d113baeea1a\" class=\"cf7sr-g-recaptcha\" data-sitekey=\"6LdjgxcpAAAAAGeBw4FftGhDSnVu0wmZJ0_-vsDR\"><\/div><span class=\"wpcf7-form-control-wrap cf7sr-recaptcha\" data-name=\"cf7sr-recaptcha\"><input type=\"hidden\" name=\"cf7sr-recaptcha\" value=\"\" class=\"wpcf7-form-control\"><\/span><br \/>\n<input class=\"wpcf7-form-control has-spinner wpcf7-submit\" type=\"submit\" value=\"Enviar\" \/>\n<\/p><div class=\"wpcf7-response-output\" aria-hidden=\"true\"><\/div>\n<\/form>\n<\/div>\n<\/div>\n\t\t\t\t<\/div>\n\t\t\t\t<\/div>\n\t\t\t\t\t<\/div>\n\t\t<\/div>\n\t\t\t\t\t\t\t<\/div>\n\t\t<\/section>\n\t\t\t\t\t\t<\/div>\n\t\t\t\t\t<\/div>\n\t\t","protected":false},"excerpt":{"rendered":"<p>Cont\u00e1ctenos Inicio Cont\u00e1ctenos (041) 478131 siar@regionhuanuco.gob.pe Calle Calicanto 145 Amarilis-Huanuco<\/p>\n","protected":false},"author":1,"featured_media":0,"parent":0,"menu_order":0,"comment_status":"closed","ping_status":"closed","template":"","meta":[],"yoast_head":"<!-- This site is optimized with the Yoast SEO plugin v18.3 - https:\/\/yoast.com\/wordpress\/plugins\/seo\/ -->\n<title>Cont\u00e1ctenos | SIAR Hu\u00e1nuco<\/title>\n<meta name=\"robots\" content=\"index, follow, max-snippet:-1, max-image-preview:large, max-video-preview:-1\" \/>\n<link rel=\"canonical\" href=\"https:\/\/siar.minam.gob.pe\/huanuco\/contactenos\/\" \/>\n<meta property=\"og:locale\" content=\"es_ES\" \/>\n<meta property=\"og:type\" content=\"article\" \/>\n<meta property=\"og:title\" content=\"Cont\u00e1ctenos | SIAR Hu\u00e1nuco\" \/>\n<meta property=\"og:description\" content=\"Cont\u00e1ctenos Inicio Cont\u00e1ctenos (041) 478131 siar@regionhuanuco.gob.pe Calle Calicanto 145 Amarilis-Huanuco\" \/>\n<meta property=\"og:url\" content=\"https:\/\/siar.minam.gob.pe\/huanuco\/contactenos\/\" \/>\n<meta property=\"og:site_name\" content=\"SIAR Hu\u00e1nuco\" \/>\n<meta property=\"article:modified_time\" content=\"2024-01-13T00:46:18+00:00\" \/>\n<meta name=\"twitter:card\" content=\"summary_large_image\" \/>\n<meta name=\"twitter:label1\" content=\"Tiempo de lectura\" \/>\n\t<meta name=\"twitter:data1\" content=\"1 minuto\" \/>\n<script type=\"application\/ld+json\" class=\"yoast-schema-graph\">{\"@context\":\"https:\/\/schema.org\",\"@graph\":[{\"@type\":\"Organization\",\"@id\":\"https:\/\/siar.minam.gob.pe\/huanuco\/#organization\",\"name\":\"SIAR Hu\u00e1nuco\",\"url\":\"https:\/\/siar.minam.gob.pe\/huanuco\/\",\"sameAs\":[],\"logo\":{\"@type\":\"ImageObject\",\"@id\":\"https:\/\/siar.minam.gob.pe\/huanuco\/#logo\",\"inLanguage\":\"es\",\"url\":\"https:\/\/siar.minam.gob.pe\/huanuco\/wp-content\/uploads\/2022\/02\/cropped-logo-SIAR_1.png\",\"contentUrl\":\"https:\/\/siar.minam.gob.pe\/huanuco\/wp-content\/uploads\/2022\/02\/cropped-logo-SIAR_1.png\",\"width\":864,\"height\":316,\"caption\":\"SIAR Hu\u00e1nuco\"},\"image\":{\"@id\":\"https:\/\/siar.minam.gob.pe\/huanuco\/#logo\"}},{\"@type\":\"WebSite\",\"@id\":\"https:\/\/siar.minam.gob.pe\/huanuco\/#website\",\"url\":\"https:\/\/siar.minam.gob.pe\/huanuco\/\",\"name\":\"SIAR Hu\u00e1nuco\",\"description\":\"SIAR Hu\u00e1nuco\",\"publisher\":{\"@id\":\"https:\/\/siar.minam.gob.pe\/huanuco\/#organization\"},\"potentialAction\":[{\"@type\":\"SearchAction\",\"target\":{\"@type\":\"EntryPoint\",\"urlTemplate\":\"https:\/\/siar.minam.gob.pe\/huanuco\/?s={search_term_string}\"},\"query-input\":\"required name=search_term_string\"}],\"inLanguage\":\"es\"},{\"@type\":\"WebPage\",\"@id\":\"https:\/\/siar.minam.gob.pe\/huanuco\/contactenos\/#webpage\",\"url\":\"https:\/\/siar.minam.gob.pe\/huanuco\/contactenos\/\",\"name\":\"Cont\u00e1ctenos | SIAR Hu\u00e1nuco\",\"isPartOf\":{\"@id\":\"https:\/\/siar.minam.gob.pe\/huanuco\/#website\"},\"datePublished\":\"2023-04-12T16:36:00+00:00\",\"dateModified\":\"2024-01-13T00:46:18+00:00\",\"breadcrumb\":{\"@id\":\"https:\/\/siar.minam.gob.pe\/huanuco\/contactenos\/#breadcrumb\"},\"inLanguage\":\"es\",\"potentialAction\":[{\"@type\":\"ReadAction\",\"target\":[\"https:\/\/siar.minam.gob.pe\/huanuco\/contactenos\/\"]}]},{\"@type\":\"BreadcrumbList\",\"@id\":\"https:\/\/siar.minam.gob.pe\/huanuco\/contactenos\/#breadcrumb\",\"itemListElement\":[{\"@type\":\"ListItem\",\"position\":1,\"name\":\"Inicio\",\"item\":\"https:\/\/siar.minam.gob.pe\/huanuco\/\"},{\"@type\":\"ListItem\",\"position\":2,\"name\":\"Cont\u00e1ctenos\"}]}]}<\/script>\n<!-- \/ Yoast SEO plugin. -->","yoast_head_json":{"title":"Cont\u00e1ctenos | SIAR Hu\u00e1nuco","robots":{"index":"index","follow":"follow","max-snippet":"max-snippet:-1","max-image-preview":"max-image-preview:large","max-video-preview":"max-video-preview:-1"},"canonical":"https:\/\/siar.minam.gob.pe\/huanuco\/contactenos\/","og_locale":"es_ES","og_type":"article","og_title":"Cont\u00e1ctenos | SIAR Hu\u00e1nuco","og_description":"Cont\u00e1ctenos Inicio Cont\u00e1ctenos (041) 478131 siar@regionhuanuco.gob.pe Calle Calicanto 145 Amarilis-Huanuco","og_url":"https:\/\/siar.minam.gob.pe\/huanuco\/contactenos\/","og_site_name":"SIAR Hu\u00e1nuco","article_modified_time":"2024-01-13T00:46:18+00:00","twitter_card":"summary_large_image","twitter_misc":{"Tiempo de lectura":"1 minuto"},"schema":{"@context":"https:\/\/schema.org","@graph":[{"@type":"Organization","@id":"https:\/\/siar.minam.gob.pe\/huanuco\/#organization","name":"SIAR Hu\u00e1nuco","url":"https:\/\/siar.minam.gob.pe\/huanuco\/","sameAs":[],"logo":{"@type":"ImageObject","@id":"https:\/\/siar.minam.gob.pe\/huanuco\/#logo","inLanguage":"es","url":"https:\/\/siar.minam.gob.pe\/huanuco\/wp-content\/uploads\/2022\/02\/cropped-logo-SIAR_1.png","contentUrl":"https:\/\/siar.minam.gob.pe\/huanuco\/wp-content\/uploads\/2022\/02\/cropped-logo-SIAR_1.png","width":864,"height":316,"caption":"SIAR Hu\u00e1nuco"},"image":{"@id":"https:\/\/siar.minam.gob.pe\/huanuco\/#logo"}},{"@type":"WebSite","@id":"https:\/\/siar.minam.gob.pe\/huanuco\/#website","url":"https:\/\/siar.minam.gob.pe\/huanuco\/","name":"SIAR Hu\u00e1nuco","description":"SIAR Hu\u00e1nuco","publisher":{"@id":"https:\/\/siar.minam.gob.pe\/huanuco\/#organization"},"potentialAction":[{"@type":"SearchAction","target":{"@type":"EntryPoint","urlTemplate":"https:\/\/siar.minam.gob.pe\/huanuco\/?s={search_term_string}"},"query-input":"required name=search_term_string"}],"inLanguage":"es"},{"@type":"WebPage","@id":"https:\/\/siar.minam.gob.pe\/huanuco\/contactenos\/#webpage","url":"https:\/\/siar.minam.gob.pe\/huanuco\/contactenos\/","name":"Cont\u00e1ctenos | SIAR Hu\u00e1nuco","isPartOf":{"@id":"https:\/\/siar.minam.gob.pe\/huanuco\/#website"},"datePublished":"2023-04-12T16:36:00+00:00","dateModified":"2024-01-13T00:46:18+00:00","breadcrumb":{"@id":"https:\/\/siar.minam.gob.pe\/huanuco\/contactenos\/#breadcrumb"},"inLanguage":"es","potentialAction":[{"@type":"ReadAction","target":["https:\/\/siar.minam.gob.pe\/huanuco\/contactenos\/"]}]},{"@type":"BreadcrumbList","@id":"https:\/\/siar.minam.gob.pe\/huanuco\/contactenos\/#breadcrumb","itemListElement":[{"@type":"ListItem","position":1,"name":"Inicio","item":"https:\/\/siar.minam.gob.pe\/huanuco\/"},{"@type":"ListItem","position":2,"name":"Cont\u00e1ctenos"}]}]}},"_links":{"self":[{"href":"https:\/\/siar.minam.gob.pe\/huanuco\/wp-json\/wp\/v2\/pages\/3167"}],"collection":[{"href":"https:\/\/siar.minam.gob.pe\/huanuco\/wp-json\/wp\/v2\/pages"}],"about":[{"href":"https:\/\/siar.minam.gob.pe\/huanuco\/wp-json\/wp\/v2\/types\/page"}],"author":[{"embeddable":true,"href":"https:\/\/siar.minam.gob.pe\/huanuco\/wp-json\/wp\/v2\/users\/1"}],"replies":[{"embeddable":true,"href":"https:\/\/siar.minam.gob.pe\/huanuco\/wp-json\/wp\/v2\/comments?post=3167"}],"version-history":[{"count":133,"href":"https:\/\/siar.minam.gob.pe\/huanuco\/wp-json\/wp\/v2\/pages\/3167\/revisions"}],"predecessor-version":[{"id":4400,"href":"https:\/\/siar.minam.gob.pe\/huanuco\/wp-json\/wp\/v2\/pages\/3167\/revisions\/4400"}],"wp:attachment":[{"href":"https:\/\/siar.minam.gob.pe\/huanuco\/wp-json\/wp\/v2\/media?parent=3167"}],"curies":[{"name":"wp","href":"https:\/\/api.w.org\/{rel}","templated":true}]}}