{"id":2370,"date":"2022-03-03T16:37:51","date_gmt":"2022-03-03T21:37:51","guid":{"rendered":"http:\/\/siarapurimac.codigoydatos.com\/?page_id=2370"},"modified":"2024-01-12T20:09:37","modified_gmt":"2024-01-13T01:09:37","slug":"blog-de-videos","status":"publish","type":"page","link":"https:\/\/siar.minam.gob.pe\/huanuco\/blog-de-videos\/","title":{"rendered":"Blog de videos"},"content":{"rendered":"\t\t<div data-elementor-type=\"wp-page\" data-elementor-id=\"2370\" class=\"elementor elementor-2370\" data-elementor-settings=\"[]\">\n\t\t\t\t\t\t\t<div class=\"elementor-section-wrap\">\n\t\t\t\t\t\t\t<section class=\"elementor-section elementor-top-section elementor-element elementor-element-9f89d8c elementor-section-height-min-height elementor-section-boxed elementor-section-height-default elementor-section-items-middle\" data-id=\"9f89d8c\" data-element_type=\"section\" data-settings=\"{&quot;background_background&quot;:&quot;classic&quot;}\">\n\t\t\t\t\t\t\t<div class=\"elementor-background-overlay\"><\/div>\n\t\t\t\t\t\t\t<div class=\"elementor-container elementor-column-gap-default\">\n\t\t\t\t\t<div class=\"elementor-column elementor-col-100 elementor-top-column elementor-element elementor-element-1e3f11d\" data-id=\"1e3f11d\" data-element_type=\"column\" data-settings=\"{&quot;background_background&quot;:&quot;classic&quot;}\">\n\t\t\t<div class=\"elementor-widget-wrap elementor-element-populated\">\n\t\t\t\t\t\t\t\t<div class=\"elementor-element elementor-element-a903605 elementor-widget elementor-widget-heading\" data-id=\"a903605\" data-element_type=\"widget\" data-widget_type=\"heading.default\">\n\t\t\t\t<div class=\"elementor-widget-container\">\n\t\t\t<h3 class=\"elementor-heading-title elementor-size-default\">Colecci\u00f3n de videos<\/h3>\t\t<\/div>\n\t\t\t\t<\/div>\n\t\t\t\t<div class=\"elementor-element elementor-element-e96794b elementor-icon-list--layout-inline elementor-align-center elementor-list-item-link-full_width elementor-widget elementor-widget-icon-list\" data-id=\"e96794b\" data-element_type=\"widget\" data-widget_type=\"icon-list.default\">\n\t\t\t\t<div class=\"elementor-widget-container\">\n\t\t\t\t\t<ul class=\"elementor-icon-list-items elementor-inline-items\">\n\t\t\t\t\t\t\t<li class=\"elementor-icon-list-item elementor-inline-item\">\n\t\t\t\t\t\t\t\t\t\t\t<a href=\"https:\/\/siar.minam.gob.pe\/huanuco\/\">\n\n\t\t\t\t\t\t\t\t\t\t\t<span class=\"elementor-icon-list-text\">Inicio<\/span>\n\t\t\t\t\t\t\t\t\t\t\t<\/a>\n\t\t\t\t\t\t\t\t\t<\/li>\n\t\t\t\t\t\t\t\t<li class=\"elementor-icon-list-item elementor-inline-item\">\n\t\t\t\t\t\t\t\t\t\t\t<span class=\"elementor-icon-list-icon\">\n\t\t\t\t\t\t\t<i aria-hidden=\"true\" class=\"fas fa-angle-right\"><\/i>\t\t\t\t\t\t<\/span>\n\t\t\t\t\t\t\t\t\t\t<span class=\"elementor-icon-list-text\">Colecci\u00f3n de videos<\/span>\n\t\t\t\t\t\t\t\t\t<\/li>\n\t\t\t\t\t\t<\/ul>\n\t\t\t\t<\/div>\n\t\t\t\t<\/div>\n\t\t\t\t\t<\/div>\n\t\t<\/div>\n\t\t\t\t\t\t\t<\/div>\n\t\t<\/section>\n\t\t\t\t<section class=\"elementor-section elementor-top-section elementor-element elementor-element-13a709f elementor-section-boxed elementor-section-height-default elementor-section-height-default\" data-id=\"13a709f\" data-element_type=\"section\">\n\t\t\t\t\t\t<div class=\"elementor-container elementor-column-gap-default\">\n\t\t\t\t\t<div class=\"elementor-column elementor-col-100 elementor-top-column elementor-element elementor-element-c1cf23e\" data-id=\"c1cf23e\" data-element_type=\"column\">\n\t\t\t<div class=\"elementor-widget-wrap elementor-element-populated\">\n\t\t\t\t\t\t\t\t<div class=\"elementor-element elementor-element-2e702f8 elementor-widget__width-auto elementor-widget elementor-widget-heading\" data-id=\"2e702f8\" data-element_type=\"widget\" data-widget_type=\"heading.default\">\n\t\t\t\t<div class=\"elementor-widget-container\">\n\t\t\t<h3 class=\"elementor-heading-title elementor-size-default\">Todos los videos<\/h3>\t\t<\/div>\n\t\t\t\t<\/div>\n\t\t\t\t<div class=\"elementor-element elementor-element-32a146f elementor-widget-divider--view-line elementor-widget elementor-widget-divider\" data-id=\"32a146f\" data-element_type=\"widget\" data-widget_type=\"divider.default\">\n\t\t\t\t<div class=\"elementor-widget-container\">\n\t\t\t\t\t<div class=\"elementor-divider\">\n\t\t\t<span class=\"elementor-divider-separator\">\n\t\t\t\t\t\t<\/span>\n\t\t<\/div>\n\t\t\t\t<\/div>\n\t\t\t\t<\/div>\n\t\t\t\t<div class=\"elementor-element elementor-element-6420856 elementor-widget elementor-widget-jet-listing-grid\" data-id=\"6420856\" data-element_type=\"widget\" data-settings=\"{&quot;columns&quot;:&quot;4&quot;,&quot;columns_tablet&quot;:&quot;2&quot;,&quot;columns_mobile&quot;:&quot;1&quot;}\" data-widget_type=\"jet-listing-grid.default\">\n\t\t\t\t<div class=\"elementor-widget-container\">\n\t\t\t<div class=\"jet-listing-grid jet-listing-grid--lazy-load jet-listing\" data-lazy-load=\"{&quot;offset&quot;:&quot;0px&quot;,&quot;post_id&quot;:2370,&quot;queried_id&quot;:&quot;2370|WP_Post&quot;}\"><\/div>\t\t<\/div>\n\t\t\t\t<\/div>\n\t\t\t\t<div class=\"elementor-element elementor-element-6d40319 elementor-align-center elementor-widget elementor-widget-button\" data-id=\"6d40319\" data-element_type=\"widget\" data-widget_type=\"button.default\">\n\t\t\t\t<div class=\"elementor-widget-container\">\n\t\t\t\t\t<div class=\"elementor-button-wrapper\">\n\t\t\t<a href=\"#\" class=\"elementor-button-link elementor-button elementor-size-sm\" role=\"button\" id=\"cargar\">\n\t\t\t\t\t\t<span class=\"elementor-button-content-wrapper\">\n\t\t\t\t\t\t<span class=\"elementor-button-text\">Cargar m\u00e1s videos<\/span>\n\t\t<\/span>\n\t\t\t\t\t<\/a>\n\t\t<\/div>\n\t\t\t\t<\/div>\n\t\t\t\t<\/div>\n\t\t\t\t\t<\/div>\n\t\t<\/div>\n\t\t\t\t\t\t\t<\/div>\n\t\t<\/section>\n\t\t\t\t\t\t<\/div>\n\t\t\t\t\t<\/div>\n\t\t","protected":false},"excerpt":{"rendered":"<p>Colecci\u00f3n de videos Inicio Colecci\u00f3n de videos Todos los videos Cargar m\u00e1s videos<\/p>\n","protected":false},"author":1,"featured_media":0,"parent":0,"menu_order":0,"comment_status":"closed","ping_status":"closed","template":"","meta":[],"yoast_head":"<!-- This site is optimized with the Yoast SEO plugin v18.3 - https:\/\/yoast.com\/wordpress\/plugins\/seo\/ -->\n<title>Blog de videos | SIAR Hu\u00e1nuco<\/title>\n<meta name=\"robots\" content=\"index, follow, max-snippet:-1, max-image-preview:large, max-video-preview:-1\" \/>\n<link rel=\"canonical\" href=\"https:\/\/siar.minam.gob.pe\/huanuco\/blog-de-videos\/\" \/>\n<meta property=\"og:locale\" content=\"es_ES\" \/>\n<meta property=\"og:type\" content=\"article\" \/>\n<meta property=\"og:title\" content=\"Blog de videos | SIAR Hu\u00e1nuco\" \/>\n<meta property=\"og:description\" content=\"Colecci\u00f3n de videos Inicio Colecci\u00f3n de videos Todos los videos Cargar m\u00e1s videos\" \/>\n<meta property=\"og:url\" content=\"https:\/\/siar.minam.gob.pe\/huanuco\/blog-de-videos\/\" \/>\n<meta property=\"og:site_name\" content=\"SIAR Hu\u00e1nuco\" \/>\n<meta property=\"article:modified_time\" content=\"2024-01-13T01:09:37+00:00\" \/>\n<meta name=\"twitter:card\" content=\"summary_large_image\" \/>\n<meta name=\"twitter:label1\" content=\"Tiempo de lectura\" \/>\n\t<meta name=\"twitter:data1\" content=\"4 minutos\" \/>\n<script type=\"application\/ld+json\" class=\"yoast-schema-graph\">{\"@context\":\"https:\/\/schema.org\",\"@graph\":[{\"@type\":\"Organization\",\"@id\":\"https:\/\/siar.minam.gob.pe\/huanuco\/#organization\",\"name\":\"SIAR Hu\u00e1nuco\",\"url\":\"https:\/\/siar.minam.gob.pe\/huanuco\/\",\"sameAs\":[],\"logo\":{\"@type\":\"ImageObject\",\"@id\":\"https:\/\/siar.minam.gob.pe\/huanuco\/#logo\",\"inLanguage\":\"es\",\"url\":\"https:\/\/siar.minam.gob.pe\/huanuco\/wp-content\/uploads\/2022\/02\/cropped-logo-SIAR_1.png\",\"contentUrl\":\"https:\/\/siar.minam.gob.pe\/huanuco\/wp-content\/uploads\/2022\/02\/cropped-logo-SIAR_1.png\",\"width\":864,\"height\":316,\"caption\":\"SIAR Hu\u00e1nuco\"},\"image\":{\"@id\":\"https:\/\/siar.minam.gob.pe\/huanuco\/#logo\"}},{\"@type\":\"WebSite\",\"@id\":\"https:\/\/siar.minam.gob.pe\/huanuco\/#website\",\"url\":\"https:\/\/siar.minam.gob.pe\/huanuco\/\",\"name\":\"SIAR Hu\u00e1nuco\",\"description\":\"SIAR Hu\u00e1nuco\",\"publisher\":{\"@id\":\"https:\/\/siar.minam.gob.pe\/huanuco\/#organization\"},\"potentialAction\":[{\"@type\":\"SearchAction\",\"target\":{\"@type\":\"EntryPoint\",\"urlTemplate\":\"https:\/\/siar.minam.gob.pe\/huanuco\/?s={search_term_string}\"},\"query-input\":\"required name=search_term_string\"}],\"inLanguage\":\"es\"},{\"@type\":\"WebPage\",\"@id\":\"https:\/\/siar.minam.gob.pe\/huanuco\/blog-de-videos\/#webpage\",\"url\":\"https:\/\/siar.minam.gob.pe\/huanuco\/blog-de-videos\/\",\"name\":\"Blog de videos | SIAR Hu\u00e1nuco\",\"isPartOf\":{\"@id\":\"https:\/\/siar.minam.gob.pe\/huanuco\/#website\"},\"datePublished\":\"2022-03-03T21:37:51+00:00\",\"dateModified\":\"2024-01-13T01:09:37+00:00\",\"breadcrumb\":{\"@id\":\"https:\/\/siar.minam.gob.pe\/huanuco\/blog-de-videos\/#breadcrumb\"},\"inLanguage\":\"es\",\"potentialAction\":[{\"@type\":\"ReadAction\",\"target\":[\"https:\/\/siar.minam.gob.pe\/huanuco\/blog-de-videos\/\"]}]},{\"@type\":\"BreadcrumbList\",\"@id\":\"https:\/\/siar.minam.gob.pe\/huanuco\/blog-de-videos\/#breadcrumb\",\"itemListElement\":[{\"@type\":\"ListItem\",\"position\":1,\"name\":\"Inicio\",\"item\":\"https:\/\/siar.minam.gob.pe\/huanuco\/\"},{\"@type\":\"ListItem\",\"position\":2,\"name\":\"Blog de videos\"}]}]}<\/script>\n<!-- \/ Yoast SEO plugin. -->","yoast_head_json":{"title":"Blog de videos | SIAR Hu\u00e1nuco","robots":{"index":"index","follow":"follow","max-snippet":"max-snippet:-1","max-image-preview":"max-image-preview:large","max-video-preview":"max-video-preview:-1"},"canonical":"https:\/\/siar.minam.gob.pe\/huanuco\/blog-de-videos\/","og_locale":"es_ES","og_type":"article","og_title":"Blog de videos | SIAR Hu\u00e1nuco","og_description":"Colecci\u00f3n de videos Inicio Colecci\u00f3n de videos Todos los videos Cargar m\u00e1s videos","og_url":"https:\/\/siar.minam.gob.pe\/huanuco\/blog-de-videos\/","og_site_name":"SIAR Hu\u00e1nuco","article_modified_time":"2024-01-13T01:09:37+00:00","twitter_card":"summary_large_image","twitter_misc":{"Tiempo de lectura":"4 minutos"},"schema":{"@context":"https:\/\/schema.org","@graph":[{"@type":"Organization","@id":"https:\/\/siar.minam.gob.pe\/huanuco\/#organization","name":"SIAR Hu\u00e1nuco","url":"https:\/\/siar.minam.gob.pe\/huanuco\/","sameAs":[],"logo":{"@type":"ImageObject","@id":"https:\/\/siar.minam.gob.pe\/huanuco\/#logo","inLanguage":"es","url":"https:\/\/siar.minam.gob.pe\/huanuco\/wp-content\/uploads\/2022\/02\/cropped-logo-SIAR_1.png","contentUrl":"https:\/\/siar.minam.gob.pe\/huanuco\/wp-content\/uploads\/2022\/02\/cropped-logo-SIAR_1.png","width":864,"height":316,"caption":"SIAR Hu\u00e1nuco"},"image":{"@id":"https:\/\/siar.minam.gob.pe\/huanuco\/#logo"}},{"@type":"WebSite","@id":"https:\/\/siar.minam.gob.pe\/huanuco\/#website","url":"https:\/\/siar.minam.gob.pe\/huanuco\/","name":"SIAR Hu\u00e1nuco","description":"SIAR Hu\u00e1nuco","publisher":{"@id":"https:\/\/siar.minam.gob.pe\/huanuco\/#organization"},"potentialAction":[{"@type":"SearchAction","target":{"@type":"EntryPoint","urlTemplate":"https:\/\/siar.minam.gob.pe\/huanuco\/?s={search_term_string}"},"query-input":"required name=search_term_string"}],"inLanguage":"es"},{"@type":"WebPage","@id":"https:\/\/siar.minam.gob.pe\/huanuco\/blog-de-videos\/#webpage","url":"https:\/\/siar.minam.gob.pe\/huanuco\/blog-de-videos\/","name":"Blog de videos | SIAR Hu\u00e1nuco","isPartOf":{"@id":"https:\/\/siar.minam.gob.pe\/huanuco\/#website"},"datePublished":"2022-03-03T21:37:51+00:00","dateModified":"2024-01-13T01:09:37+00:00","breadcrumb":{"@id":"https:\/\/siar.minam.gob.pe\/huanuco\/blog-de-videos\/#breadcrumb"},"inLanguage":"es","potentialAction":[{"@type":"ReadAction","target":["https:\/\/siar.minam.gob.pe\/huanuco\/blog-de-videos\/"]}]},{"@type":"BreadcrumbList","@id":"https:\/\/siar.minam.gob.pe\/huanuco\/blog-de-videos\/#breadcrumb","itemListElement":[{"@type":"ListItem","position":1,"name":"Inicio","item":"https:\/\/siar.minam.gob.pe\/huanuco\/"},{"@type":"ListItem","position":2,"name":"Blog de videos"}]}]}},"_links":{"self":[{"href":"https:\/\/siar.minam.gob.pe\/huanuco\/wp-json\/wp\/v2\/pages\/2370"}],"collection":[{"href":"https:\/\/siar.minam.gob.pe\/huanuco\/wp-json\/wp\/v2\/pages"}],"about":[{"href":"https:\/\/siar.minam.gob.pe\/huanuco\/wp-json\/wp\/v2\/types\/page"}],"author":[{"embeddable":true,"href":"https:\/\/siar.minam.gob.pe\/huanuco\/wp-json\/wp\/v2\/users\/1"}],"replies":[{"embeddable":true,"href":"https:\/\/siar.minam.gob.pe\/huanuco\/wp-json\/wp\/v2\/comments?post=2370"}],"version-history":[{"count":202,"href":"https:\/\/siar.minam.gob.pe\/huanuco\/wp-json\/wp\/v2\/pages\/2370\/revisions"}],"predecessor-version":[{"id":4427,"href":"https:\/\/siar.minam.gob.pe\/huanuco\/wp-json\/wp\/v2\/pages\/2370\/revisions\/4427"}],"wp:attachment":[{"href":"https:\/\/siar.minam.gob.pe\/huanuco\/wp-json\/wp\/v2\/media?parent=2370"}],"curies":[{"name":"wp","href":"https:\/\/api.w.org\/{rel}","templated":true}]}}