{"id":1004,"date":"2022-02-18T15:22:58","date_gmt":"2022-02-18T20:22:58","guid":{"rendered":"http:\/\/siarapurimac.codigoydatos.com\/?page_id=1004"},"modified":"2024-01-16T10:01:08","modified_gmt":"2024-01-16T15:01:08","slug":"estadisticas","status":"publish","type":"page","link":"https:\/\/siar.minam.gob.pe\/huanuco\/estadisticas\/","title":{"rendered":"Estad\u00edsticas"},"content":{"rendered":"\t\t<div data-elementor-type=\"wp-page\" data-elementor-id=\"1004\" class=\"elementor elementor-1004\" data-elementor-settings=\"[]\">\n\t\t\t\t\t\t\t<div class=\"elementor-section-wrap\">\n\t\t\t\t\t\t\t<section class=\"elementor-section elementor-top-section elementor-element elementor-element-57d15a4 elementor-section-height-min-height elementor-section-boxed elementor-section-height-default elementor-section-items-middle\" data-id=\"57d15a4\" data-element_type=\"section\" data-settings=\"{&quot;background_background&quot;:&quot;classic&quot;}\">\n\t\t\t\t\t\t\t<div class=\"elementor-background-overlay\"><\/div>\n\t\t\t\t\t\t\t<div class=\"elementor-container elementor-column-gap-default\">\n\t\t\t\t\t<div class=\"elementor-column elementor-col-100 elementor-top-column elementor-element elementor-element-39672dd\" data-id=\"39672dd\" data-element_type=\"column\" data-settings=\"{&quot;background_background&quot;:&quot;classic&quot;}\">\n\t\t\t<div class=\"elementor-widget-wrap elementor-element-populated\">\n\t\t\t\t\t\t\t\t<div class=\"elementor-element elementor-element-7bbd5f7 elementor-align-center elementor-widget elementor-widget-breadcrumbs\" data-id=\"7bbd5f7\" data-element_type=\"widget\" data-widget_type=\"breadcrumbs.default\">\n\t\t\t\t<div class=\"elementor-widget-container\">\n\t\t\t<p id=\"breadcrumbs\"><span><span><a href=\"https:\/\/siar.minam.gob.pe\/huanuco\/\">Inicio<\/a><\/span><\/p>\t\t<\/div>\n\t\t\t\t<\/div>\n\t\t\t\t\t<\/div>\n\t\t<\/div>\n\t\t\t\t\t\t\t<\/div>\n\t\t<\/section>\n\t\t\t\t<section class=\"elementor-section elementor-top-section elementor-element elementor-element-6c49dc1 elementor-section-height-min-height elementor-section-boxed elementor-section-height-default elementor-section-items-middle\" data-id=\"6c49dc1\" data-element_type=\"section\">\n\t\t\t\t\t\t<div class=\"elementor-container elementor-column-gap-default\">\n\t\t\t\t\t<div class=\"elementor-column elementor-col-100 elementor-top-column elementor-element elementor-element-9058a3b\" data-id=\"9058a3b\" data-element_type=\"column\">\n\t\t\t<div class=\"elementor-widget-wrap elementor-element-populated\">\n\t\t\t\t\t\t\t\t<div class=\"elementor-element elementor-element-9a56a4c elementor-widget elementor-widget-heading\" data-id=\"9a56a4c\" data-element_type=\"widget\" data-widget_type=\"heading.default\">\n\t\t\t\t<div class=\"elementor-widget-container\">\n\t\t\t<h3 class=\"elementor-heading-title elementor-size-default\">Estad\u00edsticas de Hu\u00e1nuco<\/h3>\t\t<\/div>\n\t\t\t\t<\/div>\n\t\t\t\t<div class=\"elementor-element elementor-element-bc5be82 elementor-widget-divider--view-line elementor-widget elementor-widget-divider\" data-id=\"bc5be82\" data-element_type=\"widget\" data-widget_type=\"divider.default\">\n\t\t\t\t<div class=\"elementor-widget-container\">\n\t\t\t\t\t<div class=\"elementor-divider\">\n\t\t\t<span class=\"elementor-divider-separator\">\n\t\t\t\t\t\t<\/span>\n\t\t<\/div>\n\t\t\t\t<\/div>\n\t\t\t\t<\/div>\n\t\t\t\t\t<\/div>\n\t\t<\/div>\n\t\t\t\t\t\t\t<\/div>\n\t\t<\/section>\n\t\t\t\t<section class=\"elementor-section elementor-top-section elementor-element elementor-element-bffab54 elementor-section-full_width elementor-section-height-default elementor-section-height-default\" data-id=\"bffab54\" data-element_type=\"section\">\n\t\t\t\t\t\t<div class=\"elementor-container elementor-column-gap-default\">\n\t\t\t\t\t<div class=\"elementor-column elementor-col-100 elementor-top-column elementor-element elementor-element-1795992\" data-id=\"1795992\" data-element_type=\"column\">\n\t\t\t<div class=\"elementor-widget-wrap elementor-element-populated\">\n\t\t\t\t\t\t\t\t<div class=\"elementor-element elementor-element-35b33a5 elementor-widget elementor-widget-text-editor\" data-id=\"35b33a5\" data-element_type=\"widget\" data-widget_type=\"text-editor.default\">\n\t\t\t\t<div class=\"elementor-widget-container\">\n\t\t\t\t\t\t\t<iframe id=\"miIframe\" src=\"https:\/\/sinia-indicadores.web.app\/#\/estadisticas?region=10\" width=\"100%\" scrolling=\"no\" style=\"border: none;\"><\/iframe>\n\n<style>\n  @media screen and (min-width: 768px) and (max-width: 1200px) {\n    #miIframe {\n      height: 2400px;\n    }\n  }\n  @media screen and (min-width: 1201px) {\n    #miIframe {\n      height: 1800px;\n    }\n  }\n  @media screen and (max-width: 767px) {\n    #miIframe {\n      height: 3400px;\n    }\n  }\n<\/style>\n\t\t\t\t\t\t<\/div>\n\t\t\t\t<\/div>\n\t\t\t\t\t<\/div>\n\t\t<\/div>\n\t\t\t\t\t\t\t<\/div>\n\t\t<\/section>\n\t\t\t\t\t\t<\/div>\n\t\t\t\t\t<\/div>\n\t\t","protected":false},"excerpt":{"rendered":"<p>Estad\u00edsticas de Hu\u00e1nuco<\/p>\n","protected":false},"author":1,"featured_media":0,"parent":0,"menu_order":0,"comment_status":"closed","ping_status":"closed","template":"","meta":[],"yoast_head":"<!-- This site is optimized with the Yoast SEO plugin v18.3 - https:\/\/yoast.com\/wordpress\/plugins\/seo\/ -->\n<title>Estad\u00edsticas | SIAR Hu\u00e1nuco<\/title>\n<meta name=\"robots\" content=\"index, follow, max-snippet:-1, max-image-preview:large, max-video-preview:-1\" \/>\n<link rel=\"canonical\" href=\"https:\/\/siar.minam.gob.pe\/huanuco\/estadisticas\/\" \/>\n<meta property=\"og:locale\" content=\"es_ES\" \/>\n<meta property=\"og:type\" content=\"article\" \/>\n<meta property=\"og:title\" content=\"Estad\u00edsticas | SIAR Hu\u00e1nuco\" \/>\n<meta property=\"og:description\" content=\"Estad\u00edsticas de Hu\u00e1nuco\" \/>\n<meta property=\"og:url\" content=\"https:\/\/siar.minam.gob.pe\/huanuco\/estadisticas\/\" \/>\n<meta property=\"og:site_name\" content=\"SIAR Hu\u00e1nuco\" \/>\n<meta property=\"article:modified_time\" content=\"2024-01-16T15:01:08+00:00\" \/>\n<meta name=\"twitter:card\" content=\"summary_large_image\" \/>\n<meta name=\"twitter:label1\" content=\"Tiempo de lectura\" \/>\n\t<meta name=\"twitter:data1\" content=\"1 minuto\" \/>\n<script type=\"application\/ld+json\" class=\"yoast-schema-graph\">{\"@context\":\"https:\/\/schema.org\",\"@graph\":[{\"@type\":\"Organization\",\"@id\":\"https:\/\/siar.minam.gob.pe\/huanuco\/#organization\",\"name\":\"SIAR Hu\u00e1nuco\",\"url\":\"https:\/\/siar.minam.gob.pe\/huanuco\/\",\"sameAs\":[],\"logo\":{\"@type\":\"ImageObject\",\"@id\":\"https:\/\/siar.minam.gob.pe\/huanuco\/#logo\",\"inLanguage\":\"es\",\"url\":\"https:\/\/siar.minam.gob.pe\/huanuco\/wp-content\/uploads\/2022\/02\/cropped-logo-SIAR_1.png\",\"contentUrl\":\"https:\/\/siar.minam.gob.pe\/huanuco\/wp-content\/uploads\/2022\/02\/cropped-logo-SIAR_1.png\",\"width\":864,\"height\":316,\"caption\":\"SIAR Hu\u00e1nuco\"},\"image\":{\"@id\":\"https:\/\/siar.minam.gob.pe\/huanuco\/#logo\"}},{\"@type\":\"WebSite\",\"@id\":\"https:\/\/siar.minam.gob.pe\/huanuco\/#website\",\"url\":\"https:\/\/siar.minam.gob.pe\/huanuco\/\",\"name\":\"SIAR Hu\u00e1nuco\",\"description\":\"SIAR Hu\u00e1nuco\",\"publisher\":{\"@id\":\"https:\/\/siar.minam.gob.pe\/huanuco\/#organization\"},\"potentialAction\":[{\"@type\":\"SearchAction\",\"target\":{\"@type\":\"EntryPoint\",\"urlTemplate\":\"https:\/\/siar.minam.gob.pe\/huanuco\/?s={search_term_string}\"},\"query-input\":\"required name=search_term_string\"}],\"inLanguage\":\"es\"},{\"@type\":\"WebPage\",\"@id\":\"https:\/\/siar.minam.gob.pe\/huanuco\/estadisticas\/#webpage\",\"url\":\"https:\/\/siar.minam.gob.pe\/huanuco\/estadisticas\/\",\"name\":\"Estad\u00edsticas | SIAR Hu\u00e1nuco\",\"isPartOf\":{\"@id\":\"https:\/\/siar.minam.gob.pe\/huanuco\/#website\"},\"datePublished\":\"2022-02-18T20:22:58+00:00\",\"dateModified\":\"2024-01-16T15:01:08+00:00\",\"breadcrumb\":{\"@id\":\"https:\/\/siar.minam.gob.pe\/huanuco\/estadisticas\/#breadcrumb\"},\"inLanguage\":\"es\",\"potentialAction\":[{\"@type\":\"ReadAction\",\"target\":[\"https:\/\/siar.minam.gob.pe\/huanuco\/estadisticas\/\"]}]},{\"@type\":\"BreadcrumbList\",\"@id\":\"https:\/\/siar.minam.gob.pe\/huanuco\/estadisticas\/#breadcrumb\",\"itemListElement\":[{\"@type\":\"ListItem\",\"position\":1,\"name\":\"Inicio\",\"item\":\"https:\/\/siar.minam.gob.pe\/huanuco\/\"},{\"@type\":\"ListItem\",\"position\":2,\"name\":\"Estad\u00edsticas\"}]}]}<\/script>\n<!-- \/ Yoast SEO plugin. -->","yoast_head_json":{"title":"Estad\u00edsticas | SIAR Hu\u00e1nuco","robots":{"index":"index","follow":"follow","max-snippet":"max-snippet:-1","max-image-preview":"max-image-preview:large","max-video-preview":"max-video-preview:-1"},"canonical":"https:\/\/siar.minam.gob.pe\/huanuco\/estadisticas\/","og_locale":"es_ES","og_type":"article","og_title":"Estad\u00edsticas | SIAR Hu\u00e1nuco","og_description":"Estad\u00edsticas de Hu\u00e1nuco","og_url":"https:\/\/siar.minam.gob.pe\/huanuco\/estadisticas\/","og_site_name":"SIAR Hu\u00e1nuco","article_modified_time":"2024-01-16T15:01:08+00:00","twitter_card":"summary_large_image","twitter_misc":{"Tiempo de lectura":"1 minuto"},"schema":{"@context":"https:\/\/schema.org","@graph":[{"@type":"Organization","@id":"https:\/\/siar.minam.gob.pe\/huanuco\/#organization","name":"SIAR Hu\u00e1nuco","url":"https:\/\/siar.minam.gob.pe\/huanuco\/","sameAs":[],"logo":{"@type":"ImageObject","@id":"https:\/\/siar.minam.gob.pe\/huanuco\/#logo","inLanguage":"es","url":"https:\/\/siar.minam.gob.pe\/huanuco\/wp-content\/uploads\/2022\/02\/cropped-logo-SIAR_1.png","contentUrl":"https:\/\/siar.minam.gob.pe\/huanuco\/wp-content\/uploads\/2022\/02\/cropped-logo-SIAR_1.png","width":864,"height":316,"caption":"SIAR Hu\u00e1nuco"},"image":{"@id":"https:\/\/siar.minam.gob.pe\/huanuco\/#logo"}},{"@type":"WebSite","@id":"https:\/\/siar.minam.gob.pe\/huanuco\/#website","url":"https:\/\/siar.minam.gob.pe\/huanuco\/","name":"SIAR Hu\u00e1nuco","description":"SIAR Hu\u00e1nuco","publisher":{"@id":"https:\/\/siar.minam.gob.pe\/huanuco\/#organization"},"potentialAction":[{"@type":"SearchAction","target":{"@type":"EntryPoint","urlTemplate":"https:\/\/siar.minam.gob.pe\/huanuco\/?s={search_term_string}"},"query-input":"required name=search_term_string"}],"inLanguage":"es"},{"@type":"WebPage","@id":"https:\/\/siar.minam.gob.pe\/huanuco\/estadisticas\/#webpage","url":"https:\/\/siar.minam.gob.pe\/huanuco\/estadisticas\/","name":"Estad\u00edsticas | SIAR Hu\u00e1nuco","isPartOf":{"@id":"https:\/\/siar.minam.gob.pe\/huanuco\/#website"},"datePublished":"2022-02-18T20:22:58+00:00","dateModified":"2024-01-16T15:01:08+00:00","breadcrumb":{"@id":"https:\/\/siar.minam.gob.pe\/huanuco\/estadisticas\/#breadcrumb"},"inLanguage":"es","potentialAction":[{"@type":"ReadAction","target":["https:\/\/siar.minam.gob.pe\/huanuco\/estadisticas\/"]}]},{"@type":"BreadcrumbList","@id":"https:\/\/siar.minam.gob.pe\/huanuco\/estadisticas\/#breadcrumb","itemListElement":[{"@type":"ListItem","position":1,"name":"Inicio","item":"https:\/\/siar.minam.gob.pe\/huanuco\/"},{"@type":"ListItem","position":2,"name":"Estad\u00edsticas"}]}]}},"_links":{"self":[{"href":"https:\/\/siar.minam.gob.pe\/huanuco\/wp-json\/wp\/v2\/pages\/1004"}],"collection":[{"href":"https:\/\/siar.minam.gob.pe\/huanuco\/wp-json\/wp\/v2\/pages"}],"about":[{"href":"https:\/\/siar.minam.gob.pe\/huanuco\/wp-json\/wp\/v2\/types\/page"}],"author":[{"embeddable":true,"href":"https:\/\/siar.minam.gob.pe\/huanuco\/wp-json\/wp\/v2\/users\/1"}],"replies":[{"embeddable":true,"href":"https:\/\/siar.minam.gob.pe\/huanuco\/wp-json\/wp\/v2\/comments?post=1004"}],"version-history":[{"count":44,"href":"https:\/\/siar.minam.gob.pe\/huanuco\/wp-json\/wp\/v2\/pages\/1004\/revisions"}],"predecessor-version":[{"id":4431,"href":"https:\/\/siar.minam.gob.pe\/huanuco\/wp-json\/wp\/v2\/pages\/1004\/revisions\/4431"}],"wp:attachment":[{"href":"https:\/\/siar.minam.gob.pe\/huanuco\/wp-json\/wp\/v2\/media?parent=1004"}],"curies":[{"name":"wp","href":"https:\/\/api.w.org\/{rel}","templated":true}]}}