{"id":3718,"date":"2023-08-11T21:36:11","date_gmt":"2023-08-12T02:36:11","guid":{"rendered":"http:\/\/192.168.30.195\/siarcusco\/?page_id=3718"},"modified":"2024-01-16T09:30:08","modified_gmt":"2024-01-16T14:30:08","slug":"estadisticas","status":"publish","type":"page","link":"https:\/\/siar.minam.gob.pe\/cusco\/estadisticas\/","title":{"rendered":"Estad\u00edsticas Regionales"},"content":{"rendered":"\t\t<div data-elementor-type=\"wp-page\" data-elementor-id=\"3718\" class=\"elementor elementor-3718\" data-elementor-settings=\"[]\">\n\t\t\t\t\t\t\t<div class=\"elementor-section-wrap\">\n\t\t\t\t\t\t\t<section class=\"elementor-section elementor-top-section elementor-element elementor-element-54c312b elementor-section-height-min-height elementor-section-boxed elementor-section-height-default elementor-section-items-middle\" data-id=\"54c312b\" data-element_type=\"section\" data-settings=\"{&quot;background_background&quot;:&quot;classic&quot;}\">\n\t\t\t\t\t\t\t<div class=\"elementor-background-overlay\"><\/div>\n\t\t\t\t\t\t\t<div class=\"elementor-container elementor-column-gap-default\">\n\t\t\t\t\t<div class=\"elementor-column elementor-col-100 elementor-top-column elementor-element elementor-element-fd54dd6\" data-id=\"fd54dd6\" data-element_type=\"column\">\n\t\t\t<div class=\"elementor-widget-wrap elementor-element-populated\">\n\t\t\t\t\t\t\t\t<div class=\"elementor-element elementor-element-2abe7e0 elementor-widget elementor-widget-heading\" data-id=\"2abe7e0\" data-element_type=\"widget\" data-widget_type=\"heading.default\">\n\t\t\t\t<div class=\"elementor-widget-container\">\n\t\t\t<h3 class=\"elementor-heading-title elementor-size-default\">Estad\u00edsticas<\/h3>\t\t<\/div>\n\t\t\t\t<\/div>\n\t\t\t\t<div class=\"elementor-element elementor-element-6de818a elementor-icon-list--layout-inline elementor-align-center elementor-list-item-link-full_width elementor-widget elementor-widget-icon-list\" data-id=\"6de818a\" data-element_type=\"widget\" data-widget_type=\"icon-list.default\">\n\t\t\t\t<div class=\"elementor-widget-container\">\n\t\t\t\t\t<ul class=\"elementor-icon-list-items elementor-inline-items\">\n\t\t\t\t\t\t\t<li class=\"elementor-icon-list-item elementor-inline-item\">\n\t\t\t\t\t\t\t\t\t\t\t<a href=\"https:\/\/siar.minam.gob.pe\/cusco\/\">\n\n\t\t\t\t\t\t\t\t\t\t\t<span class=\"elementor-icon-list-text\">Inicio<\/span>\n\t\t\t\t\t\t\t\t\t\t\t<\/a>\n\t\t\t\t\t\t\t\t\t<\/li>\n\t\t\t\t\t\t\t\t<li class=\"elementor-icon-list-item elementor-inline-item\">\n\t\t\t\t\t\t\t\t\t\t\t<span class=\"elementor-icon-list-icon\">\n\t\t\t\t\t\t\t<i aria-hidden=\"true\" class=\"fas fa-angle-right\"><\/i>\t\t\t\t\t\t<\/span>\n\t\t\t\t\t\t\t\t\t\t<span class=\"elementor-icon-list-text\">Estad\u00edsticas<\/span>\n\t\t\t\t\t\t\t\t\t<\/li>\n\t\t\t\t\t\t<\/ul>\n\t\t\t\t<\/div>\n\t\t\t\t<\/div>\n\t\t\t\t\t<\/div>\n\t\t<\/div>\n\t\t\t\t\t\t\t<\/div>\n\t\t<\/section>\n\t\t\t\t<section class=\"elementor-section elementor-top-section elementor-element elementor-element-a4c1759 elementor-section-boxed elementor-section-height-default elementor-section-height-default\" data-id=\"a4c1759\" data-element_type=\"section\">\n\t\t\t\t\t\t<div class=\"elementor-container elementor-column-gap-default\">\n\t\t\t\t\t<div class=\"elementor-column elementor-col-100 elementor-top-column elementor-element elementor-element-4c11618\" data-id=\"4c11618\" data-element_type=\"column\">\n\t\t\t<div class=\"elementor-widget-wrap elementor-element-populated\">\n\t\t\t\t\t\t\t\t<div class=\"elementor-element elementor-element-9f7d6b3 elementor-widget elementor-widget-spacer\" data-id=\"9f7d6b3\" data-element_type=\"widget\" data-widget_type=\"spacer.default\">\n\t\t\t\t<div class=\"elementor-widget-container\">\n\t\t\t\t\t<div class=\"elementor-spacer\">\n\t\t\t<div class=\"elementor-spacer-inner\"><\/div>\n\t\t<\/div>\n\t\t\t\t<\/div>\n\t\t\t\t<\/div>\n\t\t\t\t<div class=\"elementor-element elementor-element-8b17ae3 elementor-widget elementor-widget-heading\" data-id=\"8b17ae3\" data-element_type=\"widget\" data-widget_type=\"heading.default\">\n\t\t\t\t<div class=\"elementor-widget-container\">\n\t\t\t<h3 class=\"elementor-heading-title elementor-size-default\">Estad\u00edsticas de Cusco<\/h3>\t\t<\/div>\n\t\t\t\t<\/div>\n\t\t\t\t<div class=\"elementor-element elementor-element-a221825 elementor-widget-divider--view-line elementor-widget elementor-widget-divider\" data-id=\"a221825\" data-element_type=\"widget\" data-widget_type=\"divider.default\">\n\t\t\t\t<div class=\"elementor-widget-container\">\n\t\t\t\t\t<div class=\"elementor-divider\">\n\t\t\t<span class=\"elementor-divider-separator\">\n\t\t\t\t\t\t<\/span>\n\t\t<\/div>\n\t\t\t\t<\/div>\n\t\t\t\t<\/div>\n\t\t\t\t<div class=\"elementor-element elementor-element-0bea8fb elementor-widget elementor-widget-spacer\" data-id=\"0bea8fb\" data-element_type=\"widget\" data-widget_type=\"spacer.default\">\n\t\t\t\t<div class=\"elementor-widget-container\">\n\t\t\t\t\t<div class=\"elementor-spacer\">\n\t\t\t<div class=\"elementor-spacer-inner\"><\/div>\n\t\t<\/div>\n\t\t\t\t<\/div>\n\t\t\t\t<\/div>\n\t\t\t\t\t<\/div>\n\t\t<\/div>\n\t\t\t\t\t\t\t<\/div>\n\t\t<\/section>\n\t\t\t\t<section class=\"elementor-section elementor-top-section elementor-element elementor-element-0130e49 elementor-section-boxed elementor-section-height-default elementor-section-height-default\" data-id=\"0130e49\" data-element_type=\"section\">\n\t\t\t\t\t\t<div class=\"elementor-container elementor-column-gap-default\">\n\t\t\t\t\t<div class=\"elementor-column elementor-col-100 elementor-top-column elementor-element elementor-element-df436eb\" data-id=\"df436eb\" data-element_type=\"column\">\n\t\t\t<div class=\"elementor-widget-wrap elementor-element-populated\">\n\t\t\t\t\t\t\t\t<div class=\"elementor-element elementor-element-fe2cfec elementor-widget elementor-widget-html\" data-id=\"fe2cfec\" data-element_type=\"widget\" data-widget_type=\"html.default\">\n\t\t\t\t<div class=\"elementor-widget-container\">\n\t\t\t<iframe id=\"miIframe\" src=\"https:\/\/sinia-indicadores.web.app\/#\/estadisticas?region=08\" width=\"100%\" scrolling=\"no\" style=\"border: none;\"><\/iframe>\r\n\r\n<style>\r\n  @media screen and (min-width: 768px) and (max-width: 1200px) {\r\n    #miIframe {\r\n      height: 2400px;\r\n    }\r\n  }\r\n  @media screen and (min-width: 1201px) {\r\n    #miIframe {\r\n      height: 1800px;\r\n    }\r\n  }\r\n  @media screen and (max-width: 767px) {\r\n    #miIframe {\r\n      height: 3400px;\r\n    }\r\n  }\r\n<\/style>\r\n\t\t<\/div>\n\t\t\t\t<\/div>\n\t\t\t\t\t<\/div>\n\t\t<\/div>\n\t\t\t\t\t\t\t<\/div>\n\t\t<\/section>\n\t\t\t\t\t\t<\/div>\n\t\t\t\t\t<\/div>\n\t\t","protected":false},"excerpt":{"rendered":"<p>Estad\u00edsticas Inicio Estad\u00edsticas Estad\u00edsticas de Cusco<\/p>\n","protected":false},"author":1,"featured_media":0,"parent":0,"menu_order":0,"comment_status":"closed","ping_status":"closed","template":"","meta":[],"yoast_head":"<!-- This site is optimized with the Yoast SEO plugin v18.3 - https:\/\/yoast.com\/wordpress\/plugins\/seo\/ -->\n<title>Estad\u00edsticas Regionales | SIAR Cusco<\/title>\n<meta name=\"robots\" content=\"index, follow, max-snippet:-1, max-image-preview:large, max-video-preview:-1\" \/>\n<link rel=\"canonical\" href=\"https:\/\/siar.minam.gob.pe\/cusco\/estadisticas\/\" \/>\n<meta property=\"og:locale\" content=\"es_ES\" \/>\n<meta property=\"og:type\" content=\"article\" \/>\n<meta property=\"og:title\" content=\"Estad\u00edsticas Regionales | SIAR Cusco\" \/>\n<meta property=\"og:description\" content=\"Estad\u00edsticas Inicio Estad\u00edsticas Estad\u00edsticas de Cusco\" \/>\n<meta property=\"og:url\" content=\"https:\/\/siar.minam.gob.pe\/cusco\/estadisticas\/\" \/>\n<meta property=\"og:site_name\" content=\"SIAR Cusco\" \/>\n<meta property=\"article:modified_time\" content=\"2024-01-16T14:30:08+00:00\" \/>\n<meta name=\"twitter:card\" content=\"summary_large_image\" \/>\n<meta name=\"twitter:label1\" content=\"Tiempo de lectura\" \/>\n\t<meta name=\"twitter:data1\" content=\"1 minuto\" \/>\n<script type=\"application\/ld+json\" class=\"yoast-schema-graph\">{\"@context\":\"https:\/\/schema.org\",\"@graph\":[{\"@type\":\"Organization\",\"@id\":\"https:\/\/siar.minam.gob.pe\/cusco\/#organization\",\"name\":\"SIAR Cusco\",\"url\":\"https:\/\/siar.minam.gob.pe\/cusco\/\",\"sameAs\":[],\"logo\":{\"@type\":\"ImageObject\",\"@id\":\"https:\/\/siar.minam.gob.pe\/cusco\/#logo\",\"inLanguage\":\"es\",\"url\":\"https:\/\/siar.minam.gob.pe\/cusco\/wp-content\/uploads\/2023\/09\/cropped-cropped-logo-SIAR_1.png\",\"contentUrl\":\"https:\/\/siar.minam.gob.pe\/cusco\/wp-content\/uploads\/2023\/09\/cropped-cropped-logo-SIAR_1.png\",\"width\":864,\"height\":316,\"caption\":\"SIAR Cusco\"},\"image\":{\"@id\":\"https:\/\/siar.minam.gob.pe\/cusco\/#logo\"}},{\"@type\":\"WebSite\",\"@id\":\"https:\/\/siar.minam.gob.pe\/cusco\/#website\",\"url\":\"https:\/\/siar.minam.gob.pe\/cusco\/\",\"name\":\"SIAR Cusco\",\"description\":\"SIAR CUSCO\",\"publisher\":{\"@id\":\"https:\/\/siar.minam.gob.pe\/cusco\/#organization\"},\"potentialAction\":[{\"@type\":\"SearchAction\",\"target\":{\"@type\":\"EntryPoint\",\"urlTemplate\":\"https:\/\/siar.minam.gob.pe\/cusco\/?s={search_term_string}\"},\"query-input\":\"required name=search_term_string\"}],\"inLanguage\":\"es\"},{\"@type\":\"WebPage\",\"@id\":\"https:\/\/siar.minam.gob.pe\/cusco\/estadisticas\/#webpage\",\"url\":\"https:\/\/siar.minam.gob.pe\/cusco\/estadisticas\/\",\"name\":\"Estad\u00edsticas Regionales | SIAR Cusco\",\"isPartOf\":{\"@id\":\"https:\/\/siar.minam.gob.pe\/cusco\/#website\"},\"datePublished\":\"2023-08-12T02:36:11+00:00\",\"dateModified\":\"2024-01-16T14:30:08+00:00\",\"breadcrumb\":{\"@id\":\"https:\/\/siar.minam.gob.pe\/cusco\/estadisticas\/#breadcrumb\"},\"inLanguage\":\"es\",\"potentialAction\":[{\"@type\":\"ReadAction\",\"target\":[\"https:\/\/siar.minam.gob.pe\/cusco\/estadisticas\/\"]}]},{\"@type\":\"BreadcrumbList\",\"@id\":\"https:\/\/siar.minam.gob.pe\/cusco\/estadisticas\/#breadcrumb\",\"itemListElement\":[{\"@type\":\"ListItem\",\"position\":1,\"name\":\"Inicio\",\"item\":\"https:\/\/siar.minam.gob.pe\/cusco\/\"},{\"@type\":\"ListItem\",\"position\":2,\"name\":\"Estad\u00edsticas Regionales\"}]}]}<\/script>\n<!-- \/ Yoast SEO plugin. -->","yoast_head_json":{"title":"Estad\u00edsticas Regionales | SIAR Cusco","robots":{"index":"index","follow":"follow","max-snippet":"max-snippet:-1","max-image-preview":"max-image-preview:large","max-video-preview":"max-video-preview:-1"},"canonical":"https:\/\/siar.minam.gob.pe\/cusco\/estadisticas\/","og_locale":"es_ES","og_type":"article","og_title":"Estad\u00edsticas Regionales | SIAR Cusco","og_description":"Estad\u00edsticas Inicio Estad\u00edsticas Estad\u00edsticas de Cusco","og_url":"https:\/\/siar.minam.gob.pe\/cusco\/estadisticas\/","og_site_name":"SIAR Cusco","article_modified_time":"2024-01-16T14:30:08+00:00","twitter_card":"summary_large_image","twitter_misc":{"Tiempo de lectura":"1 minuto"},"schema":{"@context":"https:\/\/schema.org","@graph":[{"@type":"Organization","@id":"https:\/\/siar.minam.gob.pe\/cusco\/#organization","name":"SIAR Cusco","url":"https:\/\/siar.minam.gob.pe\/cusco\/","sameAs":[],"logo":{"@type":"ImageObject","@id":"https:\/\/siar.minam.gob.pe\/cusco\/#logo","inLanguage":"es","url":"https:\/\/siar.minam.gob.pe\/cusco\/wp-content\/uploads\/2023\/09\/cropped-cropped-logo-SIAR_1.png","contentUrl":"https:\/\/siar.minam.gob.pe\/cusco\/wp-content\/uploads\/2023\/09\/cropped-cropped-logo-SIAR_1.png","width":864,"height":316,"caption":"SIAR Cusco"},"image":{"@id":"https:\/\/siar.minam.gob.pe\/cusco\/#logo"}},{"@type":"WebSite","@id":"https:\/\/siar.minam.gob.pe\/cusco\/#website","url":"https:\/\/siar.minam.gob.pe\/cusco\/","name":"SIAR Cusco","description":"SIAR CUSCO","publisher":{"@id":"https:\/\/siar.minam.gob.pe\/cusco\/#organization"},"potentialAction":[{"@type":"SearchAction","target":{"@type":"EntryPoint","urlTemplate":"https:\/\/siar.minam.gob.pe\/cusco\/?s={search_term_string}"},"query-input":"required name=search_term_string"}],"inLanguage":"es"},{"@type":"WebPage","@id":"https:\/\/siar.minam.gob.pe\/cusco\/estadisticas\/#webpage","url":"https:\/\/siar.minam.gob.pe\/cusco\/estadisticas\/","name":"Estad\u00edsticas Regionales | SIAR Cusco","isPartOf":{"@id":"https:\/\/siar.minam.gob.pe\/cusco\/#website"},"datePublished":"2023-08-12T02:36:11+00:00","dateModified":"2024-01-16T14:30:08+00:00","breadcrumb":{"@id":"https:\/\/siar.minam.gob.pe\/cusco\/estadisticas\/#breadcrumb"},"inLanguage":"es","potentialAction":[{"@type":"ReadAction","target":["https:\/\/siar.minam.gob.pe\/cusco\/estadisticas\/"]}]},{"@type":"BreadcrumbList","@id":"https:\/\/siar.minam.gob.pe\/cusco\/estadisticas\/#breadcrumb","itemListElement":[{"@type":"ListItem","position":1,"name":"Inicio","item":"https:\/\/siar.minam.gob.pe\/cusco\/"},{"@type":"ListItem","position":2,"name":"Estad\u00edsticas Regionales"}]}]}},"_links":{"self":[{"href":"https:\/\/siar.minam.gob.pe\/cusco\/wp-json\/wp\/v2\/pages\/3718"}],"collection":[{"href":"https:\/\/siar.minam.gob.pe\/cusco\/wp-json\/wp\/v2\/pages"}],"about":[{"href":"https:\/\/siar.minam.gob.pe\/cusco\/wp-json\/wp\/v2\/types\/page"}],"author":[{"embeddable":true,"href":"https:\/\/siar.minam.gob.pe\/cusco\/wp-json\/wp\/v2\/users\/1"}],"replies":[{"embeddable":true,"href":"https:\/\/siar.minam.gob.pe\/cusco\/wp-json\/wp\/v2\/comments?post=3718"}],"version-history":[{"count":50,"href":"https:\/\/siar.minam.gob.pe\/cusco\/wp-json\/wp\/v2\/pages\/3718\/revisions"}],"predecessor-version":[{"id":4211,"href":"https:\/\/siar.minam.gob.pe\/cusco\/wp-json\/wp\/v2\/pages\/3718\/revisions\/4211"}],"wp:attachment":[{"href":"https:\/\/siar.minam.gob.pe\/cusco\/wp-json\/wp\/v2\/media?parent=3718"}],"curies":[{"name":"wp","href":"https:\/\/api.w.org\/{rel}","templated":true}]}}